{"id":13315,"date":"2023-06-18T15:59:43","date_gmt":"2023-06-18T15:59:43","guid":{"rendered":"https:\/\/members.equideo.fr\/?post_type=product&#038;p=13315"},"modified":"2024-12-13T11:48:16","modified_gmt":"2024-12-13T11:48:16","slug":"reserver-sarah-fricoteaux-demo-conference-stages-travail-des-chevaux-etc","status":"publish","type":"product","link":"https:\/\/equideo.fr\/en\/product\/reserver-sarah-fricoteaux-demo-conference-stages-travail-des-chevaux-etc","title":{"rendered":"Book Sarah Fricoteaux: demo, conference, workshops, horse training, etc."},"content":{"rendered":"<p>From half a day, a full day, or more, book my services at your location, on your premises, for various events and services:<\/p>\n<h2>1. You wish to organize an internship:<\/h2>\n<h3><a href=\"https:\/\/drive.google.com\/file\/d\/15LZPAdBDq_P1UQxpWUwDhJU8cI1f5hfc\/view?usp=drive_link\">READ THE DETAILED FORM HERE\u00a0<\/a><\/h3>\n<p><img fetchpriority=\"high\" decoding=\"async\" class=\"wp-image-13271 aligncenter\" src=\"https:\/\/members.equideo.fr\/wp-content\/uploads\/2022\/03\/Stage2-300x225.jpeg\" alt=\"\" width=\"387\" height=\"290\" srcset=\"https:\/\/equideo.fr\/wp-content\/uploads\/2022\/03\/Stage2-300x225.jpeg 300w, https:\/\/equideo.fr\/wp-content\/uploads\/2022\/03\/Stage2.jpeg 572w\" sizes=\"(max-width: 387px) 100vw, 387px\" \/><\/p>\n<h2>2. Do you want to organize courses, themed workshops, a conference, a demonstration in your stable?<\/h2>\n<p><img decoding=\"async\" class=\"wp-image-13089 aligncenter\" src=\"https:\/\/members.equideo.fr\/wp-content\/uploads\/2023\/05\/IMG_0362-300x206.jpg\" alt=\"\" width=\"414\" height=\"284\" srcset=\"https:\/\/equideo.fr\/wp-content\/uploads\/2023\/05\/IMG_0362-300x206.jpg 300w, https:\/\/equideo.fr\/wp-content\/uploads\/2023\/05\/IMG_0362-1024x702.jpg 1024w, https:\/\/equideo.fr\/wp-content\/uploads\/2023\/05\/IMG_0362-768x526.jpg 768w, https:\/\/equideo.fr\/wp-content\/uploads\/2023\/05\/IMG_0362-1536x1053.jpg 1536w, https:\/\/equideo.fr\/wp-content\/uploads\/2023\/05\/IMG_0362-2048x1404.jpg 2048w, https:\/\/equideo.fr\/wp-content\/uploads\/2023\/05\/IMG_0362-600x411.jpg 600w\" sizes=\"(max-width: 414px) 100vw, 414px\" \/><\/p>\n<h2>3. Would you like me to come and train several horses, foals at your place for a day or more?<\/h2>\n<p>The perfect opportunity to discover the right strategies, understand what it means to train with psychology, develop new skills for your horse and learn by watching your instructor practice.<\/p>\n<p>&nbsp;<\/p>\n<p>This is where it&#039;s happening!<\/p>\n<p>&nbsp;<\/p>\n<p>Please contact me beforehand by email at contact@equideo.fr or by phone at +33 6 78 34 92 70 to arrange your ride and let me know your preferences. Then, reserve your desired duration and select your travel expenses. We will work together to determine the most cost-effective transportation option for you if the distance exceeds 100km.<\/p>\n<p>&nbsp;<\/p>\n<h4>In practice:<\/h4>\n<ul>\n<li>I am available for 4 full hours for a half-day booking (\u20ac700 excluding VAT), or 8 full hours for a full-day booking (\u20ac1250 excluding VAT). Please note: VAT for coaching\/teaching is 5.51%. Lunch is provided by the organizer for bookings of one day or more. For distances over 200 km, the organizer will arrange accommodation (at their home, a bed and breakfast, a hotel, etc.). I do not have any specific dietary requirements.<\/li>\n<\/ul>\n<p>&nbsp;<\/p>\n<ul>\n<li>I travel with all the necessary teaching equipment (halters, ropes, lasso, sticks, headset microphone, speaker, etc.) upon request, at no extra charge. Let me know your requirements.<\/li>\n<\/ul>\n<p>&nbsp;<\/p>\n<h3>Bookings for training courses, events, etc. can be made by email to contact@equideo.fr<\/h3>\n<h3>The detailed Equideo event organization assistance form to involve Sarah Fricoteaux can be found at the top of this text.<\/h3>","protected":false},"excerpt":{"rendered":"<p>A partir d&#8217;une 1\/2 journ\u00e9e, d&#8217;une journ\u00e9e, ou plus, r\u00e9servez ma venue chez vous, sur vos installations, pour diff\u00e9rentes organisations et prestations : 1. Vous souhaitez organiser un stage : LISEZ ICI LE FORMULAIRE DETAILLE\u00a0 2. Vous souhaitez organiser des cours, des ateliers \u00e0 th\u00e8me, une conf\u00e9rence, une d\u00e9monstration dans votre \u00e9curie ? 3. Vous [&hellip;]<\/p>\n","protected":false},"featured_media":12446,"template":"","meta":{"ocean_post_layout":"","ocean_both_sidebars_style":"","ocean_both_sidebars_content_width":0,"ocean_both_sidebars_sidebars_width":0,"ocean_sidebar":"0","ocean_second_sidebar":"0","ocean_disable_margins":"enable","ocean_add_body_class":"","ocean_shortcode_before_top_bar":"","ocean_shortcode_after_top_bar":"","ocean_shortcode_before_header":"","ocean_shortcode_after_header":"","ocean_has_shortcode":"","ocean_shortcode_after_title":"","ocean_shortcode_before_footer_widgets":"","ocean_shortcode_after_footer_widgets":"","ocean_shortcode_before_footer_bottom":"","ocean_shortcode_after_footer_bottom":"","ocean_display_top_bar":"default","ocean_display_header":"default","ocean_header_style":"","ocean_center_header_left_menu":"0","ocean_custom_header_template":"0","ocean_custom_logo":0,"ocean_custom_retina_logo":0,"ocean_custom_logo_max_width":0,"ocean_custom_logo_tablet_max_width":0,"ocean_custom_logo_mobile_max_width":0,"ocean_custom_logo_max_height":0,"ocean_custom_logo_tablet_max_height":0,"ocean_custom_logo_mobile_max_height":0,"ocean_header_custom_menu":"0","ocean_menu_typo_font_family":"0","ocean_menu_typo_font_subset":"","ocean_menu_typo_font_size":0,"ocean_menu_typo_font_size_tablet":0,"ocean_menu_typo_font_size_mobile":0,"ocean_menu_typo_font_size_unit":"px","ocean_menu_typo_font_weight":"","ocean_menu_typo_font_weight_tablet":"","ocean_menu_typo_font_weight_mobile":"","ocean_menu_typo_transform":"","ocean_menu_typo_transform_tablet":"","ocean_menu_typo_transform_mobile":"","ocean_menu_typo_line_height":0,"ocean_menu_typo_line_height_tablet":0,"ocean_menu_typo_line_height_mobile":0,"ocean_menu_typo_line_height_unit":"","ocean_menu_typo_spacing":0,"ocean_menu_typo_spacing_tablet":0,"ocean_menu_typo_spacing_mobile":0,"ocean_menu_typo_spacing_unit":"","ocean_menu_link_color":"","ocean_menu_link_color_hover":"","ocean_menu_link_color_active":"","ocean_menu_link_background":"","ocean_menu_link_hover_background":"","ocean_menu_link_active_background":"","ocean_menu_social_links_bg":"","ocean_menu_social_hover_links_bg":"","ocean_menu_social_links_color":"","ocean_menu_social_hover_links_color":"","ocean_disable_title":"default","ocean_disable_heading":"default","ocean_post_title":"","ocean_post_subheading":"","ocean_post_title_style":"","ocean_post_title_background_color":"","ocean_post_title_background":0,"ocean_post_title_bg_image_position":"","ocean_post_title_bg_image_attachment":"","ocean_post_title_bg_image_repeat":"","ocean_post_title_bg_image_size":"","ocean_post_title_height":0,"ocean_post_title_bg_overlay":0.5,"ocean_post_title_bg_overlay_color":"","ocean_disable_breadcrumbs":"default","ocean_breadcrumbs_color":"","ocean_breadcrumbs_separator_color":"","ocean_breadcrumbs_links_color":"","ocean_breadcrumbs_links_hover_color":"","ocean_display_footer_widgets":"default","ocean_display_footer_bottom":"default","ocean_custom_footer_template":"0"},"product_brand":[],"product_cat":[21],"product_tag":[],"class_list":{"0":"post-13315","1":"product","2":"type-product","3":"status-publish","4":"has-post-thumbnail","6":"product_cat-travail-du-cheval","8":"entry","9":"has-media","11":"first","12":"instock","13":"taxable","14":"shipping-taxable","15":"purchasable","16":"product-type-simple","17":"has-product-nav","18":"col","19":"span_1_of_4","20":"owp-content-center","21":"owp-thumbs-layout-horizontal","22":"owp-btn-big","23":"owp-tabs-layout-horizontal","25":"circle-sale"},"yoast_head":"<!-- This site is optimized with the Yoast SEO plugin v27.5 - https:\/\/yoast.com\/product\/yoast-seo-wordpress\/ -->\n<title>R\u00e9server Sarah Fricoteaux : d\u00e9mo, conf\u00e9rence, stages, travail des chevaux, etc. -<\/title>\n<meta name=\"robots\" content=\"index, follow, max-snippet:-1, max-image-preview:large, max-video-preview:-1\" \/>\n<link rel=\"canonical\" href=\"https:\/\/equideo.fr\/en\/product\/reserver-sarah-fricoteaux-demo-conference-stages-travail-des-chevaux-etc\/\" \/>\n<meta property=\"og:locale\" content=\"en_US\" \/>\n<meta property=\"og:type\" content=\"article\" \/>\n<meta property=\"og:title\" content=\"R\u00e9server Sarah Fricoteaux : d\u00e9mo, conf\u00e9rence, stages, travail des chevaux, etc. -\" \/>\n<meta property=\"og:description\" content=\"A partir d&#8217;une 1\/2 journ\u00e9e, d&#8217;une journ\u00e9e, ou plus, r\u00e9servez ma venue chez vous, sur vos installations, pour diff\u00e9rentes organisations et prestations : 1. Vous souhaitez organiser un stage : LISEZ ICI LE FORMULAIRE DETAILLE\u00a0 2. Vous souhaitez organiser des cours, des ateliers \u00e0 th\u00e8me, une conf\u00e9rence, une d\u00e9monstration dans votre \u00e9curie ? 3. Vous [&hellip;]\" \/>\n<meta property=\"og:url\" content=\"https:\/\/equideo.fr\/en\/product\/reserver-sarah-fricoteaux-demo-conference-stages-travail-des-chevaux-etc\/\" \/>\n<meta property=\"article:publisher\" content=\"https:\/\/www.facebook.com\/centrededucationequideo\" \/>\n<meta property=\"article:modified_time\" content=\"2024-12-13T11:48:16+00:00\" \/>\n<meta property=\"og:image\" content=\"https:\/\/equideo.fr\/wp-content\/uploads\/2022\/08\/WhatsApp-Image-2022-05-22-at-18.56.08-1.jpeg\" \/>\n\t<meta property=\"og:image:width\" content=\"2048\" \/>\n\t<meta property=\"og:image:height\" content=\"1536\" \/>\n\t<meta property=\"og:image:type\" content=\"image\/jpeg\" \/>\n<meta name=\"twitter:card\" content=\"summary_large_image\" \/>\n<meta name=\"twitter:label1\" content=\"Est. reading time\" \/>\n\t<meta name=\"twitter:data1\" content=\"3 minutes\" \/>\n<script type=\"application\/ld+json\" class=\"yoast-schema-graph\">{\"@context\":\"https:\\\/\\\/schema.org\",\"@graph\":[{\"@type\":\"WebPage\",\"@id\":\"https:\\\/\\\/equideo.fr\\\/produit\\\/reserver-sarah-fricoteaux-demo-conference-stages-travail-des-chevaux-etc\",\"url\":\"https:\\\/\\\/equideo.fr\\\/produit\\\/reserver-sarah-fricoteaux-demo-conference-stages-travail-des-chevaux-etc\",\"name\":\"R\u00e9server Sarah Fricoteaux : d\u00e9mo, conf\u00e9rence, stages, travail des chevaux, etc. -\",\"isPartOf\":{\"@id\":\"https:\\\/\\\/equideo.fr\\\/#website\"},\"primaryImageOfPage\":{\"@id\":\"https:\\\/\\\/equideo.fr\\\/produit\\\/reserver-sarah-fricoteaux-demo-conference-stages-travail-des-chevaux-etc#primaryimage\"},\"image\":{\"@id\":\"https:\\\/\\\/equideo.fr\\\/produit\\\/reserver-sarah-fricoteaux-demo-conference-stages-travail-des-chevaux-etc#primaryimage\"},\"thumbnailUrl\":\"https:\\\/\\\/equideo.fr\\\/wp-content\\\/uploads\\\/2022\\\/08\\\/WhatsApp-Image-2022-05-22-at-18.56.08-1.jpeg\",\"datePublished\":\"2023-06-18T15:59:43+00:00\",\"dateModified\":\"2024-12-13T11:48:16+00:00\",\"breadcrumb\":{\"@id\":\"https:\\\/\\\/equideo.fr\\\/produit\\\/reserver-sarah-fricoteaux-demo-conference-stages-travail-des-chevaux-etc#breadcrumb\"},\"inLanguage\":\"en-US\",\"potentialAction\":[{\"@type\":\"ReadAction\",\"target\":[\"https:\\\/\\\/equideo.fr\\\/produit\\\/reserver-sarah-fricoteaux-demo-conference-stages-travail-des-chevaux-etc\"]}]},{\"@type\":\"ImageObject\",\"inLanguage\":\"en-US\",\"@id\":\"https:\\\/\\\/equideo.fr\\\/produit\\\/reserver-sarah-fricoteaux-demo-conference-stages-travail-des-chevaux-etc#primaryimage\",\"url\":\"https:\\\/\\\/equideo.fr\\\/wp-content\\\/uploads\\\/2022\\\/08\\\/WhatsApp-Image-2022-05-22-at-18.56.08-1.jpeg\",\"contentUrl\":\"https:\\\/\\\/equideo.fr\\\/wp-content\\\/uploads\\\/2022\\\/08\\\/WhatsApp-Image-2022-05-22-at-18.56.08-1.jpeg\",\"width\":2048,\"height\":1536},{\"@type\":\"BreadcrumbList\",\"@id\":\"https:\\\/\\\/equideo.fr\\\/produit\\\/reserver-sarah-fricoteaux-demo-conference-stages-travail-des-chevaux-etc#breadcrumb\",\"itemListElement\":[{\"@type\":\"ListItem\",\"position\":1,\"name\":\"Accueil\",\"item\":\"https:\\\/\\\/equideo.fr\\\/\"},{\"@type\":\"ListItem\",\"position\":2,\"name\":\"Liste Produits\",\"item\":\"https:\\\/\\\/equideo.fr\\\/?page_id=622\"},{\"@type\":\"ListItem\",\"position\":3,\"name\":\"R\u00e9server Sarah Fricoteaux : d\u00e9mo, conf\u00e9rence, stages, travail des chevaux, etc.\"}]},{\"@type\":\"WebSite\",\"@id\":\"https:\\\/\\\/equideo.fr\\\/#website\",\"url\":\"https:\\\/\\\/equideo.fr\\\/\",\"name\":\"Equideo.fr\",\"description\":\"Equideo, entra\u00eener avec psychologie\",\"publisher\":{\"@id\":\"https:\\\/\\\/equideo.fr\\\/#organization\"},\"alternateName\":\"Centre education Equideo\",\"potentialAction\":[{\"@type\":\"SearchAction\",\"target\":{\"@type\":\"EntryPoint\",\"urlTemplate\":\"https:\\\/\\\/equideo.fr\\\/?s={search_term_string}\"},\"query-input\":{\"@type\":\"PropertyValueSpecification\",\"valueRequired\":true,\"valueName\":\"search_term_string\"}}],\"inLanguage\":\"en-US\"},{\"@type\":\"Organization\",\"@id\":\"https:\\\/\\\/equideo.fr\\\/#organization\",\"name\":\"Equideo\",\"url\":\"https:\\\/\\\/equideo.fr\\\/\",\"logo\":{\"@type\":\"ImageObject\",\"inLanguage\":\"en-US\",\"@id\":\"https:\\\/\\\/equideo.fr\\\/#\\\/schema\\\/logo\\\/image\\\/\",\"url\":\"https:\\\/\\\/equideo.fr\\\/wp-content\\\/uploads\\\/2024\\\/08\\\/logo-equideo.png\",\"contentUrl\":\"https:\\\/\\\/equideo.fr\\\/wp-content\\\/uploads\\\/2024\\\/08\\\/logo-equideo.png\",\"width\":650,\"height\":650,\"caption\":\"Equideo\"},\"image\":{\"@id\":\"https:\\\/\\\/equideo.fr\\\/#\\\/schema\\\/logo\\\/image\\\/\"},\"sameAs\":[\"https:\\\/\\\/www.facebook.com\\\/centrededucationequideo\",\"https:\\\/\\\/www.instagram.com\\\/centre_education_equideo\\\/\"]}]}<\/script>\n<!-- \/ Yoast SEO plugin. -->","yoast_head_json":{"title":"R\u00e9server Sarah Fricoteaux : d\u00e9mo, conf\u00e9rence, stages, travail des chevaux, etc. -","robots":{"index":"index","follow":"follow","max-snippet":"max-snippet:-1","max-image-preview":"max-image-preview:large","max-video-preview":"max-video-preview:-1"},"canonical":"https:\/\/equideo.fr\/en\/product\/reserver-sarah-fricoteaux-demo-conference-stages-travail-des-chevaux-etc\/","og_locale":"en_US","og_type":"article","og_title":"R\u00e9server Sarah Fricoteaux : d\u00e9mo, conf\u00e9rence, stages, travail des chevaux, etc. -","og_description":"A partir d&#8217;une 1\/2 journ\u00e9e, d&#8217;une journ\u00e9e, ou plus, r\u00e9servez ma venue chez vous, sur vos installations, pour diff\u00e9rentes organisations et prestations : 1. Vous souhaitez organiser un stage : LISEZ ICI LE FORMULAIRE DETAILLE\u00a0 2. Vous souhaitez organiser des cours, des ateliers \u00e0 th\u00e8me, une conf\u00e9rence, une d\u00e9monstration dans votre \u00e9curie ? 3. Vous [&hellip;]","og_url":"https:\/\/equideo.fr\/en\/product\/reserver-sarah-fricoteaux-demo-conference-stages-travail-des-chevaux-etc\/","article_publisher":"https:\/\/www.facebook.com\/centrededucationequideo","article_modified_time":"2024-12-13T11:48:16+00:00","og_image":[{"width":2048,"height":1536,"url":"https:\/\/equideo.fr\/wp-content\/uploads\/2022\/08\/WhatsApp-Image-2022-05-22-at-18.56.08-1.jpeg","type":"image\/jpeg"}],"twitter_card":"summary_large_image","twitter_misc":{"Est. reading time":"3 minutes"},"schema":{"@context":"https:\/\/schema.org","@graph":[{"@type":"WebPage","@id":"https:\/\/equideo.fr\/produit\/reserver-sarah-fricoteaux-demo-conference-stages-travail-des-chevaux-etc","url":"https:\/\/equideo.fr\/produit\/reserver-sarah-fricoteaux-demo-conference-stages-travail-des-chevaux-etc","name":"R\u00e9server Sarah Fricoteaux : d\u00e9mo, conf\u00e9rence, stages, travail des chevaux, etc. -","isPartOf":{"@id":"https:\/\/equideo.fr\/#website"},"primaryImageOfPage":{"@id":"https:\/\/equideo.fr\/produit\/reserver-sarah-fricoteaux-demo-conference-stages-travail-des-chevaux-etc#primaryimage"},"image":{"@id":"https:\/\/equideo.fr\/produit\/reserver-sarah-fricoteaux-demo-conference-stages-travail-des-chevaux-etc#primaryimage"},"thumbnailUrl":"https:\/\/equideo.fr\/wp-content\/uploads\/2022\/08\/WhatsApp-Image-2022-05-22-at-18.56.08-1.jpeg","datePublished":"2023-06-18T15:59:43+00:00","dateModified":"2024-12-13T11:48:16+00:00","breadcrumb":{"@id":"https:\/\/equideo.fr\/produit\/reserver-sarah-fricoteaux-demo-conference-stages-travail-des-chevaux-etc#breadcrumb"},"inLanguage":"en-US","potentialAction":[{"@type":"ReadAction","target":["https:\/\/equideo.fr\/produit\/reserver-sarah-fricoteaux-demo-conference-stages-travail-des-chevaux-etc"]}]},{"@type":"ImageObject","inLanguage":"en-US","@id":"https:\/\/equideo.fr\/produit\/reserver-sarah-fricoteaux-demo-conference-stages-travail-des-chevaux-etc#primaryimage","url":"https:\/\/equideo.fr\/wp-content\/uploads\/2022\/08\/WhatsApp-Image-2022-05-22-at-18.56.08-1.jpeg","contentUrl":"https:\/\/equideo.fr\/wp-content\/uploads\/2022\/08\/WhatsApp-Image-2022-05-22-at-18.56.08-1.jpeg","width":2048,"height":1536},{"@type":"BreadcrumbList","@id":"https:\/\/equideo.fr\/produit\/reserver-sarah-fricoteaux-demo-conference-stages-travail-des-chevaux-etc#breadcrumb","itemListElement":[{"@type":"ListItem","position":1,"name":"Accueil","item":"https:\/\/equideo.fr\/"},{"@type":"ListItem","position":2,"name":"Liste Produits","item":"https:\/\/equideo.fr\/?page_id=622"},{"@type":"ListItem","position":3,"name":"R\u00e9server Sarah Fricoteaux : d\u00e9mo, conf\u00e9rence, stages, travail des chevaux, etc."}]},{"@type":"WebSite","@id":"https:\/\/equideo.fr\/#website","url":"https:\/\/equideo.fr\/","name":"Equideo.fr","description":"Equideo, training with psychology","publisher":{"@id":"https:\/\/equideo.fr\/#organization"},"alternateName":"Centre education Equideo","potentialAction":[{"@type":"SearchAction","target":{"@type":"EntryPoint","urlTemplate":"https:\/\/equideo.fr\/?s={search_term_string}"},"query-input":{"@type":"PropertyValueSpecification","valueRequired":true,"valueName":"search_term_string"}}],"inLanguage":"en-US"},{"@type":"Organization","@id":"https:\/\/equideo.fr\/#organization","name":"Equideo","url":"https:\/\/equideo.fr\/","logo":{"@type":"ImageObject","inLanguage":"en-US","@id":"https:\/\/equideo.fr\/#\/schema\/logo\/image\/","url":"https:\/\/equideo.fr\/wp-content\/uploads\/2024\/08\/logo-equideo.png","contentUrl":"https:\/\/equideo.fr\/wp-content\/uploads\/2024\/08\/logo-equideo.png","width":650,"height":650,"caption":"Equideo"},"image":{"@id":"https:\/\/equideo.fr\/#\/schema\/logo\/image\/"},"sameAs":["https:\/\/www.facebook.com\/centrededucationequideo","https:\/\/www.instagram.com\/centre_education_equideo\/"]}]}},"jetpack_sharing_enabled":true,"wcpa_form_fields":null,"_links":{"self":[{"href":"https:\/\/equideo.fr\/en\/wp-json\/wp\/v2\/product\/13315","targetHints":{"allow":["GET"]}}],"collection":[{"href":"https:\/\/equideo.fr\/en\/wp-json\/wp\/v2\/product"}],"about":[{"href":"https:\/\/equideo.fr\/en\/wp-json\/wp\/v2\/types\/product"}],"version-history":[{"count":7,"href":"https:\/\/equideo.fr\/en\/wp-json\/wp\/v2\/product\/13315\/revisions"}],"predecessor-version":[{"id":16905,"href":"https:\/\/equideo.fr\/en\/wp-json\/wp\/v2\/product\/13315\/revisions\/16905"}],"wp:featuredmedia":[{"embeddable":true,"href":"https:\/\/equideo.fr\/en\/wp-json\/wp\/v2\/media\/12446"}],"wp:attachment":[{"href":"https:\/\/equideo.fr\/en\/wp-json\/wp\/v2\/media?parent=13315"}],"wp:term":[{"taxonomy":"product_brand","embeddable":true,"href":"https:\/\/equideo.fr\/en\/wp-json\/wp\/v2\/product_brand?post=13315"},{"taxonomy":"product_cat","embeddable":true,"href":"https:\/\/equideo.fr\/en\/wp-json\/wp\/v2\/product_cat?post=13315"},{"taxonomy":"product_tag","embeddable":true,"href":"https:\/\/equideo.fr\/en\/wp-json\/wp\/v2\/product_tag?post=13315"}],"curies":[{"name":"wp","href":"https:\/\/api.w.org\/{rel}","templated":true}]}}