{"id":13730,"date":"2023-12-18T18:16:40","date_gmt":"2023-12-18T18:16:40","guid":{"rendered":"https:\/\/members.equideo.fr\/?post_type=product&#038;p=13730"},"modified":"2024-09-22T14:33:30","modified_gmt":"2024-09-22T14:33:30","slug":"visio-conference-cessons-de-culpabiliser-en-finir-avec-le-sentiment-du-mauvais-cavalier-du-mauvais-proprietaire-du-mauvais-coach-etc","status":"publish","type":"product","link":"https:\/\/equideo.fr\/en\/product\/visio-conference-cessons-de-culpabiliser-en-finir-avec-le-sentiment-du-mauvais-cavalier-du-mauvais-proprietaire-du-mauvais-coach-etc","title":{"rendered":"Video conference: Let&#039;s stop feeling guilty: putting an end to the feeling of being a &quot;bad rider&quot;, a &quot;bad owner&quot;, a &quot;bad coach&quot;, etc."},"content":{"rendered":"<p>Guilt is a feeling experienced by many owners, riders, and coaches. Generally, the more you strive to provide a perfect life, care, and training for your horse, your students, and your stable, the closer you come to experiencing this feeling of guilt.<\/p>\n<p>I don&#039;t have the best healthcare professionals?<\/p>\n<p>Am I not providing the best complements?<\/p>\n<p>I wasn&#039;t aware of this training information?<\/p>\n<p>My posture isn&#039;t balanced enough?<\/p>\n<p>Am I not getting results quickly enough?<\/p>\n<p>I could have done better\u2026<\/p>\n<p>&nbsp;<\/p>\n<p>WHY DO WE FEEL SO GUILTY?<\/p>\n<p>Because we realize, and this is perfectly normal, that the more we learn, the more we realize how much we don&#039;t know. And it&#039;s even worse with today&#039;s almost unlimited access to knowledge via social media and online courses.<\/p>\n<p>&nbsp;<\/p>\n<p><img fetchpriority=\"high\" decoding=\"async\" class=\"wp-image-13419 aligncenter\" src=\"https:\/\/members.equideo.fr\/wp-content\/uploads\/2023\/08\/IMG_3756-300x200.jpg\" alt=\"\" width=\"479\" height=\"319\" srcset=\"https:\/\/equideo.fr\/wp-content\/uploads\/2023\/08\/IMG_3756-300x200.jpg 300w, https:\/\/equideo.fr\/wp-content\/uploads\/2023\/08\/IMG_3756-1024x683.jpg 1024w, https:\/\/equideo.fr\/wp-content\/uploads\/2023\/08\/IMG_3756-768x512.jpg 768w, https:\/\/equideo.fr\/wp-content\/uploads\/2023\/08\/IMG_3756-1536x1024.jpg 1536w, https:\/\/equideo.fr\/wp-content\/uploads\/2023\/08\/IMG_3756-2048x1365.jpg 2048w, https:\/\/equideo.fr\/wp-content\/uploads\/2023\/08\/IMG_3756-600x400.jpg 600w\" sizes=\"(max-width: 479px) 100vw, 479px\" \/><\/p>\n<p>&nbsp;<\/p>\n<p>HOW TO LIVE PEACEFULLY?<\/p>\n<p>We will discuss this together during this conference, and above all you will discover that there are strong and effective keys to get rid of this feeling of guilt, and allow you to rediscover the joy of progress and learning.<\/p>\n<p>&nbsp;<\/p>\n<p><img decoding=\"async\" class=\"wp-image-13090 aligncenter\" src=\"https:\/\/members.equideo.fr\/wp-content\/uploads\/2023\/05\/IMG_0317-300x200.jpg\" alt=\"\" width=\"494\" height=\"329\" srcset=\"https:\/\/equideo.fr\/wp-content\/uploads\/2023\/05\/IMG_0317-300x200.jpg 300w, https:\/\/equideo.fr\/wp-content\/uploads\/2023\/05\/IMG_0317-1024x683.jpg 1024w, https:\/\/equideo.fr\/wp-content\/uploads\/2023\/05\/IMG_0317-768x512.jpg 768w, https:\/\/equideo.fr\/wp-content\/uploads\/2023\/05\/IMG_0317-1536x1024.jpg 1536w, https:\/\/equideo.fr\/wp-content\/uploads\/2023\/05\/IMG_0317-2048x1365.jpg 2048w, https:\/\/equideo.fr\/wp-content\/uploads\/2023\/05\/IMG_0317-600x400.jpg 600w\" sizes=\"(max-width: 494px) 100vw, 494px\" \/><\/p>\n<p><strong>For over an hour, I invite you to understand your guilt, to know why it affects you so deeply, and above all, to discover all the possible solutions to implement.<\/strong><\/p>\n<p>&nbsp;<\/p>\n<p><strong>After your purchase, you will receive a confirmation message with a link to the page containing your video conference. To access more conferences, you have two options:\u00a0<\/strong><\/p>\n<ol>\n<li><strong>Lifetime access to all conferences: Be a member of the Equideo online training program. You have access to all past and future replays, regardless of the subscription you choose. All future conferences are offered at a reduced price for Discovery subscription members and are FREE for Full subscription members.\u00a0<\/strong><\/li>\n<li><strong>Choose the 5 CONFERENCE PACKAGE \u20ac34.90 <\/strong>(instead of \u20ac74.50)<strong> Your email address will then be registered, and you will receive an invitation to participate in each new conference, and subsequently access to the replays. You can also add to your cart the 5 conferences you wish to access.\u00a0<\/strong><\/li>\n<\/ol>","protected":false},"excerpt":{"rendered":"<p>La culpabilit\u00e9 est un sentiment v\u00e9cu par de nombreux propri\u00e9taires, par de nombreux cavaliers, ainsi que par de nombreux coachs. En g\u00e9n\u00e9ral, plus vous souhaitez apporter une vie, des soins, et un entra\u00eenement parfait \u00e0 votre cheval, \u00e0 vos \u00e9l\u00e8ves, et \u00e0 votre cavalerie, et plus vous vous rapprochez de ce sentiment de culpabilit\u00e9. Je [&hellip;]<\/p>\n","protected":false},"featured_media":13731,"template":"","meta":{"ocean_post_layout":"","ocean_both_sidebars_style":"","ocean_both_sidebars_content_width":0,"ocean_both_sidebars_sidebars_width":0,"ocean_sidebar":"0","ocean_second_sidebar":"0","ocean_disable_margins":"enable","ocean_add_body_class":"","ocean_shortcode_before_top_bar":"","ocean_shortcode_after_top_bar":"","ocean_shortcode_before_header":"","ocean_shortcode_after_header":"","ocean_has_shortcode":"","ocean_shortcode_after_title":"","ocean_shortcode_before_footer_widgets":"","ocean_shortcode_after_footer_widgets":"","ocean_shortcode_before_footer_bottom":"","ocean_shortcode_after_footer_bottom":"","ocean_display_top_bar":"default","ocean_display_header":"default","ocean_header_style":"","ocean_center_header_left_menu":"0","ocean_custom_header_template":"0","ocean_custom_logo":0,"ocean_custom_retina_logo":0,"ocean_custom_logo_max_width":0,"ocean_custom_logo_tablet_max_width":0,"ocean_custom_logo_mobile_max_width":0,"ocean_custom_logo_max_height":0,"ocean_custom_logo_tablet_max_height":0,"ocean_custom_logo_mobile_max_height":0,"ocean_header_custom_menu":"0","ocean_menu_typo_font_family":"0","ocean_menu_typo_font_subset":"","ocean_menu_typo_font_size":0,"ocean_menu_typo_font_size_tablet":0,"ocean_menu_typo_font_size_mobile":0,"ocean_menu_typo_font_size_unit":"px","ocean_menu_typo_font_weight":"","ocean_menu_typo_font_weight_tablet":"","ocean_menu_typo_font_weight_mobile":"","ocean_menu_typo_transform":"","ocean_menu_typo_transform_tablet":"","ocean_menu_typo_transform_mobile":"","ocean_menu_typo_line_height":0,"ocean_menu_typo_line_height_tablet":0,"ocean_menu_typo_line_height_mobile":0,"ocean_menu_typo_line_height_unit":"","ocean_menu_typo_spacing":0,"ocean_menu_typo_spacing_tablet":0,"ocean_menu_typo_spacing_mobile":0,"ocean_menu_typo_spacing_unit":"","ocean_menu_link_color":"","ocean_menu_link_color_hover":"","ocean_menu_link_color_active":"","ocean_menu_link_background":"","ocean_menu_link_hover_background":"","ocean_menu_link_active_background":"","ocean_menu_social_links_bg":"","ocean_menu_social_hover_links_bg":"","ocean_menu_social_links_color":"","ocean_menu_social_hover_links_color":"","ocean_disable_title":"default","ocean_disable_heading":"default","ocean_post_title":"","ocean_post_subheading":"","ocean_post_title_style":"","ocean_post_title_background_color":"","ocean_post_title_background":0,"ocean_post_title_bg_image_position":"","ocean_post_title_bg_image_attachment":"","ocean_post_title_bg_image_repeat":"","ocean_post_title_bg_image_size":"","ocean_post_title_height":0,"ocean_post_title_bg_overlay":0.5,"ocean_post_title_bg_overlay_color":"","ocean_disable_breadcrumbs":"default","ocean_breadcrumbs_color":"","ocean_breadcrumbs_separator_color":"","ocean_breadcrumbs_links_color":"","ocean_breadcrumbs_links_hover_color":"","ocean_display_footer_widgets":"default","ocean_display_footer_bottom":"default","ocean_custom_footer_template":"0"},"product_brand":[],"product_cat":[118],"product_tag":[],"class_list":{"0":"post-13730","1":"product","2":"type-product","3":"status-publish","4":"has-post-thumbnail","6":"product_cat-replay-conferences","8":"entry","9":"has-media","11":"first","12":"instock","13":"virtual","14":"taxable","15":"purchasable","16":"product-type-simple","17":"has-product-nav","18":"col","19":"span_1_of_4","20":"owp-content-center","21":"owp-thumbs-layout-horizontal","22":"owp-btn-big","23":"owp-tabs-layout-horizontal","24":"has-no-thumbnails","26":"circle-sale"},"yoast_head":"<!-- This site is optimized with the Yoast SEO plugin v27.5 - https:\/\/yoast.com\/product\/yoast-seo-wordpress\/ -->\n<title>Visio-conf\u00e9rence : Cessons de culpabiliser : en finir avec le sentiment du &quot;mauvais cavalier&quot;, du &quot;mauvais propri\u00e9taire&quot;, du &quot;mauvais coach&quot;, etc. -<\/title>\n<meta name=\"robots\" content=\"index, follow, max-snippet:-1, max-image-preview:large, max-video-preview:-1\" \/>\n<link rel=\"canonical\" href=\"https:\/\/equideo.fr\/en\/product\/visio-conference-cessons-de-culpabiliser-en-finir-avec-le-sentiment-du-mauvais-cavalier-du-mauvais-proprietaire-du-mauvais-coach-etc\/\" \/>\n<meta property=\"og:locale\" content=\"en_US\" \/>\n<meta property=\"og:type\" content=\"article\" \/>\n<meta property=\"og:title\" content=\"Visio-conf\u00e9rence : Cessons de culpabiliser : en finir avec le sentiment du &quot;mauvais cavalier&quot;, du &quot;mauvais propri\u00e9taire&quot;, du &quot;mauvais coach&quot;, etc. -\" \/>\n<meta property=\"og:description\" content=\"La culpabilit\u00e9 est un sentiment v\u00e9cu par de nombreux propri\u00e9taires, par de nombreux cavaliers, ainsi que par de nombreux coachs. En g\u00e9n\u00e9ral, plus vous souhaitez apporter une vie, des soins, et un entra\u00eenement parfait \u00e0 votre cheval, \u00e0 vos \u00e9l\u00e8ves, et \u00e0 votre cavalerie, et plus vous vous rapprochez de ce sentiment de culpabilit\u00e9. Je [&hellip;]\" \/>\n<meta property=\"og:url\" content=\"https:\/\/equideo.fr\/en\/product\/visio-conference-cessons-de-culpabiliser-en-finir-avec-le-sentiment-du-mauvais-cavalier-du-mauvais-proprietaire-du-mauvais-coach-etc\/\" \/>\n<meta property=\"article:publisher\" content=\"https:\/\/www.facebook.com\/centrededucationequideo\" \/>\n<meta property=\"article:modified_time\" content=\"2024-09-22T14:33:30+00:00\" \/>\n<meta property=\"og:image\" content=\"https:\/\/equideo.fr\/wp-content\/uploads\/2023\/12\/Culpabilite-conference-scaled.jpg\" \/>\n\t<meta property=\"og:image:width\" content=\"2560\" \/>\n\t<meta property=\"og:image:height\" content=\"1438\" \/>\n\t<meta property=\"og:image:type\" content=\"image\/jpeg\" \/>\n<meta name=\"twitter:card\" content=\"summary_large_image\" \/>\n<meta name=\"twitter:label1\" content=\"Est. reading time\" \/>\n\t<meta name=\"twitter:data1\" content=\"3 minutes\" \/>\n<script type=\"application\/ld+json\" class=\"yoast-schema-graph\">{\"@context\":\"https:\\\/\\\/schema.org\",\"@graph\":[{\"@type\":\"WebPage\",\"@id\":\"https:\\\/\\\/equideo.fr\\\/produit\\\/visio-conference-cessons-de-culpabiliser-en-finir-avec-le-sentiment-du-mauvais-cavalier-du-mauvais-proprietaire-du-mauvais-coach-etc\",\"url\":\"https:\\\/\\\/equideo.fr\\\/produit\\\/visio-conference-cessons-de-culpabiliser-en-finir-avec-le-sentiment-du-mauvais-cavalier-du-mauvais-proprietaire-du-mauvais-coach-etc\",\"name\":\"Visio-conf\u00e9rence : Cessons de culpabiliser : en finir avec le sentiment du \\\"mauvais cavalier\\\", du \\\"mauvais propri\u00e9taire\\\", du \\\"mauvais coach\\\", etc. -\",\"isPartOf\":{\"@id\":\"https:\\\/\\\/equideo.fr\\\/#website\"},\"primaryImageOfPage\":{\"@id\":\"https:\\\/\\\/equideo.fr\\\/produit\\\/visio-conference-cessons-de-culpabiliser-en-finir-avec-le-sentiment-du-mauvais-cavalier-du-mauvais-proprietaire-du-mauvais-coach-etc#primaryimage\"},\"image\":{\"@id\":\"https:\\\/\\\/equideo.fr\\\/produit\\\/visio-conference-cessons-de-culpabiliser-en-finir-avec-le-sentiment-du-mauvais-cavalier-du-mauvais-proprietaire-du-mauvais-coach-etc#primaryimage\"},\"thumbnailUrl\":\"https:\\\/\\\/equideo.fr\\\/wp-content\\\/uploads\\\/2023\\\/12\\\/Culpabilite-conference-scaled.jpg\",\"datePublished\":\"2023-12-18T18:16:40+00:00\",\"dateModified\":\"2024-09-22T14:33:30+00:00\",\"breadcrumb\":{\"@id\":\"https:\\\/\\\/equideo.fr\\\/produit\\\/visio-conference-cessons-de-culpabiliser-en-finir-avec-le-sentiment-du-mauvais-cavalier-du-mauvais-proprietaire-du-mauvais-coach-etc#breadcrumb\"},\"inLanguage\":\"en-US\",\"potentialAction\":[{\"@type\":\"ReadAction\",\"target\":[\"https:\\\/\\\/equideo.fr\\\/produit\\\/visio-conference-cessons-de-culpabiliser-en-finir-avec-le-sentiment-du-mauvais-cavalier-du-mauvais-proprietaire-du-mauvais-coach-etc\"]}]},{\"@type\":\"ImageObject\",\"inLanguage\":\"en-US\",\"@id\":\"https:\\\/\\\/equideo.fr\\\/produit\\\/visio-conference-cessons-de-culpabiliser-en-finir-avec-le-sentiment-du-mauvais-cavalier-du-mauvais-proprietaire-du-mauvais-coach-etc#primaryimage\",\"url\":\"https:\\\/\\\/equideo.fr\\\/wp-content\\\/uploads\\\/2023\\\/12\\\/Culpabilite-conference-scaled.jpg\",\"contentUrl\":\"https:\\\/\\\/equideo.fr\\\/wp-content\\\/uploads\\\/2023\\\/12\\\/Culpabilite-conference-scaled.jpg\",\"width\":2560,\"height\":1438},{\"@type\":\"BreadcrumbList\",\"@id\":\"https:\\\/\\\/equideo.fr\\\/produit\\\/visio-conference-cessons-de-culpabiliser-en-finir-avec-le-sentiment-du-mauvais-cavalier-du-mauvais-proprietaire-du-mauvais-coach-etc#breadcrumb\",\"itemListElement\":[{\"@type\":\"ListItem\",\"position\":1,\"name\":\"Accueil\",\"item\":\"https:\\\/\\\/equideo.fr\\\/\"},{\"@type\":\"ListItem\",\"position\":2,\"name\":\"Liste Produits\",\"item\":\"https:\\\/\\\/equideo.fr\\\/?page_id=622\"},{\"@type\":\"ListItem\",\"position\":3,\"name\":\"Visio-conf\u00e9rence : Cessons de culpabiliser : en finir avec le sentiment du &#8220;mauvais cavalier&#8221;, du &#8220;mauvais propri\u00e9taire&#8221;, du &#8220;mauvais coach&#8221;, etc.\"}]},{\"@type\":\"WebSite\",\"@id\":\"https:\\\/\\\/equideo.fr\\\/#website\",\"url\":\"https:\\\/\\\/equideo.fr\\\/\",\"name\":\"Equideo.fr\",\"description\":\"Equideo, entra\u00eener avec psychologie\",\"publisher\":{\"@id\":\"https:\\\/\\\/equideo.fr\\\/#organization\"},\"alternateName\":\"Centre education Equideo\",\"potentialAction\":[{\"@type\":\"SearchAction\",\"target\":{\"@type\":\"EntryPoint\",\"urlTemplate\":\"https:\\\/\\\/equideo.fr\\\/?s={search_term_string}\"},\"query-input\":{\"@type\":\"PropertyValueSpecification\",\"valueRequired\":true,\"valueName\":\"search_term_string\"}}],\"inLanguage\":\"en-US\"},{\"@type\":\"Organization\",\"@id\":\"https:\\\/\\\/equideo.fr\\\/#organization\",\"name\":\"Equideo\",\"url\":\"https:\\\/\\\/equideo.fr\\\/\",\"logo\":{\"@type\":\"ImageObject\",\"inLanguage\":\"en-US\",\"@id\":\"https:\\\/\\\/equideo.fr\\\/#\\\/schema\\\/logo\\\/image\\\/\",\"url\":\"https:\\\/\\\/equideo.fr\\\/wp-content\\\/uploads\\\/2024\\\/08\\\/logo-equideo.png\",\"contentUrl\":\"https:\\\/\\\/equideo.fr\\\/wp-content\\\/uploads\\\/2024\\\/08\\\/logo-equideo.png\",\"width\":650,\"height\":650,\"caption\":\"Equideo\"},\"image\":{\"@id\":\"https:\\\/\\\/equideo.fr\\\/#\\\/schema\\\/logo\\\/image\\\/\"},\"sameAs\":[\"https:\\\/\\\/www.facebook.com\\\/centrededucationequideo\",\"https:\\\/\\\/www.instagram.com\\\/centre_education_equideo\\\/\"]}]}<\/script>\n<!-- \/ Yoast SEO plugin. -->","yoast_head_json":{"title":"Visio-conf\u00e9rence : Cessons de culpabiliser : en finir avec le sentiment du \"mauvais cavalier\", du \"mauvais propri\u00e9taire\", du \"mauvais coach\", etc. -","robots":{"index":"index","follow":"follow","max-snippet":"max-snippet:-1","max-image-preview":"max-image-preview:large","max-video-preview":"max-video-preview:-1"},"canonical":"https:\/\/equideo.fr\/en\/product\/visio-conference-cessons-de-culpabiliser-en-finir-avec-le-sentiment-du-mauvais-cavalier-du-mauvais-proprietaire-du-mauvais-coach-etc\/","og_locale":"en_US","og_type":"article","og_title":"Visio-conf\u00e9rence : Cessons de culpabiliser : en finir avec le sentiment du \"mauvais cavalier\", du \"mauvais propri\u00e9taire\", du \"mauvais coach\", etc. -","og_description":"La culpabilit\u00e9 est un sentiment v\u00e9cu par de nombreux propri\u00e9taires, par de nombreux cavaliers, ainsi que par de nombreux coachs. En g\u00e9n\u00e9ral, plus vous souhaitez apporter une vie, des soins, et un entra\u00eenement parfait \u00e0 votre cheval, \u00e0 vos \u00e9l\u00e8ves, et \u00e0 votre cavalerie, et plus vous vous rapprochez de ce sentiment de culpabilit\u00e9. Je [&hellip;]","og_url":"https:\/\/equideo.fr\/en\/product\/visio-conference-cessons-de-culpabiliser-en-finir-avec-le-sentiment-du-mauvais-cavalier-du-mauvais-proprietaire-du-mauvais-coach-etc\/","article_publisher":"https:\/\/www.facebook.com\/centrededucationequideo","article_modified_time":"2024-09-22T14:33:30+00:00","og_image":[{"width":2560,"height":1438,"url":"https:\/\/equideo.fr\/wp-content\/uploads\/2023\/12\/Culpabilite-conference-scaled.jpg","type":"image\/jpeg"}],"twitter_card":"summary_large_image","twitter_misc":{"Est. reading time":"3 minutes"},"schema":{"@context":"https:\/\/schema.org","@graph":[{"@type":"WebPage","@id":"https:\/\/equideo.fr\/produit\/visio-conference-cessons-de-culpabiliser-en-finir-avec-le-sentiment-du-mauvais-cavalier-du-mauvais-proprietaire-du-mauvais-coach-etc","url":"https:\/\/equideo.fr\/produit\/visio-conference-cessons-de-culpabiliser-en-finir-avec-le-sentiment-du-mauvais-cavalier-du-mauvais-proprietaire-du-mauvais-coach-etc","name":"Visio-conf\u00e9rence : Cessons de culpabiliser : en finir avec le sentiment du \"mauvais cavalier\", du \"mauvais propri\u00e9taire\", du \"mauvais coach\", etc. -","isPartOf":{"@id":"https:\/\/equideo.fr\/#website"},"primaryImageOfPage":{"@id":"https:\/\/equideo.fr\/produit\/visio-conference-cessons-de-culpabiliser-en-finir-avec-le-sentiment-du-mauvais-cavalier-du-mauvais-proprietaire-du-mauvais-coach-etc#primaryimage"},"image":{"@id":"https:\/\/equideo.fr\/produit\/visio-conference-cessons-de-culpabiliser-en-finir-avec-le-sentiment-du-mauvais-cavalier-du-mauvais-proprietaire-du-mauvais-coach-etc#primaryimage"},"thumbnailUrl":"https:\/\/equideo.fr\/wp-content\/uploads\/2023\/12\/Culpabilite-conference-scaled.jpg","datePublished":"2023-12-18T18:16:40+00:00","dateModified":"2024-09-22T14:33:30+00:00","breadcrumb":{"@id":"https:\/\/equideo.fr\/produit\/visio-conference-cessons-de-culpabiliser-en-finir-avec-le-sentiment-du-mauvais-cavalier-du-mauvais-proprietaire-du-mauvais-coach-etc#breadcrumb"},"inLanguage":"en-US","potentialAction":[{"@type":"ReadAction","target":["https:\/\/equideo.fr\/produit\/visio-conference-cessons-de-culpabiliser-en-finir-avec-le-sentiment-du-mauvais-cavalier-du-mauvais-proprietaire-du-mauvais-coach-etc"]}]},{"@type":"ImageObject","inLanguage":"en-US","@id":"https:\/\/equideo.fr\/produit\/visio-conference-cessons-de-culpabiliser-en-finir-avec-le-sentiment-du-mauvais-cavalier-du-mauvais-proprietaire-du-mauvais-coach-etc#primaryimage","url":"https:\/\/equideo.fr\/wp-content\/uploads\/2023\/12\/Culpabilite-conference-scaled.jpg","contentUrl":"https:\/\/equideo.fr\/wp-content\/uploads\/2023\/12\/Culpabilite-conference-scaled.jpg","width":2560,"height":1438},{"@type":"BreadcrumbList","@id":"https:\/\/equideo.fr\/produit\/visio-conference-cessons-de-culpabiliser-en-finir-avec-le-sentiment-du-mauvais-cavalier-du-mauvais-proprietaire-du-mauvais-coach-etc#breadcrumb","itemListElement":[{"@type":"ListItem","position":1,"name":"Accueil","item":"https:\/\/equideo.fr\/"},{"@type":"ListItem","position":2,"name":"Liste Produits","item":"https:\/\/equideo.fr\/?page_id=622"},{"@type":"ListItem","position":3,"name":"Visio-conf\u00e9rence : Cessons de culpabiliser : en finir avec le sentiment du &#8220;mauvais cavalier&#8221;, du &#8220;mauvais propri\u00e9taire&#8221;, du &#8220;mauvais coach&#8221;, etc."}]},{"@type":"WebSite","@id":"https:\/\/equideo.fr\/#website","url":"https:\/\/equideo.fr\/","name":"Equideo.fr","description":"Equideo, training with psychology","publisher":{"@id":"https:\/\/equideo.fr\/#organization"},"alternateName":"Centre education Equideo","potentialAction":[{"@type":"SearchAction","target":{"@type":"EntryPoint","urlTemplate":"https:\/\/equideo.fr\/?s={search_term_string}"},"query-input":{"@type":"PropertyValueSpecification","valueRequired":true,"valueName":"search_term_string"}}],"inLanguage":"en-US"},{"@type":"Organization","@id":"https:\/\/equideo.fr\/#organization","name":"Equideo","url":"https:\/\/equideo.fr\/","logo":{"@type":"ImageObject","inLanguage":"en-US","@id":"https:\/\/equideo.fr\/#\/schema\/logo\/image\/","url":"https:\/\/equideo.fr\/wp-content\/uploads\/2024\/08\/logo-equideo.png","contentUrl":"https:\/\/equideo.fr\/wp-content\/uploads\/2024\/08\/logo-equideo.png","width":650,"height":650,"caption":"Equideo"},"image":{"@id":"https:\/\/equideo.fr\/#\/schema\/logo\/image\/"},"sameAs":["https:\/\/www.facebook.com\/centrededucationequideo","https:\/\/www.instagram.com\/centre_education_equideo\/"]}]}},"jetpack_sharing_enabled":true,"wcpa_form_fields":null,"_links":{"self":[{"href":"https:\/\/equideo.fr\/en\/wp-json\/wp\/v2\/product\/13730","targetHints":{"allow":["GET"]}}],"collection":[{"href":"https:\/\/equideo.fr\/en\/wp-json\/wp\/v2\/product"}],"about":[{"href":"https:\/\/equideo.fr\/en\/wp-json\/wp\/v2\/types\/product"}],"version-history":[{"count":4,"href":"https:\/\/equideo.fr\/en\/wp-json\/wp\/v2\/product\/13730\/revisions"}],"predecessor-version":[{"id":16243,"href":"https:\/\/equideo.fr\/en\/wp-json\/wp\/v2\/product\/13730\/revisions\/16243"}],"wp:featuredmedia":[{"embeddable":true,"href":"https:\/\/equideo.fr\/en\/wp-json\/wp\/v2\/media\/13731"}],"wp:attachment":[{"href":"https:\/\/equideo.fr\/en\/wp-json\/wp\/v2\/media?parent=13730"}],"wp:term":[{"taxonomy":"product_brand","embeddable":true,"href":"https:\/\/equideo.fr\/en\/wp-json\/wp\/v2\/product_brand?post=13730"},{"taxonomy":"product_cat","embeddable":true,"href":"https:\/\/equideo.fr\/en\/wp-json\/wp\/v2\/product_cat?post=13730"},{"taxonomy":"product_tag","embeddable":true,"href":"https:\/\/equideo.fr\/en\/wp-json\/wp\/v2\/product_tag?post=13730"}],"curies":[{"name":"wp","href":"https:\/\/api.w.org\/{rel}","templated":true}]}}