{"id":14036,"date":"2024-06-13T07:34:24","date_gmt":"2024-06-13T07:34:24","guid":{"rendered":"https:\/\/members.equideo.fr\/?post_type=product&#038;p=14036"},"modified":"2024-06-13T07:53:30","modified_gmt":"2024-06-13T07:53:30","slug":"livret-de-progression-du-programme-happy-horse","status":"publish","type":"product","link":"https:\/\/equideo.fr\/en\/product\/livret-de-progression-du-programme-happy-horse","title":{"rendered":"Happy Horse Program Progress Booklet"},"content":{"rendered":"<p>Knowing where you stand gives you a good baseline and a solid starting point. It&#039;s also motivating because you have a clear objective and can measure your progress. This is especially helpful if you encounter difficulties at any point, as we all do when it comes to training horses and achieving our goals!<\/p>\n<p>Most importantly, self-assessment is a way to take control of your own progress. You can steadily move forward and improve the quality of your training from a 0 to a 3, from a 3 to a 5, from a 5 to a 7, and even reach a few 8s, 9s, or 10s along the way!<\/p>\n<p>Make it a habit to objectively rate yourself and your horse.<\/p>\n<p>This is what great riders, trainers and horsemen do naturally.<\/p>\n<p>&nbsp;<\/p>\n<p>The progress booklet is printed on high-quality 175g matte paper. It allows you to review your personal progress and that of your horse within the curriculum every 3 months (the first year), then every 6 months. It is structured as follows:<\/p>\n<ul>\n<li>Cover page 1: Who are you and who is your horse, what is your big goal, your dreams?<\/li>\n<li>Page 2: The objectives to achieve in each module for a happy relationship and partnership with your horse. What is a connected horse? What is a relaxed, laid-back horse? What is a horse responsive to the aids? What is a confident horse? etc. When you know what these are, they are easier to achieve.<\/li>\n<li>Page 3: Current problems! What is YOUR reality? Where are you now? Where are your problems? Where are you stuck? Being able to verbalize the problems you encounter not only allows you to identify them, but the program also helps you understand which modules these problems belong to. We go around problems without ever truly solving them when we don&#039;t know their real root cause. Here, the Happy Horse program not only reveals their origin, but then leads you to the final page: the solutions!<\/li>\n<li>Page 4: The solutions are in the appropriate lessons for each module! The Happy Horse program is about learning to read, understand, and then literally &quot;speak horse.&quot; When you apply the right strategy, all the problems magically disappear, and you can focus on your goals and the dreams you want to share with your horse.<\/li>\n<\/ul>\n<p>&nbsp;<\/p>\n<p>A progress booklet is offered to each member joining the Equideo platform within their second month of using the platform. You receive it directly with your annual subscription.<\/p>\n<p>&nbsp;<\/p>","protected":false},"excerpt":{"rendered":"<p>Savoir o\u00f9 vous en \u00eates vous donne une bonne base de r\u00e9f\u00e9rence et un bon point de d\u00e9part. \u00a0C\u2019est aussi motivant car vous avez un objectif clair et vous pouvez mesurer vos progr\u00e8s. Ceci est particuli\u00e8rement utile si vous avez des difficult\u00e9s \u00e0 un moment donn\u00e9, comme nous en avons tous quand il s\u2019agit d\u2019entra\u00eener [&hellip;]<\/p>\n","protected":false},"featured_media":14038,"template":"","meta":{"ocean_post_layout":"","ocean_both_sidebars_style":"","ocean_both_sidebars_content_width":0,"ocean_both_sidebars_sidebars_width":0,"ocean_sidebar":"0","ocean_second_sidebar":"0","ocean_disable_margins":"enable","ocean_add_body_class":"","ocean_shortcode_before_top_bar":"","ocean_shortcode_after_top_bar":"","ocean_shortcode_before_header":"","ocean_shortcode_after_header":"","ocean_has_shortcode":"","ocean_shortcode_after_title":"","ocean_shortcode_before_footer_widgets":"","ocean_shortcode_after_footer_widgets":"","ocean_shortcode_before_footer_bottom":"","ocean_shortcode_after_footer_bottom":"","ocean_display_top_bar":"default","ocean_display_header":"default","ocean_header_style":"","ocean_center_header_left_menu":"0","ocean_custom_header_template":"0","ocean_custom_logo":0,"ocean_custom_retina_logo":0,"ocean_custom_logo_max_width":0,"ocean_custom_logo_tablet_max_width":0,"ocean_custom_logo_mobile_max_width":0,"ocean_custom_logo_max_height":0,"ocean_custom_logo_tablet_max_height":0,"ocean_custom_logo_mobile_max_height":0,"ocean_header_custom_menu":"0","ocean_menu_typo_font_family":"0","ocean_menu_typo_font_subset":"","ocean_menu_typo_font_size":0,"ocean_menu_typo_font_size_tablet":0,"ocean_menu_typo_font_size_mobile":0,"ocean_menu_typo_font_size_unit":"px","ocean_menu_typo_font_weight":"","ocean_menu_typo_font_weight_tablet":"","ocean_menu_typo_font_weight_mobile":"","ocean_menu_typo_transform":"","ocean_menu_typo_transform_tablet":"","ocean_menu_typo_transform_mobile":"","ocean_menu_typo_line_height":0,"ocean_menu_typo_line_height_tablet":0,"ocean_menu_typo_line_height_mobile":0,"ocean_menu_typo_line_height_unit":"","ocean_menu_typo_spacing":0,"ocean_menu_typo_spacing_tablet":0,"ocean_menu_typo_spacing_mobile":0,"ocean_menu_typo_spacing_unit":"","ocean_menu_link_color":"","ocean_menu_link_color_hover":"","ocean_menu_link_color_active":"","ocean_menu_link_background":"","ocean_menu_link_hover_background":"","ocean_menu_link_active_background":"","ocean_menu_social_links_bg":"","ocean_menu_social_hover_links_bg":"","ocean_menu_social_links_color":"","ocean_menu_social_hover_links_color":"","ocean_disable_title":"default","ocean_disable_heading":"default","ocean_post_title":"","ocean_post_subheading":"","ocean_post_title_style":"","ocean_post_title_background_color":"","ocean_post_title_background":0,"ocean_post_title_bg_image_position":"","ocean_post_title_bg_image_attachment":"","ocean_post_title_bg_image_repeat":"","ocean_post_title_bg_image_size":"","ocean_post_title_height":0,"ocean_post_title_bg_overlay":0.5,"ocean_post_title_bg_overlay_color":"","ocean_disable_breadcrumbs":"default","ocean_breadcrumbs_color":"","ocean_breadcrumbs_separator_color":"","ocean_breadcrumbs_links_color":"","ocean_breadcrumbs_links_hover_color":"","ocean_display_footer_widgets":"default","ocean_display_footer_bottom":"default","ocean_custom_footer_template":"0"},"product_brand":[],"product_cat":[29],"product_tag":[],"class_list":{"0":"post-14036","1":"product","2":"type-product","3":"status-publish","4":"has-post-thumbnail","6":"product_cat-accessoires","8":"entry","9":"has-media","10":"wcpa_has_options","12":"first","13":"instock","14":"taxable","15":"shipping-taxable","16":"product-type-simple","17":"has-product-nav","18":"col","19":"span_1_of_4","20":"owp-content-center","21":"owp-thumbs-layout-horizontal","22":"owp-btn-big","23":"owp-tabs-layout-horizontal","25":"circle-sale"},"yoast_head":"<!-- This site is optimized with the Yoast SEO plugin v27.5 - https:\/\/yoast.com\/product\/yoast-seo-wordpress\/ -->\n<title>Livret de progression du programme Happy Horse -<\/title>\n<meta name=\"robots\" content=\"index, follow, max-snippet:-1, max-image-preview:large, max-video-preview:-1\" \/>\n<link rel=\"canonical\" href=\"https:\/\/equideo.fr\/en\/product\/livret-de-progression-du-programme-happy-horse\/\" \/>\n<meta property=\"og:locale\" content=\"en_US\" \/>\n<meta property=\"og:type\" content=\"article\" \/>\n<meta property=\"og:title\" content=\"Livret de progression du programme Happy Horse -\" \/>\n<meta property=\"og:description\" content=\"Savoir o\u00f9 vous en \u00eates vous donne une bonne base de r\u00e9f\u00e9rence et un bon point de d\u00e9part. \u00a0C\u2019est aussi motivant car vous avez un objectif clair et vous pouvez mesurer vos progr\u00e8s. Ceci est particuli\u00e8rement utile si vous avez des difficult\u00e9s \u00e0 un moment donn\u00e9, comme nous en avons tous quand il s\u2019agit d\u2019entra\u00eener [&hellip;]\" \/>\n<meta property=\"og:url\" content=\"https:\/\/equideo.fr\/en\/product\/livret-de-progression-du-programme-happy-horse\/\" \/>\n<meta property=\"article:publisher\" content=\"https:\/\/www.facebook.com\/centrededucationequideo\" \/>\n<meta property=\"article:modified_time\" content=\"2024-06-13T07:53:30+00:00\" \/>\n<meta property=\"og:image\" content=\"https:\/\/equideo.fr\/wp-content\/uploads\/2024\/06\/livret.jpg\" \/>\n\t<meta property=\"og:image:width\" content=\"1613\" \/>\n\t<meta property=\"og:image:height\" content=\"913\" \/>\n\t<meta property=\"og:image:type\" content=\"image\/jpeg\" \/>\n<meta name=\"twitter:card\" content=\"summary_large_image\" \/>\n<meta name=\"twitter:label1\" content=\"Est. reading time\" \/>\n\t<meta name=\"twitter:data1\" content=\"2 minutes\" \/>\n<script type=\"application\/ld+json\" class=\"yoast-schema-graph\">{\"@context\":\"https:\\\/\\\/schema.org\",\"@graph\":[{\"@type\":\"WebPage\",\"@id\":\"https:\\\/\\\/equideo.fr\\\/produit\\\/livret-de-progression-du-programme-happy-horse\",\"url\":\"https:\\\/\\\/equideo.fr\\\/produit\\\/livret-de-progression-du-programme-happy-horse\",\"name\":\"Livret de progression du programme Happy Horse -\",\"isPartOf\":{\"@id\":\"https:\\\/\\\/equideo.fr\\\/#website\"},\"primaryImageOfPage\":{\"@id\":\"https:\\\/\\\/equideo.fr\\\/produit\\\/livret-de-progression-du-programme-happy-horse#primaryimage\"},\"image\":{\"@id\":\"https:\\\/\\\/equideo.fr\\\/produit\\\/livret-de-progression-du-programme-happy-horse#primaryimage\"},\"thumbnailUrl\":\"https:\\\/\\\/equideo.fr\\\/wp-content\\\/uploads\\\/2024\\\/06\\\/livret.jpg\",\"datePublished\":\"2024-06-13T07:34:24+00:00\",\"dateModified\":\"2024-06-13T07:53:30+00:00\",\"breadcrumb\":{\"@id\":\"https:\\\/\\\/equideo.fr\\\/produit\\\/livret-de-progression-du-programme-happy-horse#breadcrumb\"},\"inLanguage\":\"en-US\",\"potentialAction\":[{\"@type\":\"ReadAction\",\"target\":[\"https:\\\/\\\/equideo.fr\\\/produit\\\/livret-de-progression-du-programme-happy-horse\"]}]},{\"@type\":\"ImageObject\",\"inLanguage\":\"en-US\",\"@id\":\"https:\\\/\\\/equideo.fr\\\/produit\\\/livret-de-progression-du-programme-happy-horse#primaryimage\",\"url\":\"https:\\\/\\\/equideo.fr\\\/wp-content\\\/uploads\\\/2024\\\/06\\\/livret.jpg\",\"contentUrl\":\"https:\\\/\\\/equideo.fr\\\/wp-content\\\/uploads\\\/2024\\\/06\\\/livret.jpg\",\"width\":1613,\"height\":913},{\"@type\":\"BreadcrumbList\",\"@id\":\"https:\\\/\\\/equideo.fr\\\/produit\\\/livret-de-progression-du-programme-happy-horse#breadcrumb\",\"itemListElement\":[{\"@type\":\"ListItem\",\"position\":1,\"name\":\"Accueil\",\"item\":\"https:\\\/\\\/equideo.fr\\\/\"},{\"@type\":\"ListItem\",\"position\":2,\"name\":\"Liste Produits\",\"item\":\"https:\\\/\\\/equideo.fr\\\/?page_id=622\"},{\"@type\":\"ListItem\",\"position\":3,\"name\":\"Livret de progression du programme Happy Horse\"}]},{\"@type\":\"WebSite\",\"@id\":\"https:\\\/\\\/equideo.fr\\\/#website\",\"url\":\"https:\\\/\\\/equideo.fr\\\/\",\"name\":\"Equideo.fr\",\"description\":\"Equideo, entra\u00eener avec psychologie\",\"publisher\":{\"@id\":\"https:\\\/\\\/equideo.fr\\\/#organization\"},\"alternateName\":\"Centre education Equideo\",\"potentialAction\":[{\"@type\":\"SearchAction\",\"target\":{\"@type\":\"EntryPoint\",\"urlTemplate\":\"https:\\\/\\\/equideo.fr\\\/?s={search_term_string}\"},\"query-input\":{\"@type\":\"PropertyValueSpecification\",\"valueRequired\":true,\"valueName\":\"search_term_string\"}}],\"inLanguage\":\"en-US\"},{\"@type\":\"Organization\",\"@id\":\"https:\\\/\\\/equideo.fr\\\/#organization\",\"name\":\"Equideo\",\"url\":\"https:\\\/\\\/equideo.fr\\\/\",\"logo\":{\"@type\":\"ImageObject\",\"inLanguage\":\"en-US\",\"@id\":\"https:\\\/\\\/equideo.fr\\\/#\\\/schema\\\/logo\\\/image\\\/\",\"url\":\"https:\\\/\\\/equideo.fr\\\/wp-content\\\/uploads\\\/2024\\\/08\\\/logo-equideo.png\",\"contentUrl\":\"https:\\\/\\\/equideo.fr\\\/wp-content\\\/uploads\\\/2024\\\/08\\\/logo-equideo.png\",\"width\":650,\"height\":650,\"caption\":\"Equideo\"},\"image\":{\"@id\":\"https:\\\/\\\/equideo.fr\\\/#\\\/schema\\\/logo\\\/image\\\/\"},\"sameAs\":[\"https:\\\/\\\/www.facebook.com\\\/centrededucationequideo\",\"https:\\\/\\\/www.instagram.com\\\/centre_education_equideo\\\/\"]}]}<\/script>\n<!-- \/ Yoast SEO plugin. -->","yoast_head_json":{"title":"Livret de progression du programme Happy Horse -","robots":{"index":"index","follow":"follow","max-snippet":"max-snippet:-1","max-image-preview":"max-image-preview:large","max-video-preview":"max-video-preview:-1"},"canonical":"https:\/\/equideo.fr\/en\/product\/livret-de-progression-du-programme-happy-horse\/","og_locale":"en_US","og_type":"article","og_title":"Livret de progression du programme Happy Horse -","og_description":"Savoir o\u00f9 vous en \u00eates vous donne une bonne base de r\u00e9f\u00e9rence et un bon point de d\u00e9part. \u00a0C\u2019est aussi motivant car vous avez un objectif clair et vous pouvez mesurer vos progr\u00e8s. Ceci est particuli\u00e8rement utile si vous avez des difficult\u00e9s \u00e0 un moment donn\u00e9, comme nous en avons tous quand il s\u2019agit d\u2019entra\u00eener [&hellip;]","og_url":"https:\/\/equideo.fr\/en\/product\/livret-de-progression-du-programme-happy-horse\/","article_publisher":"https:\/\/www.facebook.com\/centrededucationequideo","article_modified_time":"2024-06-13T07:53:30+00:00","og_image":[{"width":1613,"height":913,"url":"https:\/\/equideo.fr\/wp-content\/uploads\/2024\/06\/livret.jpg","type":"image\/jpeg"}],"twitter_card":"summary_large_image","twitter_misc":{"Est. reading time":"2 minutes"},"schema":{"@context":"https:\/\/schema.org","@graph":[{"@type":"WebPage","@id":"https:\/\/equideo.fr\/produit\/livret-de-progression-du-programme-happy-horse","url":"https:\/\/equideo.fr\/produit\/livret-de-progression-du-programme-happy-horse","name":"Livret de progression du programme Happy Horse -","isPartOf":{"@id":"https:\/\/equideo.fr\/#website"},"primaryImageOfPage":{"@id":"https:\/\/equideo.fr\/produit\/livret-de-progression-du-programme-happy-horse#primaryimage"},"image":{"@id":"https:\/\/equideo.fr\/produit\/livret-de-progression-du-programme-happy-horse#primaryimage"},"thumbnailUrl":"https:\/\/equideo.fr\/wp-content\/uploads\/2024\/06\/livret.jpg","datePublished":"2024-06-13T07:34:24+00:00","dateModified":"2024-06-13T07:53:30+00:00","breadcrumb":{"@id":"https:\/\/equideo.fr\/produit\/livret-de-progression-du-programme-happy-horse#breadcrumb"},"inLanguage":"en-US","potentialAction":[{"@type":"ReadAction","target":["https:\/\/equideo.fr\/produit\/livret-de-progression-du-programme-happy-horse"]}]},{"@type":"ImageObject","inLanguage":"en-US","@id":"https:\/\/equideo.fr\/produit\/livret-de-progression-du-programme-happy-horse#primaryimage","url":"https:\/\/equideo.fr\/wp-content\/uploads\/2024\/06\/livret.jpg","contentUrl":"https:\/\/equideo.fr\/wp-content\/uploads\/2024\/06\/livret.jpg","width":1613,"height":913},{"@type":"BreadcrumbList","@id":"https:\/\/equideo.fr\/produit\/livret-de-progression-du-programme-happy-horse#breadcrumb","itemListElement":[{"@type":"ListItem","position":1,"name":"Accueil","item":"https:\/\/equideo.fr\/"},{"@type":"ListItem","position":2,"name":"Liste Produits","item":"https:\/\/equideo.fr\/?page_id=622"},{"@type":"ListItem","position":3,"name":"Livret de progression du programme Happy Horse"}]},{"@type":"WebSite","@id":"https:\/\/equideo.fr\/#website","url":"https:\/\/equideo.fr\/","name":"Equideo.fr","description":"Equideo, training with psychology","publisher":{"@id":"https:\/\/equideo.fr\/#organization"},"alternateName":"Centre education Equideo","potentialAction":[{"@type":"SearchAction","target":{"@type":"EntryPoint","urlTemplate":"https:\/\/equideo.fr\/?s={search_term_string}"},"query-input":{"@type":"PropertyValueSpecification","valueRequired":true,"valueName":"search_term_string"}}],"inLanguage":"en-US"},{"@type":"Organization","@id":"https:\/\/equideo.fr\/#organization","name":"Equideo","url":"https:\/\/equideo.fr\/","logo":{"@type":"ImageObject","inLanguage":"en-US","@id":"https:\/\/equideo.fr\/#\/schema\/logo\/image\/","url":"https:\/\/equideo.fr\/wp-content\/uploads\/2024\/08\/logo-equideo.png","contentUrl":"https:\/\/equideo.fr\/wp-content\/uploads\/2024\/08\/logo-equideo.png","width":650,"height":650,"caption":"Equideo"},"image":{"@id":"https:\/\/equideo.fr\/#\/schema\/logo\/image\/"},"sameAs":["https:\/\/www.facebook.com\/centrededucationequideo","https:\/\/www.instagram.com\/centre_education_equideo\/"]}]}},"jetpack_sharing_enabled":true,"wcpa_form_fields":{"wcpaData":{"product":{"product_price":0,"price_html":"","original_product_price":0,"price_including_tax":0,"price_excluding_tax":0,"product_id":{"parent":14036,"variation":false},"is_variable":false,"stock_status":"instock","stock_quantity":null,"parent_sku":"","product_attributes":[],"custom_fields":[],"is_taxable":true,"product_name":"Livret de progression du programme Happy Horse","hasImage":false},"fields":{"sec_2666aa2a02eaf3":{"extra":{"key":"sec_2666aa2a02eaf3","section_id":"sec_2666aa2a02eaf3","name":"Default","status":1,"cl_rule":"show","enableCl":false,"relations":[],"toggle":true,"title_tag":"h3","show_title":false,"showPrice":"default","form_id":14043,"form_rules":{"exclude_from_discount":false,"fee_label":"Frais","disp_hide_options_price":false,"disp_show_section_price":false,"disp_show_field_price":true,"layout_option":"standard","pric_use_as_fee":false,"process_fee_as":"woo_fee"},"layout_option":"standard"},"fields":[[{"type":"header","subtype":"h1","label":"Merci de remplir les champs ci-dessous","elementId":"header_6666aa2a02eb20","cl_rule":"show","col":6,"relations":false,"active":true,"tooltip":"","error":false,"gt_translate_keys":["label","tooltip"],"price_dependency":false,"cl_dependency":false,"value":""}],[{"active":true,"col":6,"relations":false,"cl_rule":"show","enableCl":false,"price":"","enablePrice":false,"className":"","label_position":"default","desc_position":"default","type":"select","required":true,"elementId":"select_4666aa2a02eb28","label":"Je suis membre Equideo (50% de r\u00e9duction pour les membres, hors p\u00e9riode d'essai)","name":"select_4666aa2a02eb28","values":[{"label":"Oui","value":"Option - 1","selected":false,"tempId":"aco_1101","gt_translate_keys":["label"]},{"label":"Non","value":"Option - 2","selected":false,"tempId":"aco_1102","gt_translate_keys":["label"]}],"dropdown_type":"basic","error":false,"gt_translate_keys":["label"],"price_dependency":false,"cl_dependency":["select_6666aa2a02eb2d","select_9666aa2a02eb32"],"value":""}],[{"type":"select","required":true,"elementId":"select_6666aa2a02eb2d","label":"Nombre de livrets souhait\u00e9s (tarif public, frais de livraison compris)","enablePrice":true,"priceOptions":"different_for_all","pricingType":"fixed","name":"select_6666aa2a02eb2d","cl_rule":"show","col":6,"values":[{"label":"1 livret","value":"1","price":"15","pimage":"","pimage_id":"","pthumb":"","tempId":"aco_4116","gt_translate_keys":["label"]},{"label":"2 livrets","value":"2","price":"30","pimage":"","pimage_id":"","pthumb":"","tempId":"aco_4117","gt_translate_keys":["label"]},{"label":" 3 livrets","value":"3","price":"42","pimage":"","pimage_id":"","pthumb":"","tempId":"aco_4118","gt_translate_keys":["label"]},{"label":"Pack 5 livrets","value":"5","price":"50","pimage":"","pimage_id":"","pthumb":"","tempId":"aco_4120","gt_translate_keys":["label"]},{"label":"Pack 10 livrets","value":"6","selected":false,"tempId":"aco_4625","price":"70","gt_translate_keys":["label"]}],"relations":[{"operator":false,"rules":[{"operator":"AND","rules":{"cl_field":"select_4666aa2a02eb28","cl_relation":"is","cl_val":"Option - 2"}}]}],"price":0,"active":true,"tooltip":"","dropdown_type":"basic","error":false,"max_options":"0","enableCl":true,"gt_translate_keys":["label","tooltip"],"price_dependency":false,"cl_dependency":false,"value":""}],[{"label":"Nombre de livrets souhait\u00e9s (tarif membre, frais de livraison compris)","active":true,"required":true,"elementId":"select_9666aa2a02eb32","dropdown_type":"basic","tooltip":"","name":"select_9666aa2a02eb32","enablePrice":true,"relations":[{"operator":false,"rules":[{"operator":"AND","rules":{"cl_field":"select_4666aa2a02eb28","cl_relation":"is","cl_val":"Option - 1"}}]}],"max_options":"0","values":[{"label":"1 livret","value":"1","price":"7,50","pimage":"","pimage_id":"","pthumb":"","tempId":"aco_5826","gt_translate_keys":["label"]},{"label":"2 livrets","value":"2","price":"15","pimage":"","pimage_id":"","pthumb":"","tempId":"aco_5827","gt_translate_keys":["label"]},{"label":" 3 livrets","value":"3","price":"21","pimage":"","pimage_id":"","pthumb":"","tempId":"aco_5828","gt_translate_keys":["label"]},{"label":"Pack 5 livrets","value":"4","price":"25","pimage":"","pimage_id":"","pthumb":"","tempId":"aco_5829","gt_translate_keys":["label"]},{"label":"Pack 10 livrets","value":"5","price":"35","pimage":"","pimage_id":"","pthumb":"","tempId":"aco_5830","gt_translate_keys":["label"]}],"priceOptions":"different_for_all","pricingType":"fixed","price":0,"cl_rule":"show","col":6,"type":"select","error":false,"enableCl":true,"gt_translate_keys":["label","tooltip"],"price_dependency":false,"cl_dependency":false,"value":""}]]}},"config":{"price_override":"if_gt_zero","enable_recaptcha":false,"bind_quantity":false,"quantity_bind_formula":false,"disp_summ_show_option_price":true,"disp_summ_show_product_price":true,"disp_summ_show_total_price":true,"disp_summ_show_fee":false,"disp_summ_show_discount":false,"summary_title":"","options_total_label":"Options de Prix","total_label":"Total","options_product_label":"Prix produit","fee_label":"Frais","discount_label":"Discount","has_price":true,"has_quantity_formula":false},"mc_unit":1,"tax_rate":1,"tax_rate_real":0.2,"discount":{"percentage":0,"fixed":0},"design":{"conf":{"LabelPosition":"above","DescPosition":"above","UploadField":"custom_1","QuantityFieldStyle":"default"},"css":{"LeftLabelWidth":"120px"}},"formulas":[],"lookuptables":[],"clones":false,"cartKey":false}},"_links":{"self":[{"href":"https:\/\/equideo.fr\/en\/wp-json\/wp\/v2\/product\/14036","targetHints":{"allow":["GET"]}}],"collection":[{"href":"https:\/\/equideo.fr\/en\/wp-json\/wp\/v2\/product"}],"about":[{"href":"https:\/\/equideo.fr\/en\/wp-json\/wp\/v2\/types\/product"}],"version-history":[{"count":1,"href":"https:\/\/equideo.fr\/en\/wp-json\/wp\/v2\/product\/14036\/revisions"}],"predecessor-version":[{"id":14041,"href":"https:\/\/equideo.fr\/en\/wp-json\/wp\/v2\/product\/14036\/revisions\/14041"}],"wp:featuredmedia":[{"embeddable":true,"href":"https:\/\/equideo.fr\/en\/wp-json\/wp\/v2\/media\/14038"}],"wp:attachment":[{"href":"https:\/\/equideo.fr\/en\/wp-json\/wp\/v2\/media?parent=14036"}],"wp:term":[{"taxonomy":"product_brand","embeddable":true,"href":"https:\/\/equideo.fr\/en\/wp-json\/wp\/v2\/product_brand?post=14036"},{"taxonomy":"product_cat","embeddable":true,"href":"https:\/\/equideo.fr\/en\/wp-json\/wp\/v2\/product_cat?post=14036"},{"taxonomy":"product_tag","embeddable":true,"href":"https:\/\/equideo.fr\/en\/wp-json\/wp\/v2\/product_tag?post=14036"}],"curies":[{"name":"wp","href":"https:\/\/api.w.org\/{rel}","templated":true}]}}