{"id":1595,"date":"2021-01-17T16:24:54","date_gmt":"2021-01-17T16:24:54","guid":{"rendered":"http:\/\/members.equideo.fr\/?post_type=product&#038;p=1595"},"modified":"2023-06-18T15:10:29","modified_gmt":"2023-06-18T15:10:29","slug":"cheval-complique","status":"publish","type":"product","link":"https:\/\/equideo.fr\/en\/product\/cheval-complique","title":{"rendered":"Complicated horse riding lessons, loading a horse trailer, specific case"},"content":{"rendered":"<p>Some horses have phobias, reactions, and patterns ingrained in them for years. It takes real expertise and precise timing to help these sensitive horses. Nothing is ever truly lost, and everything can be improved, provided you put yourself in their place and see things from their perspective.<\/p>\n<p>Discover specialized educational sessions and courses for situations that have become complicated, dangerous, incomprehensible.<\/p>\n<p>Do you need help? We&#039;re here specifically for you and your horse, either at the Equideo Training Center or at your home. Tell us your story, your needs, and your challenges. Last-minute trailer loading is possible through this session (PLEASE NOTE: a horse that has been loaded into a trailer may not travel well in the back. Please inform us of the destination in advance if assistance is needed for its return to the stable).<\/p>\n<p>Don&#039;t stay alone with your problem any longer, discover the solutions that exist with us!<\/p>\n<p>We can discuss it together either by email: contact@equideo.fr or by phone at 06 78 34 92 70<\/p>","protected":false},"excerpt":{"rendered":"<p>Discover our specialized training sessions and courses for situations that have become complicated, dangerous, or incomprehensible. Do you need help? We&#039;re here specifically for you and your horse, at the Equid\u00e9o Training Center or in your own home. Tell us your story, your needs, and your challenges. Last-minute enrollment is possible through this session.<\/p>","protected":false},"featured_media":3641,"template":"","meta":{"ocean_post_layout":"","ocean_both_sidebars_style":"","ocean_both_sidebars_content_width":0,"ocean_both_sidebars_sidebars_width":0,"ocean_sidebar":"0","ocean_second_sidebar":"0","ocean_disable_margins":"enable","ocean_add_body_class":"","ocean_shortcode_before_top_bar":"","ocean_shortcode_after_top_bar":"","ocean_shortcode_before_header":"","ocean_shortcode_after_header":"","ocean_has_shortcode":"","ocean_shortcode_after_title":"","ocean_shortcode_before_footer_widgets":"","ocean_shortcode_after_footer_widgets":"","ocean_shortcode_before_footer_bottom":"","ocean_shortcode_after_footer_bottom":"","ocean_display_top_bar":"default","ocean_display_header":"default","ocean_header_style":"","ocean_center_header_left_menu":"0","ocean_custom_header_template":"0","ocean_custom_logo":0,"ocean_custom_retina_logo":0,"ocean_custom_logo_max_width":0,"ocean_custom_logo_tablet_max_width":0,"ocean_custom_logo_mobile_max_width":0,"ocean_custom_logo_max_height":0,"ocean_custom_logo_tablet_max_height":0,"ocean_custom_logo_mobile_max_height":0,"ocean_header_custom_menu":"0","ocean_menu_typo_font_family":"0","ocean_menu_typo_font_subset":"","ocean_menu_typo_font_size":0,"ocean_menu_typo_font_size_tablet":0,"ocean_menu_typo_font_size_mobile":0,"ocean_menu_typo_font_size_unit":"px","ocean_menu_typo_font_weight":"","ocean_menu_typo_font_weight_tablet":"","ocean_menu_typo_font_weight_mobile":"","ocean_menu_typo_transform":"","ocean_menu_typo_transform_tablet":"","ocean_menu_typo_transform_mobile":"","ocean_menu_typo_line_height":0,"ocean_menu_typo_line_height_tablet":0,"ocean_menu_typo_line_height_mobile":0,"ocean_menu_typo_line_height_unit":"","ocean_menu_typo_spacing":0,"ocean_menu_typo_spacing_tablet":0,"ocean_menu_typo_spacing_mobile":0,"ocean_menu_typo_spacing_unit":"","ocean_menu_link_color":"","ocean_menu_link_color_hover":"","ocean_menu_link_color_active":"","ocean_menu_link_background":"","ocean_menu_link_hover_background":"","ocean_menu_link_active_background":"","ocean_menu_social_links_bg":"","ocean_menu_social_hover_links_bg":"","ocean_menu_social_links_color":"","ocean_menu_social_hover_links_color":"","ocean_disable_title":"default","ocean_disable_heading":"default","ocean_post_title":"","ocean_post_subheading":"","ocean_post_title_style":"","ocean_post_title_background_color":"","ocean_post_title_background":0,"ocean_post_title_bg_image_position":"","ocean_post_title_bg_image_attachment":"","ocean_post_title_bg_image_repeat":"","ocean_post_title_bg_image_size":"","ocean_post_title_height":0,"ocean_post_title_bg_overlay":0.5,"ocean_post_title_bg_overlay_color":"","ocean_disable_breadcrumbs":"default","ocean_breadcrumbs_color":"","ocean_breadcrumbs_separator_color":"","ocean_breadcrumbs_links_color":"","ocean_breadcrumbs_links_hover_color":"","ocean_display_footer_widgets":"default","ocean_display_footer_bottom":"default","ocean_custom_footer_template":"0"},"product_brand":[],"product_cat":[21],"product_tag":[],"class_list":{"0":"post-1595","1":"product","2":"type-product","3":"status-publish","4":"has-post-thumbnail","6":"product_cat-travail-du-cheval","8":"entry","9":"has-media","10":"wcpa_has_options","12":"first","13":"instock","14":"taxable","15":"shipping-taxable","16":"purchasable","17":"product-type-simple","18":"has-product-nav","19":"col","20":"span_1_of_4","21":"owp-content-center","22":"owp-thumbs-layout-horizontal","23":"owp-btn-big","24":"owp-tabs-layout-horizontal","26":"circle-sale"},"yoast_head":"<!-- This site is optimized with the Yoast SEO plugin v27.5 - https:\/\/yoast.com\/product\/yoast-seo-wordpress\/ -->\n<title>Cours cheval compliqu\u00e9, embarquement van, cas sp\u00e9cifique -<\/title>\n<meta name=\"robots\" content=\"index, follow, max-snippet:-1, max-image-preview:large, max-video-preview:-1\" \/>\n<link rel=\"canonical\" href=\"https:\/\/equideo.fr\/en\/product\/cheval-complique\/\" \/>\n<meta property=\"og:locale\" content=\"en_US\" \/>\n<meta property=\"og:type\" content=\"article\" \/>\n<meta property=\"og:title\" content=\"Cours cheval compliqu\u00e9, embarquement van, cas sp\u00e9cifique -\" \/>\n<meta property=\"og:description\" content=\"D\u00e9couvrez les s\u00e9ances et cours d&#039;\u00e9ducation sp\u00e9cialis\u00e9s pour des situations devenues compliqu\u00e9es, dangereuses, incompr\u00e9hensibles. Vous avez besoin d&#039;aide ? Nous sommes l\u00e0 sp\u00e9cialement pour votre duo, au Centre d&#039;\u00e9ducation Equid\u00e9o ou chez vous. Racontez-nous votre histoire, vos besoins, vos probl\u00e9matiques. Embarquement de derni\u00e8re minute possible via cette s\u00e9ance.\" \/>\n<meta property=\"og:url\" content=\"https:\/\/equideo.fr\/en\/product\/cheval-complique\/\" \/>\n<meta property=\"article:publisher\" content=\"https:\/\/www.facebook.com\/centrededucationequideo\" \/>\n<meta property=\"article:modified_time\" content=\"2023-06-18T15:10:29+00:00\" \/>\n<meta property=\"og:image\" content=\"https:\/\/equideo.fr\/wp-content\/uploads\/2021\/01\/jeunes-chevaux.jpeg\" \/>\n\t<meta property=\"og:image:width\" content=\"2048\" \/>\n\t<meta property=\"og:image:height\" content=\"1536\" \/>\n\t<meta property=\"og:image:type\" content=\"image\/jpeg\" \/>\n<meta name=\"twitter:card\" content=\"summary_large_image\" \/>\n<meta name=\"twitter:label1\" content=\"Est. reading time\" \/>\n\t<meta name=\"twitter:data1\" content=\"1 minute\" \/>\n<script type=\"application\/ld+json\" class=\"yoast-schema-graph\">{\"@context\":\"https:\\\/\\\/schema.org\",\"@graph\":[{\"@type\":\"WebPage\",\"@id\":\"https:\\\/\\\/equideo.fr\\\/produit\\\/cheval-complique\",\"url\":\"https:\\\/\\\/equideo.fr\\\/produit\\\/cheval-complique\",\"name\":\"Cours cheval compliqu\u00e9, embarquement van, cas sp\u00e9cifique -\",\"isPartOf\":{\"@id\":\"https:\\\/\\\/equideo.fr\\\/#website\"},\"primaryImageOfPage\":{\"@id\":\"https:\\\/\\\/equideo.fr\\\/produit\\\/cheval-complique#primaryimage\"},\"image\":{\"@id\":\"https:\\\/\\\/equideo.fr\\\/produit\\\/cheval-complique#primaryimage\"},\"thumbnailUrl\":\"https:\\\/\\\/equideo.fr\\\/wp-content\\\/uploads\\\/2021\\\/01\\\/jeunes-chevaux.jpeg\",\"datePublished\":\"2021-01-17T16:24:54+00:00\",\"dateModified\":\"2023-06-18T15:10:29+00:00\",\"breadcrumb\":{\"@id\":\"https:\\\/\\\/equideo.fr\\\/produit\\\/cheval-complique#breadcrumb\"},\"inLanguage\":\"en-US\",\"potentialAction\":[{\"@type\":\"ReadAction\",\"target\":[\"https:\\\/\\\/equideo.fr\\\/produit\\\/cheval-complique\"]}]},{\"@type\":\"ImageObject\",\"inLanguage\":\"en-US\",\"@id\":\"https:\\\/\\\/equideo.fr\\\/produit\\\/cheval-complique#primaryimage\",\"url\":\"https:\\\/\\\/equideo.fr\\\/wp-content\\\/uploads\\\/2021\\\/01\\\/jeunes-chevaux.jpeg\",\"contentUrl\":\"https:\\\/\\\/equideo.fr\\\/wp-content\\\/uploads\\\/2021\\\/01\\\/jeunes-chevaux.jpeg\",\"width\":2048,\"height\":1536},{\"@type\":\"BreadcrumbList\",\"@id\":\"https:\\\/\\\/equideo.fr\\\/produit\\\/cheval-complique#breadcrumb\",\"itemListElement\":[{\"@type\":\"ListItem\",\"position\":1,\"name\":\"Accueil\",\"item\":\"https:\\\/\\\/equideo.fr\\\/\"},{\"@type\":\"ListItem\",\"position\":2,\"name\":\"Liste Produits\",\"item\":\"https:\\\/\\\/equideo.fr\\\/?page_id=622\"},{\"@type\":\"ListItem\",\"position\":3,\"name\":\"Cours cheval compliqu\u00e9, embarquement van, cas sp\u00e9cifique\"}]},{\"@type\":\"WebSite\",\"@id\":\"https:\\\/\\\/equideo.fr\\\/#website\",\"url\":\"https:\\\/\\\/equideo.fr\\\/\",\"name\":\"Equideo.fr\",\"description\":\"Equideo, entra\u00eener avec psychologie\",\"publisher\":{\"@id\":\"https:\\\/\\\/equideo.fr\\\/#organization\"},\"alternateName\":\"Centre education Equideo\",\"potentialAction\":[{\"@type\":\"SearchAction\",\"target\":{\"@type\":\"EntryPoint\",\"urlTemplate\":\"https:\\\/\\\/equideo.fr\\\/?s={search_term_string}\"},\"query-input\":{\"@type\":\"PropertyValueSpecification\",\"valueRequired\":true,\"valueName\":\"search_term_string\"}}],\"inLanguage\":\"en-US\"},{\"@type\":\"Organization\",\"@id\":\"https:\\\/\\\/equideo.fr\\\/#organization\",\"name\":\"Equideo\",\"url\":\"https:\\\/\\\/equideo.fr\\\/\",\"logo\":{\"@type\":\"ImageObject\",\"inLanguage\":\"en-US\",\"@id\":\"https:\\\/\\\/equideo.fr\\\/#\\\/schema\\\/logo\\\/image\\\/\",\"url\":\"https:\\\/\\\/equideo.fr\\\/wp-content\\\/uploads\\\/2024\\\/08\\\/logo-equideo.png\",\"contentUrl\":\"https:\\\/\\\/equideo.fr\\\/wp-content\\\/uploads\\\/2024\\\/08\\\/logo-equideo.png\",\"width\":650,\"height\":650,\"caption\":\"Equideo\"},\"image\":{\"@id\":\"https:\\\/\\\/equideo.fr\\\/#\\\/schema\\\/logo\\\/image\\\/\"},\"sameAs\":[\"https:\\\/\\\/www.facebook.com\\\/centrededucationequideo\",\"https:\\\/\\\/www.instagram.com\\\/centre_education_equideo\\\/\"]}]}<\/script>\n<!-- \/ Yoast SEO plugin. -->","yoast_head_json":{"title":"Cours cheval compliqu\u00e9, embarquement van, cas sp\u00e9cifique -","robots":{"index":"index","follow":"follow","max-snippet":"max-snippet:-1","max-image-preview":"max-image-preview:large","max-video-preview":"max-video-preview:-1"},"canonical":"https:\/\/equideo.fr\/en\/product\/cheval-complique\/","og_locale":"en_US","og_type":"article","og_title":"Cours cheval compliqu\u00e9, embarquement van, cas sp\u00e9cifique -","og_description":"D\u00e9couvrez les s\u00e9ances et cours d'\u00e9ducation sp\u00e9cialis\u00e9s pour des situations devenues compliqu\u00e9es, dangereuses, incompr\u00e9hensibles. Vous avez besoin d'aide ? Nous sommes l\u00e0 sp\u00e9cialement pour votre duo, au Centre d'\u00e9ducation Equid\u00e9o ou chez vous. Racontez-nous votre histoire, vos besoins, vos probl\u00e9matiques. Embarquement de derni\u00e8re minute possible via cette s\u00e9ance.","og_url":"https:\/\/equideo.fr\/en\/product\/cheval-complique\/","article_publisher":"https:\/\/www.facebook.com\/centrededucationequideo","article_modified_time":"2023-06-18T15:10:29+00:00","og_image":[{"width":2048,"height":1536,"url":"https:\/\/equideo.fr\/wp-content\/uploads\/2021\/01\/jeunes-chevaux.jpeg","type":"image\/jpeg"}],"twitter_card":"summary_large_image","twitter_misc":{"Est. reading time":"1 minute"},"schema":{"@context":"https:\/\/schema.org","@graph":[{"@type":"WebPage","@id":"https:\/\/equideo.fr\/produit\/cheval-complique","url":"https:\/\/equideo.fr\/produit\/cheval-complique","name":"Cours cheval compliqu\u00e9, embarquement van, cas sp\u00e9cifique -","isPartOf":{"@id":"https:\/\/equideo.fr\/#website"},"primaryImageOfPage":{"@id":"https:\/\/equideo.fr\/produit\/cheval-complique#primaryimage"},"image":{"@id":"https:\/\/equideo.fr\/produit\/cheval-complique#primaryimage"},"thumbnailUrl":"https:\/\/equideo.fr\/wp-content\/uploads\/2021\/01\/jeunes-chevaux.jpeg","datePublished":"2021-01-17T16:24:54+00:00","dateModified":"2023-06-18T15:10:29+00:00","breadcrumb":{"@id":"https:\/\/equideo.fr\/produit\/cheval-complique#breadcrumb"},"inLanguage":"en-US","potentialAction":[{"@type":"ReadAction","target":["https:\/\/equideo.fr\/produit\/cheval-complique"]}]},{"@type":"ImageObject","inLanguage":"en-US","@id":"https:\/\/equideo.fr\/produit\/cheval-complique#primaryimage","url":"https:\/\/equideo.fr\/wp-content\/uploads\/2021\/01\/jeunes-chevaux.jpeg","contentUrl":"https:\/\/equideo.fr\/wp-content\/uploads\/2021\/01\/jeunes-chevaux.jpeg","width":2048,"height":1536},{"@type":"BreadcrumbList","@id":"https:\/\/equideo.fr\/produit\/cheval-complique#breadcrumb","itemListElement":[{"@type":"ListItem","position":1,"name":"Accueil","item":"https:\/\/equideo.fr\/"},{"@type":"ListItem","position":2,"name":"Liste Produits","item":"https:\/\/equideo.fr\/?page_id=622"},{"@type":"ListItem","position":3,"name":"Cours cheval compliqu\u00e9, embarquement van, cas sp\u00e9cifique"}]},{"@type":"WebSite","@id":"https:\/\/equideo.fr\/#website","url":"https:\/\/equideo.fr\/","name":"Equideo.fr","description":"Equideo, training with psychology","publisher":{"@id":"https:\/\/equideo.fr\/#organization"},"alternateName":"Centre education Equideo","potentialAction":[{"@type":"SearchAction","target":{"@type":"EntryPoint","urlTemplate":"https:\/\/equideo.fr\/?s={search_term_string}"},"query-input":{"@type":"PropertyValueSpecification","valueRequired":true,"valueName":"search_term_string"}}],"inLanguage":"en-US"},{"@type":"Organization","@id":"https:\/\/equideo.fr\/#organization","name":"Equideo","url":"https:\/\/equideo.fr\/","logo":{"@type":"ImageObject","inLanguage":"en-US","@id":"https:\/\/equideo.fr\/#\/schema\/logo\/image\/","url":"https:\/\/equideo.fr\/wp-content\/uploads\/2024\/08\/logo-equideo.png","contentUrl":"https:\/\/equideo.fr\/wp-content\/uploads\/2024\/08\/logo-equideo.png","width":650,"height":650,"caption":"Equideo"},"image":{"@id":"https:\/\/equideo.fr\/#\/schema\/logo\/image\/"},"sameAs":["https:\/\/www.facebook.com\/centrededucationequideo","https:\/\/www.instagram.com\/centre_education_equideo\/"]}]}},"jetpack_sharing_enabled":true,"wcpa_form_fields":{"wcpaData":{"product":{"product_price":250,"price_html":"<span class=\"woocommerce-Price-amount amount\"><bdi>250,00&nbsp;<span class=\"woocommerce-Price-currencySymbol\">&euro;<\/span><\/bdi><\/span>","original_product_price":250,"price_including_tax":250,"price_excluding_tax":208.333333,"product_id":{"parent":1595,"variation":false},"is_variable":false,"stock_status":"instock","stock_quantity":null,"parent_sku":"1595","product_attributes":[],"custom_fields":[],"is_taxable":true,"product_name":"Cours cheval compliqu\u00e9, embarquement van, cas sp\u00e9cifique","hasImage":false},"fields":{"sec_66513df1076add":{"extra":{"key":"sec_66513df1076add","section_id":"sec_66513df1076add","name":"Default","status":1,"cl_rule":"show","enableCl":false,"relations":[],"toggle":true,"title_tag":"h3","show_title":false,"showPrice":"default","form_id":12983,"form_rules":{"exclude_from_discount":false,"fee_label":"Frais","disp_hide_options_price":false,"disp_show_section_price":false,"disp_show_field_price":true,"layout_option":"standard","pric_use_as_fee":false,"process_fee_as":"woo_fee"},"layout_option":"standard"},"fields":[[{"label":"Je suis membre Equideo (je b\u00e9n\u00e9ficie de 10% de r\u00e9duction)","active":true,"elementId":"select-8011139761","dropdown_type":"basic","tooltip":"","name":"select-8011139761","enablePrice":true,"relations":false,"values":[{"label":"Oui","value":"option-1","price":"90","pimage":"","pimage_id":"","pthumb":"","gt_translate_keys":["label"]},{"label":"Non","value":"option-2","price":"100","pimage":"","pimage_id":"","pthumb":"","selected":true,"gt_translate_keys":["label"]}],"priceOptions":"different_for_all","pricingType":"percentage","price":0,"cl_rule":"show","col":6,"type":"select","error":false,"gt_translate_keys":["label","tooltip"],"price_dependency":false,"cl_dependency":false,"value":""}]]},"sec_2651fbfe128a3b":{"extra":{"key":"sec_2651fbfe128a3b","section_id":"sec_2651fbfe128a3b","name":"Default","status":1,"cl_rule":"show","enableCl":false,"relations":[],"toggle":true,"title_tag":"h3","show_title":false,"showPrice":"default","form_id":13314,"form_rules":{"exclude_from_discount":false,"fee_label":"Frais","disp_hide_options_price":false,"disp_show_section_price":false,"disp_show_field_price":true,"layout_option":"standard","pric_use_as_fee":false,"process_fee_as":"woo_fee"},"layout_option":"standard"},"fields":[[{"type":"header","subtype":"h2","label":"Options d\u00e9placement","elementId":"wcpa-header-648f2679df587","cl_rule":"show","col":6,"relations":false,"active":true,"tooltip":"","gt_translate_keys":["label","tooltip"],"price_dependency":false,"cl_dependency":false,"value":""}],[{"type":"radio-group","required":false,"elementId":"wcpa-radio-group-648f2679df5a3","label":"La s\u00e9ance aura t'elle lieu \u00e0 Equideo m\u00eame ?","priceOptions":"different_for_all","pricingType":"fixed","name":"radio-group-648f2679df5a9","other_text":"Other","cl_rule":"show","col":6,"values":[{"label":"Oui","value":"oui","price":"","pimage":"","pimage_id":"","pthumb":"","tempId":"aco_20","selected":true,"gt_translate_keys":["label"]},{"label":"Non","value":"non","price":"","pimage":"","pimage_id":"","pthumb":"","tempId":"aco_21","selected":false,"gt_translate_keys":["label"]}],"relations":[{"operator":false,"rules":[{"operator":false,"rules":{"cl_field":"0","cl_relation":"is","cl_val":false}}]}],"active":true,"tooltip":"","layOut":"","checkUi":"","error":false,"gt_translate_keys":["label","tooltip"],"price_dependency":false,"cl_dependency":["wcpa-select-648f2679df5b7"],"value":""}],[{"type":"select","elementId":"wcpa-select-648f2679df5b7","label":"Distance en kms par Aller-Retour (le tarif est calcul\u00e9 automatiquement pour l'Aller + le Retour)","description":"A quelle distance d'Equideo aura lieu le cours ? Pour les d\u00e9placements au del\u00e0 de 100kms, contact par mail ou t\u00e9l\u00e9phone au pr\u00e9alable.","enablePrice":true,"priceOptions":"different_for_all","pricingType":"custom","is_show_price":false,"name":"select-648f2679df5bb","enableCl":true,"cl_rule":"show","cl_val":"non","col":6,"values":[{"label":"de 10 km \u00e0 20 km","value":"option-2","price":"21","pimage":"","pimage_id":"","pthumb":"","selected":true,"gt_translate_keys":["label"]},{"label":"de 20 km \u00e0 30 km","value":"option-3","price":"33","pimage":"","pimage_id":"","pthumb":"","gt_translate_keys":["label"]},{"label":"de 30 km \u00e0 40 km","value":"option-4","price":"45","pimage":"","pimage_id":"","pthumb":"","gt_translate_keys":["label"]},{"label":"de 40 km \u00e0 50 km","value":"option-5","price":"57","pimage":"","pimage_id":"","pthumb":"","gt_translate_keys":["label"]},{"label":"de 50 km \u00e0 60 km","value":"option-6","price":"69","pimage":"","pimage_id":"","pthumb":"","gt_translate_keys":["label"]},{"label":"de 60 km \u00e0 70 km","value":"option-7","price":"81","pimage":"","pimage_id":"","pthumb":"","gt_translate_keys":["label"]},{"label":"de 70 km \u00e0 80 km","value":"option-8","price":"93","pimage":"","pimage_id":"","pthumb":"","gt_translate_keys":["label"]},{"label":"de 80 km \u00e0 90 km","value":"option-9","price":"105","pimage":"","pimage_id":"","pthumb":"","gt_translate_keys":["label"]},{"label":"de 90 km \u00e0 100 km","value":"option-100","price":"117","pimage":"","pimage_id":"","pthumb":"","gt_translate_keys":["label"]}],"relations":[{"operator":false,"rules":[{"operator":false,"rules":{"cl_field":"wcpa-radio-group-648f2679df5a3","cl_relation":"is","cl_val":"non"}}]}],"price":0,"active":true,"tooltip":"","isTemplate":false,"error":false,"gt_translate_keys":["label","description","tooltip"],"price_dependency":false,"cl_dependency":false,"value":""}]]}},"config":{"price_override":"if_gt_zero","enable_recaptcha":false,"bind_quantity":false,"quantity_bind_formula":false,"disp_summ_show_option_price":true,"disp_summ_show_product_price":true,"disp_summ_show_total_price":true,"disp_summ_show_fee":false,"disp_summ_show_discount":false,"summary_title":"","options_total_label":"Options de prix","total_label":"Total","options_product_label":"Prix produit","fee_label":"Frais","discount_label":"Rabais","has_price":true,"has_quantity_formula":false},"mc_unit":1,"tax_rate":1,"tax_rate_real":0.2,"discount":{"percentage":0,"fixed":0},"design":{"conf":{"LabelPosition":"above","DescPosition":"above","UploadField":"custom_1","QuantityFieldStyle":"default"},"css":{"LeftLabelWidth":"120px"}},"formulas":[],"lookuptables":[],"clones":false,"cartKey":false}},"_links":{"self":[{"href":"https:\/\/equideo.fr\/en\/wp-json\/wp\/v2\/product\/1595","targetHints":{"allow":["GET"]}}],"collection":[{"href":"https:\/\/equideo.fr\/en\/wp-json\/wp\/v2\/product"}],"about":[{"href":"https:\/\/equideo.fr\/en\/wp-json\/wp\/v2\/types\/product"}],"version-history":[{"count":7,"href":"https:\/\/equideo.fr\/en\/wp-json\/wp\/v2\/product\/1595\/revisions"}],"predecessor-version":[{"id":13304,"href":"https:\/\/equideo.fr\/en\/wp-json\/wp\/v2\/product\/1595\/revisions\/13304"}],"wp:featuredmedia":[{"embeddable":true,"href":"https:\/\/equideo.fr\/en\/wp-json\/wp\/v2\/media\/3641"}],"wp:attachment":[{"href":"https:\/\/equideo.fr\/en\/wp-json\/wp\/v2\/media?parent=1595"}],"wp:term":[{"taxonomy":"product_brand","embeddable":true,"href":"https:\/\/equideo.fr\/en\/wp-json\/wp\/v2\/product_brand?post=1595"},{"taxonomy":"product_cat","embeddable":true,"href":"https:\/\/equideo.fr\/en\/wp-json\/wp\/v2\/product_cat?post=1595"},{"taxonomy":"product_tag","embeddable":true,"href":"https:\/\/equideo.fr\/en\/wp-json\/wp\/v2\/product_tag?post=1595"}],"curies":[{"name":"wp","href":"https:\/\/api.w.org\/{rel}","templated":true}]}}