{"id":16234,"date":"2024-09-22T12:54:59","date_gmt":"2024-09-22T12:54:59","guid":{"rendered":"https:\/\/equideo.fr\/?post_type=product&#038;p=16234"},"modified":"2024-11-07T07:49:57","modified_gmt":"2024-11-07T07:49:57","slug":"visio-conference-peurs-emotions-fitness-emotionnel-du-cheval-et-du-cavalier","status":"publish","type":"product","link":"https:\/\/equideo.fr\/en\/product\/visio-conference-peurs-emotions-fitness-emotionnel-du-cheval-et-du-cavalier","title":{"rendered":"Conference Replay: Fears, emotions, and emotional fitness of the horse and rider"},"content":{"rendered":"<p><em>Fear occurs when your brain detects a source of danger, either because you lose control, or when you are faced with the unknown, or when you relive a situation with a bad experience, etc.\u00a0<em id=\"isPasted\">Knowledge and understanding give you the keys, strategies and techniques to keep you safe in many situations.\u00a0<\/em><\/em><\/p>\n<p><img fetchpriority=\"high\" decoding=\"async\" class=\"wp-image-14651 aligncenter\" src=\"https:\/\/equideo.fr\/wp-content\/uploads\/2024\/08\/49938200_1911495565642944_5797912486153814016_o-300x200.jpg\" alt=\"\" width=\"371\" height=\"247\" srcset=\"https:\/\/equideo.fr\/wp-content\/uploads\/2024\/08\/49938200_1911495565642944_5797912486153814016_o-300x200.jpg 300w, https:\/\/equideo.fr\/wp-content\/uploads\/2024\/08\/49938200_1911495565642944_5797912486153814016_o-1024x683.jpg 1024w, https:\/\/equideo.fr\/wp-content\/uploads\/2024\/08\/49938200_1911495565642944_5797912486153814016_o-768x512.jpg 768w, https:\/\/equideo.fr\/wp-content\/uploads\/2024\/08\/49938200_1911495565642944_5797912486153814016_o-1536x1024.jpg 1536w, https:\/\/equideo.fr\/wp-content\/uploads\/2024\/08\/49938200_1911495565642944_5797912486153814016_o-600x400.jpg 600w, https:\/\/equideo.fr\/wp-content\/uploads\/2024\/08\/49938200_1911495565642944_5797912486153814016_o.jpg 2048w\" sizes=\"(max-width: 371px) 100vw, 371px\" \/><\/p>\n<p id=\"isPasted\">To be afraid means to feel in danger, for oneself, for one&#039;s friends, for one&#039;s children, or for one&#039;s horse.<\/p>\n<p>The brain&#039;s mechanism is the same whether you are facing a real fear or a fictional fear.<\/p>\n<p>You lose control, you lose your bearings, you lose your action plan, etc.<\/p>\n<h2>Share it<\/h2>\n<p>Solutions emerge as you dare to admit your fear to someone you trust. Expressing your feelings allows you to assess the situation. Even if you&#039;re alone, say it out loud! If your body is sending you a message of fear, it certainly has its reasons.<\/p>\n<p><img decoding=\"async\" class=\"wp-image-16235 aligncenter\" src=\"https:\/\/equideo.fr\/wp-content\/uploads\/2024\/09\/Il-faut-quon-parle-300x197.jpg\" alt=\"\" width=\"471\" height=\"309\" srcset=\"https:\/\/equideo.fr\/wp-content\/uploads\/2024\/09\/Il-faut-quon-parle-300x197.jpg 300w, https:\/\/equideo.fr\/wp-content\/uploads\/2024\/09\/Il-faut-quon-parle-1024x674.jpg 1024w, https:\/\/equideo.fr\/wp-content\/uploads\/2024\/09\/Il-faut-quon-parle-768x505.jpg 768w, https:\/\/equideo.fr\/wp-content\/uploads\/2024\/09\/Il-faut-quon-parle-1536x1010.jpg 1536w, https:\/\/equideo.fr\/wp-content\/uploads\/2024\/09\/Il-faut-quon-parle-2048x1347.jpg 2048w, https:\/\/equideo.fr\/wp-content\/uploads\/2024\/09\/Il-faut-quon-parle-600x395.jpg 600w\" sizes=\"(max-width: 471px) 100vw, 471px\" \/><\/p>\n<h2>Get to safety<\/h2>\n<p>When fear is present, actions will be stress reactions. Slow down, dismount, move your horse away from you\u2014whatever it is, just find a comfortable area.<\/p>\n<p>Here you are applying the mechanism of\u00a0<em><strong>R<\/strong><\/em><em><strong>trait<\/strong><\/em>.<\/p>\n<p>Before acting, you need to be able to think, and to think, you need to regain your composure. Ensuring your safety brings you composure.<\/p>\n<h2>Read, observe, learn<\/h2>\n<p>You may not reach your initially planned goal today. However, learning to read the green lights within yourself, just as you would with your horse, is the foundation for achieving your next goal.\u00a0<em><strong>Approach<\/strong><\/em>.<\/p>\n<p><img decoding=\"async\" class=\"wp-image-13090 aligncenter\" src=\"https:\/\/members.equideo.fr\/wp-content\/uploads\/2023\/05\/IMG_0317-300x200.jpg\" alt=\"\" width=\"494\" height=\"329\" srcset=\"https:\/\/equideo.fr\/wp-content\/uploads\/2023\/05\/IMG_0317-300x200.jpg 300w, https:\/\/equideo.fr\/wp-content\/uploads\/2023\/05\/IMG_0317-1024x683.jpg 1024w, https:\/\/equideo.fr\/wp-content\/uploads\/2023\/05\/IMG_0317-768x512.jpg 768w, https:\/\/equideo.fr\/wp-content\/uploads\/2023\/05\/IMG_0317-1536x1024.jpg 1536w, https:\/\/equideo.fr\/wp-content\/uploads\/2023\/05\/IMG_0317-2048x1365.jpg 2048w, https:\/\/equideo.fr\/wp-content\/uploads\/2023\/05\/IMG_0317-600x400.jpg 600w\" sizes=\"(max-width: 494px) 100vw, 494px\" \/><\/p>\n<p><strong>For over an hour, I invite you to understand your fear, to know why it affects you so deeply, and above all, to discover all the possible solutions to implement.<\/strong><\/p>\n<p>&nbsp;<\/p>\n<p><strong>After your purchase, you will receive a confirmation message with a link to the page containing your video conference. To access more conferences, you have two options:\u00a0<\/strong><\/p>\n<ol>\n<li><strong>Lifetime access to all conferences: Be a member of the Equideo online training program. You have access to all past and future replays, regardless of the subscription you choose. All future conferences are offered at a reduced price for Discovery subscription members and are FREE for Full subscription members.\u00a0<\/strong><\/li>\n<li><strong>Choose the 5 CONFERENCE PACKAGE \u20ac34.90 <\/strong>(instead of \u20ac74.50)<strong> Your email address will then be registered, and you will receive an invitation to participate in each new conference, and subsequently access to the replays. You can also add to your cart the 5 conferences you wish to access.\u00a0<\/strong><\/li>\n<\/ol>\n<p>&nbsp;<\/p>","protected":false},"excerpt":{"rendered":"<p>La peur survient quand votre cerveau d\u00e9tecte une source de danger, soit parce que l&#8217;on perd du contr\u00f4le, ou bien quand on est face \u00e0 l&#8217;inconnu, ou quand on revit une situation avec une mauvaise exp\u00e9rience, etc.\u00a0Connaissance et compr\u00e9hension vous donnent des cl\u00e9s, des strat\u00e9gies et de la technique pour vous mettre en s\u00e9curit\u00e9 dans [&hellip;]<\/p>\n","protected":false},"featured_media":16238,"template":"","meta":{"ocean_post_layout":"","ocean_both_sidebars_style":"","ocean_both_sidebars_content_width":0,"ocean_both_sidebars_sidebars_width":0,"ocean_sidebar":"0","ocean_second_sidebar":"0","ocean_disable_margins":"enable","ocean_add_body_class":"","ocean_shortcode_before_top_bar":"","ocean_shortcode_after_top_bar":"","ocean_shortcode_before_header":"","ocean_shortcode_after_header":"","ocean_has_shortcode":"","ocean_shortcode_after_title":"","ocean_shortcode_before_footer_widgets":"","ocean_shortcode_after_footer_widgets":"","ocean_shortcode_before_footer_bottom":"","ocean_shortcode_after_footer_bottom":"","ocean_display_top_bar":"default","ocean_display_header":"default","ocean_header_style":"","ocean_center_header_left_menu":"0","ocean_custom_header_template":"0","ocean_custom_logo":0,"ocean_custom_retina_logo":0,"ocean_custom_logo_max_width":0,"ocean_custom_logo_tablet_max_width":0,"ocean_custom_logo_mobile_max_width":0,"ocean_custom_logo_max_height":0,"ocean_custom_logo_tablet_max_height":0,"ocean_custom_logo_mobile_max_height":0,"ocean_header_custom_menu":"0","ocean_menu_typo_font_family":"0","ocean_menu_typo_font_subset":"","ocean_menu_typo_font_size":0,"ocean_menu_typo_font_size_tablet":0,"ocean_menu_typo_font_size_mobile":0,"ocean_menu_typo_font_size_unit":"px","ocean_menu_typo_font_weight":"","ocean_menu_typo_font_weight_tablet":"","ocean_menu_typo_font_weight_mobile":"","ocean_menu_typo_transform":"","ocean_menu_typo_transform_tablet":"","ocean_menu_typo_transform_mobile":"","ocean_menu_typo_line_height":0,"ocean_menu_typo_line_height_tablet":0,"ocean_menu_typo_line_height_mobile":0,"ocean_menu_typo_line_height_unit":"","ocean_menu_typo_spacing":0,"ocean_menu_typo_spacing_tablet":0,"ocean_menu_typo_spacing_mobile":0,"ocean_menu_typo_spacing_unit":"","ocean_menu_link_color":"","ocean_menu_link_color_hover":"","ocean_menu_link_color_active":"","ocean_menu_link_background":"","ocean_menu_link_hover_background":"","ocean_menu_link_active_background":"","ocean_menu_social_links_bg":"","ocean_menu_social_hover_links_bg":"","ocean_menu_social_links_color":"","ocean_menu_social_hover_links_color":"","ocean_disable_title":"default","ocean_disable_heading":"default","ocean_post_title":"","ocean_post_subheading":"","ocean_post_title_style":"","ocean_post_title_background_color":"","ocean_post_title_background":0,"ocean_post_title_bg_image_position":"","ocean_post_title_bg_image_attachment":"","ocean_post_title_bg_image_repeat":"","ocean_post_title_bg_image_size":"","ocean_post_title_height":0,"ocean_post_title_bg_overlay":0.5,"ocean_post_title_bg_overlay_color":"","ocean_disable_breadcrumbs":"default","ocean_breadcrumbs_color":"","ocean_breadcrumbs_separator_color":"","ocean_breadcrumbs_links_color":"","ocean_breadcrumbs_links_hover_color":"","ocean_display_footer_widgets":"default","ocean_display_footer_bottom":"default","ocean_custom_footer_template":"0"},"product_brand":[],"product_cat":[118],"product_tag":[],"class_list":{"0":"post-16234","1":"product","2":"type-product","3":"status-publish","4":"has-post-thumbnail","6":"product_cat-replay-conferences","8":"entry","9":"has-media","11":"first","12":"instock","13":"virtual","14":"taxable","15":"purchasable","16":"product-type-simple","17":"has-product-nav","18":"col","19":"span_1_of_4","20":"owp-content-center","21":"owp-thumbs-layout-horizontal","22":"owp-btn-big","23":"owp-tabs-layout-horizontal","25":"circle-sale"},"yoast_head":"<!-- This site is optimized with the Yoast SEO plugin v27.5 - https:\/\/yoast.com\/product\/yoast-seo-wordpress\/ -->\n<title>Replay Conf\u00e9rence : Peurs, \u00e9motions, fitness \u00e9motionnel du cheval et du cavalier -<\/title>\n<meta name=\"robots\" content=\"index, follow, max-snippet:-1, max-image-preview:large, max-video-preview:-1\" \/>\n<link rel=\"canonical\" href=\"https:\/\/equideo.fr\/en\/product\/visio-conference-peurs-emotions-fitness-emotionnel-du-cheval-et-du-cavalier\/\" \/>\n<meta property=\"og:locale\" content=\"en_US\" \/>\n<meta property=\"og:type\" content=\"article\" \/>\n<meta property=\"og:title\" content=\"Replay Conf\u00e9rence : Peurs, \u00e9motions, fitness \u00e9motionnel du cheval et du cavalier -\" \/>\n<meta property=\"og:description\" content=\"La peur survient quand votre cerveau d\u00e9tecte une source de danger, soit parce que l&#8217;on perd du contr\u00f4le, ou bien quand on est face \u00e0 l&#8217;inconnu, ou quand on revit une situation avec une mauvaise exp\u00e9rience, etc.\u00a0Connaissance et compr\u00e9hension vous donnent des cl\u00e9s, des strat\u00e9gies et de la technique pour vous mettre en s\u00e9curit\u00e9 dans [&hellip;]\" \/>\n<meta property=\"og:url\" content=\"https:\/\/equideo.fr\/en\/product\/visio-conference-peurs-emotions-fitness-emotionnel-du-cheval-et-du-cavalier\/\" \/>\n<meta property=\"article:publisher\" content=\"https:\/\/www.facebook.com\/centrededucationequideo\" \/>\n<meta property=\"article:modified_time\" content=\"2024-11-07T07:49:57+00:00\" \/>\n<meta property=\"og:image\" content=\"https:\/\/equideo.fr\/wp-content\/uploads\/2024\/09\/replay-peur.jpg\" \/>\n\t<meta property=\"og:image:width\" content=\"1246\" \/>\n\t<meta property=\"og:image:height\" content=\"1061\" \/>\n\t<meta property=\"og:image:type\" content=\"image\/jpeg\" \/>\n<meta name=\"twitter:card\" content=\"summary_large_image\" \/>\n<meta name=\"twitter:label1\" content=\"Est. reading time\" \/>\n\t<meta name=\"twitter:data1\" content=\"4 minutes\" \/>\n<script type=\"application\/ld+json\" class=\"yoast-schema-graph\">{\"@context\":\"https:\\\/\\\/schema.org\",\"@graph\":[{\"@type\":\"WebPage\",\"@id\":\"https:\\\/\\\/equideo.fr\\\/produit\\\/visio-conference-peurs-emotions-fitness-emotionnel-du-cheval-et-du-cavalier\",\"url\":\"https:\\\/\\\/equideo.fr\\\/produit\\\/visio-conference-peurs-emotions-fitness-emotionnel-du-cheval-et-du-cavalier\",\"name\":\"Replay Conf\u00e9rence : Peurs, \u00e9motions, fitness \u00e9motionnel du cheval et du cavalier -\",\"isPartOf\":{\"@id\":\"https:\\\/\\\/equideo.fr\\\/#website\"},\"primaryImageOfPage\":{\"@id\":\"https:\\\/\\\/equideo.fr\\\/produit\\\/visio-conference-peurs-emotions-fitness-emotionnel-du-cheval-et-du-cavalier#primaryimage\"},\"image\":{\"@id\":\"https:\\\/\\\/equideo.fr\\\/produit\\\/visio-conference-peurs-emotions-fitness-emotionnel-du-cheval-et-du-cavalier#primaryimage\"},\"thumbnailUrl\":\"https:\\\/\\\/equideo.fr\\\/wp-content\\\/uploads\\\/2024\\\/09\\\/replay-peur.jpg\",\"datePublished\":\"2024-09-22T12:54:59+00:00\",\"dateModified\":\"2024-11-07T07:49:57+00:00\",\"breadcrumb\":{\"@id\":\"https:\\\/\\\/equideo.fr\\\/produit\\\/visio-conference-peurs-emotions-fitness-emotionnel-du-cheval-et-du-cavalier#breadcrumb\"},\"inLanguage\":\"en-US\",\"potentialAction\":[{\"@type\":\"ReadAction\",\"target\":[\"https:\\\/\\\/equideo.fr\\\/produit\\\/visio-conference-peurs-emotions-fitness-emotionnel-du-cheval-et-du-cavalier\"]}]},{\"@type\":\"ImageObject\",\"inLanguage\":\"en-US\",\"@id\":\"https:\\\/\\\/equideo.fr\\\/produit\\\/visio-conference-peurs-emotions-fitness-emotionnel-du-cheval-et-du-cavalier#primaryimage\",\"url\":\"https:\\\/\\\/equideo.fr\\\/wp-content\\\/uploads\\\/2024\\\/09\\\/replay-peur.jpg\",\"contentUrl\":\"https:\\\/\\\/equideo.fr\\\/wp-content\\\/uploads\\\/2024\\\/09\\\/replay-peur.jpg\",\"width\":1246,\"height\":1061},{\"@type\":\"BreadcrumbList\",\"@id\":\"https:\\\/\\\/equideo.fr\\\/produit\\\/visio-conference-peurs-emotions-fitness-emotionnel-du-cheval-et-du-cavalier#breadcrumb\",\"itemListElement\":[{\"@type\":\"ListItem\",\"position\":1,\"name\":\"Accueil\",\"item\":\"https:\\\/\\\/equideo.fr\\\/\"},{\"@type\":\"ListItem\",\"position\":2,\"name\":\"Liste Produits\",\"item\":\"https:\\\/\\\/equideo.fr\\\/?page_id=622\"},{\"@type\":\"ListItem\",\"position\":3,\"name\":\"Replay Conf\u00e9rence : Peurs, \u00e9motions, fitness \u00e9motionnel du cheval et du cavalier\"}]},{\"@type\":\"WebSite\",\"@id\":\"https:\\\/\\\/equideo.fr\\\/#website\",\"url\":\"https:\\\/\\\/equideo.fr\\\/\",\"name\":\"Equideo.fr\",\"description\":\"Equideo, entra\u00eener avec psychologie\",\"publisher\":{\"@id\":\"https:\\\/\\\/equideo.fr\\\/#organization\"},\"alternateName\":\"Centre education Equideo\",\"potentialAction\":[{\"@type\":\"SearchAction\",\"target\":{\"@type\":\"EntryPoint\",\"urlTemplate\":\"https:\\\/\\\/equideo.fr\\\/?s={search_term_string}\"},\"query-input\":{\"@type\":\"PropertyValueSpecification\",\"valueRequired\":true,\"valueName\":\"search_term_string\"}}],\"inLanguage\":\"en-US\"},{\"@type\":\"Organization\",\"@id\":\"https:\\\/\\\/equideo.fr\\\/#organization\",\"name\":\"Equideo\",\"url\":\"https:\\\/\\\/equideo.fr\\\/\",\"logo\":{\"@type\":\"ImageObject\",\"inLanguage\":\"en-US\",\"@id\":\"https:\\\/\\\/equideo.fr\\\/#\\\/schema\\\/logo\\\/image\\\/\",\"url\":\"https:\\\/\\\/equideo.fr\\\/wp-content\\\/uploads\\\/2024\\\/08\\\/logo-equideo.png\",\"contentUrl\":\"https:\\\/\\\/equideo.fr\\\/wp-content\\\/uploads\\\/2024\\\/08\\\/logo-equideo.png\",\"width\":650,\"height\":650,\"caption\":\"Equideo\"},\"image\":{\"@id\":\"https:\\\/\\\/equideo.fr\\\/#\\\/schema\\\/logo\\\/image\\\/\"},\"sameAs\":[\"https:\\\/\\\/www.facebook.com\\\/centrededucationequideo\",\"https:\\\/\\\/www.instagram.com\\\/centre_education_equideo\\\/\"]}]}<\/script>\n<!-- \/ Yoast SEO plugin. -->","yoast_head_json":{"title":"Replay Conf\u00e9rence : Peurs, \u00e9motions, fitness \u00e9motionnel du cheval et du cavalier -","robots":{"index":"index","follow":"follow","max-snippet":"max-snippet:-1","max-image-preview":"max-image-preview:large","max-video-preview":"max-video-preview:-1"},"canonical":"https:\/\/equideo.fr\/en\/product\/visio-conference-peurs-emotions-fitness-emotionnel-du-cheval-et-du-cavalier\/","og_locale":"en_US","og_type":"article","og_title":"Replay Conf\u00e9rence : Peurs, \u00e9motions, fitness \u00e9motionnel du cheval et du cavalier -","og_description":"La peur survient quand votre cerveau d\u00e9tecte une source de danger, soit parce que l&#8217;on perd du contr\u00f4le, ou bien quand on est face \u00e0 l&#8217;inconnu, ou quand on revit une situation avec une mauvaise exp\u00e9rience, etc.\u00a0Connaissance et compr\u00e9hension vous donnent des cl\u00e9s, des strat\u00e9gies et de la technique pour vous mettre en s\u00e9curit\u00e9 dans [&hellip;]","og_url":"https:\/\/equideo.fr\/en\/product\/visio-conference-peurs-emotions-fitness-emotionnel-du-cheval-et-du-cavalier\/","article_publisher":"https:\/\/www.facebook.com\/centrededucationequideo","article_modified_time":"2024-11-07T07:49:57+00:00","og_image":[{"width":1246,"height":1061,"url":"https:\/\/equideo.fr\/wp-content\/uploads\/2024\/09\/replay-peur.jpg","type":"image\/jpeg"}],"twitter_card":"summary_large_image","twitter_misc":{"Est. reading time":"4 minutes"},"schema":{"@context":"https:\/\/schema.org","@graph":[{"@type":"WebPage","@id":"https:\/\/equideo.fr\/produit\/visio-conference-peurs-emotions-fitness-emotionnel-du-cheval-et-du-cavalier","url":"https:\/\/equideo.fr\/produit\/visio-conference-peurs-emotions-fitness-emotionnel-du-cheval-et-du-cavalier","name":"Replay Conf\u00e9rence : Peurs, \u00e9motions, fitness \u00e9motionnel du cheval et du cavalier -","isPartOf":{"@id":"https:\/\/equideo.fr\/#website"},"primaryImageOfPage":{"@id":"https:\/\/equideo.fr\/produit\/visio-conference-peurs-emotions-fitness-emotionnel-du-cheval-et-du-cavalier#primaryimage"},"image":{"@id":"https:\/\/equideo.fr\/produit\/visio-conference-peurs-emotions-fitness-emotionnel-du-cheval-et-du-cavalier#primaryimage"},"thumbnailUrl":"https:\/\/equideo.fr\/wp-content\/uploads\/2024\/09\/replay-peur.jpg","datePublished":"2024-09-22T12:54:59+00:00","dateModified":"2024-11-07T07:49:57+00:00","breadcrumb":{"@id":"https:\/\/equideo.fr\/produit\/visio-conference-peurs-emotions-fitness-emotionnel-du-cheval-et-du-cavalier#breadcrumb"},"inLanguage":"en-US","potentialAction":[{"@type":"ReadAction","target":["https:\/\/equideo.fr\/produit\/visio-conference-peurs-emotions-fitness-emotionnel-du-cheval-et-du-cavalier"]}]},{"@type":"ImageObject","inLanguage":"en-US","@id":"https:\/\/equideo.fr\/produit\/visio-conference-peurs-emotions-fitness-emotionnel-du-cheval-et-du-cavalier#primaryimage","url":"https:\/\/equideo.fr\/wp-content\/uploads\/2024\/09\/replay-peur.jpg","contentUrl":"https:\/\/equideo.fr\/wp-content\/uploads\/2024\/09\/replay-peur.jpg","width":1246,"height":1061},{"@type":"BreadcrumbList","@id":"https:\/\/equideo.fr\/produit\/visio-conference-peurs-emotions-fitness-emotionnel-du-cheval-et-du-cavalier#breadcrumb","itemListElement":[{"@type":"ListItem","position":1,"name":"Accueil","item":"https:\/\/equideo.fr\/"},{"@type":"ListItem","position":2,"name":"Liste Produits","item":"https:\/\/equideo.fr\/?page_id=622"},{"@type":"ListItem","position":3,"name":"Replay Conf\u00e9rence : Peurs, \u00e9motions, fitness \u00e9motionnel du cheval et du cavalier"}]},{"@type":"WebSite","@id":"https:\/\/equideo.fr\/#website","url":"https:\/\/equideo.fr\/","name":"Equideo.fr","description":"Equideo, training with psychology","publisher":{"@id":"https:\/\/equideo.fr\/#organization"},"alternateName":"Centre education Equideo","potentialAction":[{"@type":"SearchAction","target":{"@type":"EntryPoint","urlTemplate":"https:\/\/equideo.fr\/?s={search_term_string}"},"query-input":{"@type":"PropertyValueSpecification","valueRequired":true,"valueName":"search_term_string"}}],"inLanguage":"en-US"},{"@type":"Organization","@id":"https:\/\/equideo.fr\/#organization","name":"Equideo","url":"https:\/\/equideo.fr\/","logo":{"@type":"ImageObject","inLanguage":"en-US","@id":"https:\/\/equideo.fr\/#\/schema\/logo\/image\/","url":"https:\/\/equideo.fr\/wp-content\/uploads\/2024\/08\/logo-equideo.png","contentUrl":"https:\/\/equideo.fr\/wp-content\/uploads\/2024\/08\/logo-equideo.png","width":650,"height":650,"caption":"Equideo"},"image":{"@id":"https:\/\/equideo.fr\/#\/schema\/logo\/image\/"},"sameAs":["https:\/\/www.facebook.com\/centrededucationequideo","https:\/\/www.instagram.com\/centre_education_equideo\/"]}]}},"jetpack_sharing_enabled":true,"wcpa_form_fields":null,"_links":{"self":[{"href":"https:\/\/equideo.fr\/en\/wp-json\/wp\/v2\/product\/16234","targetHints":{"allow":["GET"]}}],"collection":[{"href":"https:\/\/equideo.fr\/en\/wp-json\/wp\/v2\/product"}],"about":[{"href":"https:\/\/equideo.fr\/en\/wp-json\/wp\/v2\/types\/product"}],"version-history":[{"count":3,"href":"https:\/\/equideo.fr\/en\/wp-json\/wp\/v2\/product\/16234\/revisions"}],"predecessor-version":[{"id":16787,"href":"https:\/\/equideo.fr\/en\/wp-json\/wp\/v2\/product\/16234\/revisions\/16787"}],"wp:featuredmedia":[{"embeddable":true,"href":"https:\/\/equideo.fr\/en\/wp-json\/wp\/v2\/media\/16238"}],"wp:attachment":[{"href":"https:\/\/equideo.fr\/en\/wp-json\/wp\/v2\/media?parent=16234"}],"wp:term":[{"taxonomy":"product_brand","embeddable":true,"href":"https:\/\/equideo.fr\/en\/wp-json\/wp\/v2\/product_brand?post=16234"},{"taxonomy":"product_cat","embeddable":true,"href":"https:\/\/equideo.fr\/en\/wp-json\/wp\/v2\/product_cat?post=16234"},{"taxonomy":"product_tag","embeddable":true,"href":"https:\/\/equideo.fr\/en\/wp-json\/wp\/v2\/product_tag?post=16234"}],"curies":[{"name":"wp","href":"https:\/\/api.w.org\/{rel}","templated":true}]}}