{"id":16240,"date":"2024-09-22T13:26:43","date_gmt":"2024-09-22T13:26:43","guid":{"rendered":"https:\/\/equideo.fr\/?post_type=product&#038;p=16240"},"modified":"2024-11-07T07:48:41","modified_gmt":"2024-11-07T07:48:41","slug":"comment-entrainer-les-chevaux-poliment","status":"publish","type":"product","link":"https:\/\/equideo.fr\/en\/product\/comment-entrainer-les-chevaux-poliment","title":{"rendered":"Conference Replay: How to train horses politely without phases and without treats?"},"content":{"rendered":"<h3><em>The phases have mechanized people at the expense of reading, relationship, and their connection to their horse.<\/em><\/h3>\n<p>With the Happy Horse program, we establish a communication style where we no longer use the traditional phases in our training. Instead, I call it training with psychology. You&#039;ve certainly learned about these phases yourselves in other methods. The question of using phases comes up frequently, and I thought it would be worthwhile for us to discuss it in depth together, in order to answer the many questions you have.<\/p>\n<p>How can you train politely without using phases or treats as support?<\/p>\n<p>How does it work instead?<\/p>\n<h3>Here&#039;s what they think:<\/h3>\n<p><strong>Testimony from Pauline:<\/strong> \u201cThank you so much for this conference, which I found absolutely fascinating. I feel truly privileged to have been able to attend, so thank you! With the phases, sometimes it&#039;s almost a reflex, as you so aptly explained, we become mechanical\u2026 we forget to analyze our horse. Since I&#039;ve started working a bit with the psychology concepts from the program, I&#039;ve seen a lot of progress: I&#039;m managing to have an extremely polite expression when riding at shoulder height, something I had seen before but which, for me, was \u201cnormal\u201d.\u201d<\/p>\n<p>&nbsp;<\/p>\n<p>&nbsp;<\/p>\n<p><strong>FOR OVER AN HOUR I INVITE YOU TO DISCOVER THESE BRAND NEW CONCEPTS\u00a0<\/strong><\/p>\n<p><strong>After your purchase, you will receive a confirmation message with a link to the page containing your video conference. To access more conferences, you have two options:\u00a0<\/strong><\/p>\n<ol>\n<li><strong>Lifetime access to all conferences: Be a member of the Equideo online training program. You have access to all past and future replays, regardless of the subscription you choose. All future conferences are offered at a reduced price for Discovery subscription members and are FREE for Full subscription members.\u00a0<\/strong><\/li>\n<li><strong>Choose the 5 CONFERENCE PACKAGE \u20ac34.90 <\/strong>(instead of \u20ac74.50)<strong> Your email address will then be registered, and you will receive an invitation to participate in each new conference, and subsequently access to the replays. You can also add to your cart the 5 conferences you wish to access.\u00a0<\/strong><\/li>\n<\/ol>\n<p>&nbsp;<\/p>","protected":false},"excerpt":{"rendered":"<p>Les phases ont m\u00e9canis\u00e9 les gens au d\u00e9triment de la lecture, de la relation et de leur connexion \u00e0 leur cheval Avec le programme Happy Horse, nous instaurons une communication o\u00f9 nous n&#8217;utilisons plus les phases dans notre entra\u00eenement. A la place, j&#8217;appelle cela entra\u00eener avec psychologie. Or vous avez certainement appris ces phases vous [&hellip;]<\/p>\n","protected":false},"featured_media":16241,"template":"","meta":{"ocean_post_layout":"","ocean_both_sidebars_style":"","ocean_both_sidebars_content_width":0,"ocean_both_sidebars_sidebars_width":0,"ocean_sidebar":"0","ocean_second_sidebar":"0","ocean_disable_margins":"enable","ocean_add_body_class":"","ocean_shortcode_before_top_bar":"","ocean_shortcode_after_top_bar":"","ocean_shortcode_before_header":"","ocean_shortcode_after_header":"","ocean_has_shortcode":"","ocean_shortcode_after_title":"","ocean_shortcode_before_footer_widgets":"","ocean_shortcode_after_footer_widgets":"","ocean_shortcode_before_footer_bottom":"","ocean_shortcode_after_footer_bottom":"","ocean_display_top_bar":"default","ocean_display_header":"default","ocean_header_style":"","ocean_center_header_left_menu":"0","ocean_custom_header_template":"0","ocean_custom_logo":0,"ocean_custom_retina_logo":0,"ocean_custom_logo_max_width":0,"ocean_custom_logo_tablet_max_width":0,"ocean_custom_logo_mobile_max_width":0,"ocean_custom_logo_max_height":0,"ocean_custom_logo_tablet_max_height":0,"ocean_custom_logo_mobile_max_height":0,"ocean_header_custom_menu":"0","ocean_menu_typo_font_family":"0","ocean_menu_typo_font_subset":"","ocean_menu_typo_font_size":0,"ocean_menu_typo_font_size_tablet":0,"ocean_menu_typo_font_size_mobile":0,"ocean_menu_typo_font_size_unit":"px","ocean_menu_typo_font_weight":"","ocean_menu_typo_font_weight_tablet":"","ocean_menu_typo_font_weight_mobile":"","ocean_menu_typo_transform":"","ocean_menu_typo_transform_tablet":"","ocean_menu_typo_transform_mobile":"","ocean_menu_typo_line_height":0,"ocean_menu_typo_line_height_tablet":0,"ocean_menu_typo_line_height_mobile":0,"ocean_menu_typo_line_height_unit":"","ocean_menu_typo_spacing":0,"ocean_menu_typo_spacing_tablet":0,"ocean_menu_typo_spacing_mobile":0,"ocean_menu_typo_spacing_unit":"","ocean_menu_link_color":"","ocean_menu_link_color_hover":"","ocean_menu_link_color_active":"","ocean_menu_link_background":"","ocean_menu_link_hover_background":"","ocean_menu_link_active_background":"","ocean_menu_social_links_bg":"","ocean_menu_social_hover_links_bg":"","ocean_menu_social_links_color":"","ocean_menu_social_hover_links_color":"","ocean_disable_title":"default","ocean_disable_heading":"default","ocean_post_title":"","ocean_post_subheading":"","ocean_post_title_style":"","ocean_post_title_background_color":"","ocean_post_title_background":0,"ocean_post_title_bg_image_position":"","ocean_post_title_bg_image_attachment":"","ocean_post_title_bg_image_repeat":"","ocean_post_title_bg_image_size":"","ocean_post_title_height":0,"ocean_post_title_bg_overlay":0.5,"ocean_post_title_bg_overlay_color":"","ocean_disable_breadcrumbs":"default","ocean_breadcrumbs_color":"","ocean_breadcrumbs_separator_color":"","ocean_breadcrumbs_links_color":"","ocean_breadcrumbs_links_hover_color":"","ocean_display_footer_widgets":"default","ocean_display_footer_bottom":"default","ocean_custom_footer_template":"0"},"product_brand":[],"product_cat":[118],"product_tag":[],"class_list":{"0":"post-16240","1":"product","2":"type-product","3":"status-publish","4":"has-post-thumbnail","6":"product_cat-replay-conferences","8":"entry","9":"has-media","11":"first","12":"instock","13":"virtual","14":"taxable","15":"purchasable","16":"product-type-simple","17":"has-product-nav","18":"col","19":"span_1_of_4","20":"owp-content-center","21":"owp-thumbs-layout-horizontal","22":"owp-btn-big","23":"owp-tabs-layout-horizontal","25":"circle-sale"},"yoast_head":"<!-- This site is optimized with the Yoast SEO plugin v27.5 - https:\/\/yoast.com\/product\/yoast-seo-wordpress\/ -->\n<title>Replay Conf\u00e9rence : Comment entra\u00eener les chevaux poliment sans phase et sans friandise ? -<\/title>\n<meta name=\"robots\" content=\"index, follow, max-snippet:-1, max-image-preview:large, max-video-preview:-1\" \/>\n<link rel=\"canonical\" href=\"https:\/\/equideo.fr\/en\/product\/comment-entrainer-les-chevaux-poliment\/\" \/>\n<meta property=\"og:locale\" content=\"en_US\" \/>\n<meta property=\"og:type\" content=\"article\" \/>\n<meta property=\"og:title\" content=\"Replay Conf\u00e9rence : Comment entra\u00eener les chevaux poliment sans phase et sans friandise ? -\" \/>\n<meta property=\"og:description\" content=\"Les phases ont m\u00e9canis\u00e9 les gens au d\u00e9triment de la lecture, de la relation et de leur connexion \u00e0 leur cheval Avec le programme Happy Horse, nous instaurons une communication o\u00f9 nous n&#8217;utilisons plus les phases dans notre entra\u00eenement. A la place, j&#8217;appelle cela entra\u00eener avec psychologie. Or vous avez certainement appris ces phases vous [&hellip;]\" \/>\n<meta property=\"og:url\" content=\"https:\/\/equideo.fr\/en\/product\/comment-entrainer-les-chevaux-poliment\/\" \/>\n<meta property=\"article:publisher\" content=\"https:\/\/www.facebook.com\/centrededucationequideo\" \/>\n<meta property=\"article:modified_time\" content=\"2024-11-07T07:48:41+00:00\" \/>\n<meta property=\"og:image\" content=\"https:\/\/equideo.fr\/wp-content\/uploads\/2024\/09\/Modern-Webinar-Business-LinkedIn-Post.png\" \/>\n\t<meta property=\"og:image:width\" content=\"1200\" \/>\n\t<meta property=\"og:image:height\" content=\"1200\" \/>\n\t<meta property=\"og:image:type\" content=\"image\/png\" \/>\n<meta name=\"twitter:card\" content=\"summary_large_image\" \/>\n<meta name=\"twitter:label1\" content=\"Est. reading time\" \/>\n\t<meta name=\"twitter:data1\" content=\"2 minutes\" \/>\n<script type=\"application\/ld+json\" class=\"yoast-schema-graph\">{\"@context\":\"https:\\\/\\\/schema.org\",\"@graph\":[{\"@type\":\"WebPage\",\"@id\":\"https:\\\/\\\/equideo.fr\\\/produit\\\/comment-entrainer-les-chevaux-poliment\",\"url\":\"https:\\\/\\\/equideo.fr\\\/produit\\\/comment-entrainer-les-chevaux-poliment\",\"name\":\"Replay Conf\u00e9rence : Comment entra\u00eener les chevaux poliment sans phase et sans friandise ? -\",\"isPartOf\":{\"@id\":\"https:\\\/\\\/equideo.fr\\\/#website\"},\"primaryImageOfPage\":{\"@id\":\"https:\\\/\\\/equideo.fr\\\/produit\\\/comment-entrainer-les-chevaux-poliment#primaryimage\"},\"image\":{\"@id\":\"https:\\\/\\\/equideo.fr\\\/produit\\\/comment-entrainer-les-chevaux-poliment#primaryimage\"},\"thumbnailUrl\":\"https:\\\/\\\/equideo.fr\\\/wp-content\\\/uploads\\\/2024\\\/09\\\/Modern-Webinar-Business-LinkedIn-Post.png\",\"datePublished\":\"2024-09-22T13:26:43+00:00\",\"dateModified\":\"2024-11-07T07:48:41+00:00\",\"breadcrumb\":{\"@id\":\"https:\\\/\\\/equideo.fr\\\/produit\\\/comment-entrainer-les-chevaux-poliment#breadcrumb\"},\"inLanguage\":\"en-US\",\"potentialAction\":[{\"@type\":\"ReadAction\",\"target\":[\"https:\\\/\\\/equideo.fr\\\/produit\\\/comment-entrainer-les-chevaux-poliment\"]}]},{\"@type\":\"ImageObject\",\"inLanguage\":\"en-US\",\"@id\":\"https:\\\/\\\/equideo.fr\\\/produit\\\/comment-entrainer-les-chevaux-poliment#primaryimage\",\"url\":\"https:\\\/\\\/equideo.fr\\\/wp-content\\\/uploads\\\/2024\\\/09\\\/Modern-Webinar-Business-LinkedIn-Post.png\",\"contentUrl\":\"https:\\\/\\\/equideo.fr\\\/wp-content\\\/uploads\\\/2024\\\/09\\\/Modern-Webinar-Business-LinkedIn-Post.png\",\"width\":1200,\"height\":1200},{\"@type\":\"BreadcrumbList\",\"@id\":\"https:\\\/\\\/equideo.fr\\\/produit\\\/comment-entrainer-les-chevaux-poliment#breadcrumb\",\"itemListElement\":[{\"@type\":\"ListItem\",\"position\":1,\"name\":\"Accueil\",\"item\":\"https:\\\/\\\/equideo.fr\\\/\"},{\"@type\":\"ListItem\",\"position\":2,\"name\":\"Liste Produits\",\"item\":\"https:\\\/\\\/equideo.fr\\\/?page_id=622\"},{\"@type\":\"ListItem\",\"position\":3,\"name\":\"Replay Conf\u00e9rence : Comment entra\u00eener les chevaux poliment sans phase et sans friandise ?\"}]},{\"@type\":\"WebSite\",\"@id\":\"https:\\\/\\\/equideo.fr\\\/#website\",\"url\":\"https:\\\/\\\/equideo.fr\\\/\",\"name\":\"Equideo.fr\",\"description\":\"Equideo, entra\u00eener avec psychologie\",\"publisher\":{\"@id\":\"https:\\\/\\\/equideo.fr\\\/#organization\"},\"alternateName\":\"Centre education Equideo\",\"potentialAction\":[{\"@type\":\"SearchAction\",\"target\":{\"@type\":\"EntryPoint\",\"urlTemplate\":\"https:\\\/\\\/equideo.fr\\\/?s={search_term_string}\"},\"query-input\":{\"@type\":\"PropertyValueSpecification\",\"valueRequired\":true,\"valueName\":\"search_term_string\"}}],\"inLanguage\":\"en-US\"},{\"@type\":\"Organization\",\"@id\":\"https:\\\/\\\/equideo.fr\\\/#organization\",\"name\":\"Equideo\",\"url\":\"https:\\\/\\\/equideo.fr\\\/\",\"logo\":{\"@type\":\"ImageObject\",\"inLanguage\":\"en-US\",\"@id\":\"https:\\\/\\\/equideo.fr\\\/#\\\/schema\\\/logo\\\/image\\\/\",\"url\":\"https:\\\/\\\/equideo.fr\\\/wp-content\\\/uploads\\\/2024\\\/08\\\/logo-equideo.png\",\"contentUrl\":\"https:\\\/\\\/equideo.fr\\\/wp-content\\\/uploads\\\/2024\\\/08\\\/logo-equideo.png\",\"width\":650,\"height\":650,\"caption\":\"Equideo\"},\"image\":{\"@id\":\"https:\\\/\\\/equideo.fr\\\/#\\\/schema\\\/logo\\\/image\\\/\"},\"sameAs\":[\"https:\\\/\\\/www.facebook.com\\\/centrededucationequideo\",\"https:\\\/\\\/www.instagram.com\\\/centre_education_equideo\\\/\"]}]}<\/script>\n<!-- \/ Yoast SEO plugin. -->","yoast_head_json":{"title":"Replay Conf\u00e9rence : Comment entra\u00eener les chevaux poliment sans phase et sans friandise ? -","robots":{"index":"index","follow":"follow","max-snippet":"max-snippet:-1","max-image-preview":"max-image-preview:large","max-video-preview":"max-video-preview:-1"},"canonical":"https:\/\/equideo.fr\/en\/product\/comment-entrainer-les-chevaux-poliment\/","og_locale":"en_US","og_type":"article","og_title":"Replay Conf\u00e9rence : Comment entra\u00eener les chevaux poliment sans phase et sans friandise ? -","og_description":"Les phases ont m\u00e9canis\u00e9 les gens au d\u00e9triment de la lecture, de la relation et de leur connexion \u00e0 leur cheval Avec le programme Happy Horse, nous instaurons une communication o\u00f9 nous n&#8217;utilisons plus les phases dans notre entra\u00eenement. A la place, j&#8217;appelle cela entra\u00eener avec psychologie. Or vous avez certainement appris ces phases vous [&hellip;]","og_url":"https:\/\/equideo.fr\/en\/product\/comment-entrainer-les-chevaux-poliment\/","article_publisher":"https:\/\/www.facebook.com\/centrededucationequideo","article_modified_time":"2024-11-07T07:48:41+00:00","og_image":[{"width":1200,"height":1200,"url":"https:\/\/equideo.fr\/wp-content\/uploads\/2024\/09\/Modern-Webinar-Business-LinkedIn-Post.png","type":"image\/png"}],"twitter_card":"summary_large_image","twitter_misc":{"Est. reading time":"2 minutes"},"schema":{"@context":"https:\/\/schema.org","@graph":[{"@type":"WebPage","@id":"https:\/\/equideo.fr\/produit\/comment-entrainer-les-chevaux-poliment","url":"https:\/\/equideo.fr\/produit\/comment-entrainer-les-chevaux-poliment","name":"Replay Conf\u00e9rence : Comment entra\u00eener les chevaux poliment sans phase et sans friandise ? -","isPartOf":{"@id":"https:\/\/equideo.fr\/#website"},"primaryImageOfPage":{"@id":"https:\/\/equideo.fr\/produit\/comment-entrainer-les-chevaux-poliment#primaryimage"},"image":{"@id":"https:\/\/equideo.fr\/produit\/comment-entrainer-les-chevaux-poliment#primaryimage"},"thumbnailUrl":"https:\/\/equideo.fr\/wp-content\/uploads\/2024\/09\/Modern-Webinar-Business-LinkedIn-Post.png","datePublished":"2024-09-22T13:26:43+00:00","dateModified":"2024-11-07T07:48:41+00:00","breadcrumb":{"@id":"https:\/\/equideo.fr\/produit\/comment-entrainer-les-chevaux-poliment#breadcrumb"},"inLanguage":"en-US","potentialAction":[{"@type":"ReadAction","target":["https:\/\/equideo.fr\/produit\/comment-entrainer-les-chevaux-poliment"]}]},{"@type":"ImageObject","inLanguage":"en-US","@id":"https:\/\/equideo.fr\/produit\/comment-entrainer-les-chevaux-poliment#primaryimage","url":"https:\/\/equideo.fr\/wp-content\/uploads\/2024\/09\/Modern-Webinar-Business-LinkedIn-Post.png","contentUrl":"https:\/\/equideo.fr\/wp-content\/uploads\/2024\/09\/Modern-Webinar-Business-LinkedIn-Post.png","width":1200,"height":1200},{"@type":"BreadcrumbList","@id":"https:\/\/equideo.fr\/produit\/comment-entrainer-les-chevaux-poliment#breadcrumb","itemListElement":[{"@type":"ListItem","position":1,"name":"Accueil","item":"https:\/\/equideo.fr\/"},{"@type":"ListItem","position":2,"name":"Liste Produits","item":"https:\/\/equideo.fr\/?page_id=622"},{"@type":"ListItem","position":3,"name":"Replay Conf\u00e9rence : Comment entra\u00eener les chevaux poliment sans phase et sans friandise ?"}]},{"@type":"WebSite","@id":"https:\/\/equideo.fr\/#website","url":"https:\/\/equideo.fr\/","name":"Equideo.fr","description":"Equideo, training with psychology","publisher":{"@id":"https:\/\/equideo.fr\/#organization"},"alternateName":"Centre education Equideo","potentialAction":[{"@type":"SearchAction","target":{"@type":"EntryPoint","urlTemplate":"https:\/\/equideo.fr\/?s={search_term_string}"},"query-input":{"@type":"PropertyValueSpecification","valueRequired":true,"valueName":"search_term_string"}}],"inLanguage":"en-US"},{"@type":"Organization","@id":"https:\/\/equideo.fr\/#organization","name":"Equideo","url":"https:\/\/equideo.fr\/","logo":{"@type":"ImageObject","inLanguage":"en-US","@id":"https:\/\/equideo.fr\/#\/schema\/logo\/image\/","url":"https:\/\/equideo.fr\/wp-content\/uploads\/2024\/08\/logo-equideo.png","contentUrl":"https:\/\/equideo.fr\/wp-content\/uploads\/2024\/08\/logo-equideo.png","width":650,"height":650,"caption":"Equideo"},"image":{"@id":"https:\/\/equideo.fr\/#\/schema\/logo\/image\/"},"sameAs":["https:\/\/www.facebook.com\/centrededucationequideo","https:\/\/www.instagram.com\/centre_education_equideo\/"]}]}},"jetpack_sharing_enabled":true,"wcpa_form_fields":null,"_links":{"self":[{"href":"https:\/\/equideo.fr\/en\/wp-json\/wp\/v2\/product\/16240","targetHints":{"allow":["GET"]}}],"collection":[{"href":"https:\/\/equideo.fr\/en\/wp-json\/wp\/v2\/product"}],"about":[{"href":"https:\/\/equideo.fr\/en\/wp-json\/wp\/v2\/types\/product"}],"version-history":[{"count":4,"href":"https:\/\/equideo.fr\/en\/wp-json\/wp\/v2\/product\/16240\/revisions"}],"predecessor-version":[{"id":16786,"href":"https:\/\/equideo.fr\/en\/wp-json\/wp\/v2\/product\/16240\/revisions\/16786"}],"wp:featuredmedia":[{"embeddable":true,"href":"https:\/\/equideo.fr\/en\/wp-json\/wp\/v2\/media\/16241"}],"wp:attachment":[{"href":"https:\/\/equideo.fr\/en\/wp-json\/wp\/v2\/media?parent=16240"}],"wp:term":[{"taxonomy":"product_brand","embeddable":true,"href":"https:\/\/equideo.fr\/en\/wp-json\/wp\/v2\/product_brand?post=16240"},{"taxonomy":"product_cat","embeddable":true,"href":"https:\/\/equideo.fr\/en\/wp-json\/wp\/v2\/product_cat?post=16240"},{"taxonomy":"product_tag","embeddable":true,"href":"https:\/\/equideo.fr\/en\/wp-json\/wp\/v2\/product_tag?post=16240"}],"curies":[{"name":"wp","href":"https:\/\/api.w.org\/{rel}","templated":true}]}}