{"id":16245,"date":"2024-09-22T14:28:51","date_gmt":"2024-09-22T14:28:51","guid":{"rendered":"https:\/\/equideo.fr\/?post_type=product&#038;p=16245"},"modified":"2024-11-07T07:48:03","modified_gmt":"2024-11-07T07:48:03","slug":"visio-conference-connaitre-les-personnalites-equines","status":"publish","type":"product","link":"https:\/\/equideo.fr\/en\/product\/visio-conference-connaitre-les-personnalites-equines","title":{"rendered":"Conference Replay: Knowing equine personalities is good, knowing what to do with them is better"},"content":{"rendered":"<p>Horses, regardless of breed, are all different as individuals. Some like to move around, others less so. Some are emotional and tense easily, others are intrusive and have many opinions.<\/p>\n<p><img fetchpriority=\"high\" decoding=\"async\" class=\"wp-image-14643 aligncenter\" src=\"https:\/\/equideo.fr\/wp-content\/uploads\/2024\/08\/Heart-structure-2-300x159.png\" alt=\"\" width=\"457\" height=\"242\" srcset=\"https:\/\/equideo.fr\/wp-content\/uploads\/2024\/08\/Heart-structure-2-300x159.png 300w, https:\/\/equideo.fr\/wp-content\/uploads\/2024\/08\/Heart-structure-2-1024x544.png 1024w, https:\/\/equideo.fr\/wp-content\/uploads\/2024\/08\/Heart-structure-2-768x408.png 768w, https:\/\/equideo.fr\/wp-content\/uploads\/2024\/08\/Heart-structure-2-1536x816.png 1536w, https:\/\/equideo.fr\/wp-content\/uploads\/2024\/08\/Heart-structure-2-2048x1088.png 2048w, https:\/\/equideo.fr\/wp-content\/uploads\/2024\/08\/Heart-structure-2-600x319.png 600w\" sizes=\"(max-width: 457px) 100vw, 457px\" \/><\/p>\n<p>If you treat all horses the same way, you&#039;ll get inconsistent results because your approach will work for some and not for others. The goal is to bring out the best in each horse, and to do that, you need to tailor your approach to each horse&#039;s individual temperament. If you don&#039;t adapt to the horse&#039;s needs, you&#039;ll likely trigger tension, fear, or defensiveness.<\/p>\n<p>Just as people have different personalities, horses have different character traits and tendencies. This means that what triggers one horse might be the opposite for another. Most problems with horses arise when you do the wrong thing for that particular horse\u2014you&#039;re too fast or too slow, too gentle or too insistent.<\/p>\n<p><img decoding=\"async\" class=\"wp-image-16246 aligncenter\" src=\"https:\/\/equideo.fr\/wp-content\/uploads\/2024\/09\/Comportements-300x191.jpg\" alt=\"\" width=\"462\" height=\"294\" srcset=\"https:\/\/equideo.fr\/wp-content\/uploads\/2024\/09\/Comportements-300x191.jpg 300w, https:\/\/equideo.fr\/wp-content\/uploads\/2024\/09\/Comportements-1024x651.jpg 1024w, https:\/\/equideo.fr\/wp-content\/uploads\/2024\/09\/Comportements-768x489.jpg 768w, https:\/\/equideo.fr\/wp-content\/uploads\/2024\/09\/Comportements-1536x977.jpg 1536w, https:\/\/equideo.fr\/wp-content\/uploads\/2024\/09\/Comportements-600x382.jpg 600w, https:\/\/equideo.fr\/wp-content\/uploads\/2024\/09\/Comportements.jpg 2026w\" sizes=\"(max-width: 462px) 100vw, 462px\" \/><\/p>\n<p>&nbsp;<\/p>\n<p><strong>After your purchase, you will receive a confirmation message with a link to the page containing your video conference. To access more conferences, you have two options:\u00a0<\/strong><\/p>\n<ol>\n<li><strong>Lifetime access to all conferences: Be a member of the Equideo online training program. You have access to all past and future replays, regardless of the subscription you choose. All future conferences are offered at a reduced price for Discovery subscription members and are FREE for Full subscription members.\u00a0<\/strong><\/li>\n<li><strong>Choose the 5 CONFERENCE PACKAGE \u20ac34.90 <\/strong>(instead of \u20ac74.50)<strong> Your email address will then be registered, and you will receive an invitation to participate in each new conference, and subsequently access to the replays. You can also add to your cart the 5 conferences you wish to access.\u00a0<\/strong><\/li>\n<\/ol>\n<p>&nbsp;<\/p>","protected":false},"excerpt":{"rendered":"<p>Les chevaux, quelle que soit leur race, sont diff\u00e9rents en tant qu\u2019individus. Certains aiment bouger, d\u2019autres moins. Certains sont \u00e9motifs et se tendent facilement, d\u2019autres sont envahissants et ont de nombreuses opinions. Si vous traitez tous les chevaux de la m\u00eame mani\u00e8re, vous allez avoir des r\u00e9sultats incoh\u00e9rents parce que votre approche fonctionnera sur certains [&hellip;]<\/p>\n","protected":false},"featured_media":16247,"template":"","meta":{"ocean_post_layout":"","ocean_both_sidebars_style":"","ocean_both_sidebars_content_width":0,"ocean_both_sidebars_sidebars_width":0,"ocean_sidebar":"0","ocean_second_sidebar":"0","ocean_disable_margins":"enable","ocean_add_body_class":"","ocean_shortcode_before_top_bar":"","ocean_shortcode_after_top_bar":"","ocean_shortcode_before_header":"","ocean_shortcode_after_header":"","ocean_has_shortcode":"","ocean_shortcode_after_title":"","ocean_shortcode_before_footer_widgets":"","ocean_shortcode_after_footer_widgets":"","ocean_shortcode_before_footer_bottom":"","ocean_shortcode_after_footer_bottom":"","ocean_display_top_bar":"default","ocean_display_header":"default","ocean_header_style":"","ocean_center_header_left_menu":"0","ocean_custom_header_template":"0","ocean_custom_logo":0,"ocean_custom_retina_logo":0,"ocean_custom_logo_max_width":0,"ocean_custom_logo_tablet_max_width":0,"ocean_custom_logo_mobile_max_width":0,"ocean_custom_logo_max_height":0,"ocean_custom_logo_tablet_max_height":0,"ocean_custom_logo_mobile_max_height":0,"ocean_header_custom_menu":"0","ocean_menu_typo_font_family":"0","ocean_menu_typo_font_subset":"","ocean_menu_typo_font_size":0,"ocean_menu_typo_font_size_tablet":0,"ocean_menu_typo_font_size_mobile":0,"ocean_menu_typo_font_size_unit":"px","ocean_menu_typo_font_weight":"","ocean_menu_typo_font_weight_tablet":"","ocean_menu_typo_font_weight_mobile":"","ocean_menu_typo_transform":"","ocean_menu_typo_transform_tablet":"","ocean_menu_typo_transform_mobile":"","ocean_menu_typo_line_height":0,"ocean_menu_typo_line_height_tablet":0,"ocean_menu_typo_line_height_mobile":0,"ocean_menu_typo_line_height_unit":"","ocean_menu_typo_spacing":0,"ocean_menu_typo_spacing_tablet":0,"ocean_menu_typo_spacing_mobile":0,"ocean_menu_typo_spacing_unit":"","ocean_menu_link_color":"","ocean_menu_link_color_hover":"","ocean_menu_link_color_active":"","ocean_menu_link_background":"","ocean_menu_link_hover_background":"","ocean_menu_link_active_background":"","ocean_menu_social_links_bg":"","ocean_menu_social_hover_links_bg":"","ocean_menu_social_links_color":"","ocean_menu_social_hover_links_color":"","ocean_disable_title":"default","ocean_disable_heading":"default","ocean_post_title":"","ocean_post_subheading":"","ocean_post_title_style":"","ocean_post_title_background_color":"","ocean_post_title_background":0,"ocean_post_title_bg_image_position":"","ocean_post_title_bg_image_attachment":"","ocean_post_title_bg_image_repeat":"","ocean_post_title_bg_image_size":"","ocean_post_title_height":0,"ocean_post_title_bg_overlay":0.5,"ocean_post_title_bg_overlay_color":"","ocean_disable_breadcrumbs":"default","ocean_breadcrumbs_color":"","ocean_breadcrumbs_separator_color":"","ocean_breadcrumbs_links_color":"","ocean_breadcrumbs_links_hover_color":"","ocean_display_footer_widgets":"default","ocean_display_footer_bottom":"default","ocean_custom_footer_template":"0"},"product_brand":[],"product_cat":[118],"product_tag":[],"class_list":{"0":"post-16245","1":"product","2":"type-product","3":"status-publish","4":"has-post-thumbnail","6":"product_cat-replay-conferences","8":"entry","9":"has-media","11":"first","12":"instock","13":"virtual","14":"taxable","15":"purchasable","16":"product-type-simple","17":"has-product-nav","18":"col","19":"span_1_of_4","20":"owp-content-center","21":"owp-thumbs-layout-horizontal","22":"owp-btn-big","23":"owp-tabs-layout-horizontal","25":"circle-sale"},"yoast_head":"<!-- This site is optimized with the Yoast SEO plugin v27.5 - https:\/\/yoast.com\/product\/yoast-seo-wordpress\/ -->\n<title>Replay Conf\u00e9rence : Conna\u00eetre les personnalit\u00e9s \u00e9quines c&#039;est bien, savoir quoi en faire, c&#039;est mieux -<\/title>\n<meta name=\"robots\" content=\"index, follow, max-snippet:-1, max-image-preview:large, max-video-preview:-1\" \/>\n<link rel=\"canonical\" href=\"https:\/\/equideo.fr\/en\/product\/visio-conference-connaitre-les-personnalites-equines\/\" \/>\n<meta property=\"og:locale\" content=\"en_US\" \/>\n<meta property=\"og:type\" content=\"article\" \/>\n<meta property=\"og:title\" content=\"Replay Conf\u00e9rence : Conna\u00eetre les personnalit\u00e9s \u00e9quines c&#039;est bien, savoir quoi en faire, c&#039;est mieux -\" \/>\n<meta property=\"og:description\" content=\"Les chevaux, quelle que soit leur race, sont diff\u00e9rents en tant qu\u2019individus. Certains aiment bouger, d\u2019autres moins. Certains sont \u00e9motifs et se tendent facilement, d\u2019autres sont envahissants et ont de nombreuses opinions. Si vous traitez tous les chevaux de la m\u00eame mani\u00e8re, vous allez avoir des r\u00e9sultats incoh\u00e9rents parce que votre approche fonctionnera sur certains [&hellip;]\" \/>\n<meta property=\"og:url\" content=\"https:\/\/equideo.fr\/en\/product\/visio-conference-connaitre-les-personnalites-equines\/\" \/>\n<meta property=\"article:publisher\" content=\"https:\/\/www.facebook.com\/centrededucationequideo\" \/>\n<meta property=\"article:modified_time\" content=\"2024-11-07T07:48:03+00:00\" \/>\n<meta property=\"og:image\" content=\"https:\/\/equideo.fr\/wp-content\/uploads\/2024\/09\/Modern-Webinar-Business-LinkedIn-Post-1.png\" \/>\n\t<meta property=\"og:image:width\" content=\"1200\" \/>\n\t<meta property=\"og:image:height\" content=\"1200\" \/>\n\t<meta property=\"og:image:type\" content=\"image\/png\" \/>\n<meta name=\"twitter:card\" content=\"summary_large_image\" \/>\n<meta name=\"twitter:label1\" content=\"Est. reading time\" \/>\n\t<meta name=\"twitter:data1\" content=\"3 minutes\" \/>\n<script type=\"application\/ld+json\" class=\"yoast-schema-graph\">{\"@context\":\"https:\\\/\\\/schema.org\",\"@graph\":[{\"@type\":\"WebPage\",\"@id\":\"https:\\\/\\\/equideo.fr\\\/produit\\\/visio-conference-connaitre-les-personnalites-equines\",\"url\":\"https:\\\/\\\/equideo.fr\\\/produit\\\/visio-conference-connaitre-les-personnalites-equines\",\"name\":\"Replay Conf\u00e9rence : Conna\u00eetre les personnalit\u00e9s \u00e9quines c'est bien, savoir quoi en faire, c'est mieux -\",\"isPartOf\":{\"@id\":\"https:\\\/\\\/equideo.fr\\\/#website\"},\"primaryImageOfPage\":{\"@id\":\"https:\\\/\\\/equideo.fr\\\/produit\\\/visio-conference-connaitre-les-personnalites-equines#primaryimage\"},\"image\":{\"@id\":\"https:\\\/\\\/equideo.fr\\\/produit\\\/visio-conference-connaitre-les-personnalites-equines#primaryimage\"},\"thumbnailUrl\":\"https:\\\/\\\/equideo.fr\\\/wp-content\\\/uploads\\\/2024\\\/09\\\/Modern-Webinar-Business-LinkedIn-Post-1.png\",\"datePublished\":\"2024-09-22T14:28:51+00:00\",\"dateModified\":\"2024-11-07T07:48:03+00:00\",\"breadcrumb\":{\"@id\":\"https:\\\/\\\/equideo.fr\\\/produit\\\/visio-conference-connaitre-les-personnalites-equines#breadcrumb\"},\"inLanguage\":\"en-US\",\"potentialAction\":[{\"@type\":\"ReadAction\",\"target\":[\"https:\\\/\\\/equideo.fr\\\/produit\\\/visio-conference-connaitre-les-personnalites-equines\"]}]},{\"@type\":\"ImageObject\",\"inLanguage\":\"en-US\",\"@id\":\"https:\\\/\\\/equideo.fr\\\/produit\\\/visio-conference-connaitre-les-personnalites-equines#primaryimage\",\"url\":\"https:\\\/\\\/equideo.fr\\\/wp-content\\\/uploads\\\/2024\\\/09\\\/Modern-Webinar-Business-LinkedIn-Post-1.png\",\"contentUrl\":\"https:\\\/\\\/equideo.fr\\\/wp-content\\\/uploads\\\/2024\\\/09\\\/Modern-Webinar-Business-LinkedIn-Post-1.png\",\"width\":1200,\"height\":1200},{\"@type\":\"BreadcrumbList\",\"@id\":\"https:\\\/\\\/equideo.fr\\\/produit\\\/visio-conference-connaitre-les-personnalites-equines#breadcrumb\",\"itemListElement\":[{\"@type\":\"ListItem\",\"position\":1,\"name\":\"Accueil\",\"item\":\"https:\\\/\\\/equideo.fr\\\/\"},{\"@type\":\"ListItem\",\"position\":2,\"name\":\"Liste Produits\",\"item\":\"https:\\\/\\\/equideo.fr\\\/?page_id=622\"},{\"@type\":\"ListItem\",\"position\":3,\"name\":\"Replay Conf\u00e9rence : Conna\u00eetre les personnalit\u00e9s \u00e9quines c&#8217;est bien, savoir quoi en faire, c&#8217;est mieux\"}]},{\"@type\":\"WebSite\",\"@id\":\"https:\\\/\\\/equideo.fr\\\/#website\",\"url\":\"https:\\\/\\\/equideo.fr\\\/\",\"name\":\"Equideo.fr\",\"description\":\"Equideo, entra\u00eener avec psychologie\",\"publisher\":{\"@id\":\"https:\\\/\\\/equideo.fr\\\/#organization\"},\"alternateName\":\"Centre education Equideo\",\"potentialAction\":[{\"@type\":\"SearchAction\",\"target\":{\"@type\":\"EntryPoint\",\"urlTemplate\":\"https:\\\/\\\/equideo.fr\\\/?s={search_term_string}\"},\"query-input\":{\"@type\":\"PropertyValueSpecification\",\"valueRequired\":true,\"valueName\":\"search_term_string\"}}],\"inLanguage\":\"en-US\"},{\"@type\":\"Organization\",\"@id\":\"https:\\\/\\\/equideo.fr\\\/#organization\",\"name\":\"Equideo\",\"url\":\"https:\\\/\\\/equideo.fr\\\/\",\"logo\":{\"@type\":\"ImageObject\",\"inLanguage\":\"en-US\",\"@id\":\"https:\\\/\\\/equideo.fr\\\/#\\\/schema\\\/logo\\\/image\\\/\",\"url\":\"https:\\\/\\\/equideo.fr\\\/wp-content\\\/uploads\\\/2024\\\/08\\\/logo-equideo.png\",\"contentUrl\":\"https:\\\/\\\/equideo.fr\\\/wp-content\\\/uploads\\\/2024\\\/08\\\/logo-equideo.png\",\"width\":650,\"height\":650,\"caption\":\"Equideo\"},\"image\":{\"@id\":\"https:\\\/\\\/equideo.fr\\\/#\\\/schema\\\/logo\\\/image\\\/\"},\"sameAs\":[\"https:\\\/\\\/www.facebook.com\\\/centrededucationequideo\",\"https:\\\/\\\/www.instagram.com\\\/centre_education_equideo\\\/\"]}]}<\/script>\n<!-- \/ Yoast SEO plugin. -->","yoast_head_json":{"title":"Replay Conf\u00e9rence : Conna\u00eetre les personnalit\u00e9s \u00e9quines c'est bien, savoir quoi en faire, c'est mieux -","robots":{"index":"index","follow":"follow","max-snippet":"max-snippet:-1","max-image-preview":"max-image-preview:large","max-video-preview":"max-video-preview:-1"},"canonical":"https:\/\/equideo.fr\/en\/product\/visio-conference-connaitre-les-personnalites-equines\/","og_locale":"en_US","og_type":"article","og_title":"Replay Conf\u00e9rence : Conna\u00eetre les personnalit\u00e9s \u00e9quines c'est bien, savoir quoi en faire, c'est mieux -","og_description":"Les chevaux, quelle que soit leur race, sont diff\u00e9rents en tant qu\u2019individus. Certains aiment bouger, d\u2019autres moins. Certains sont \u00e9motifs et se tendent facilement, d\u2019autres sont envahissants et ont de nombreuses opinions. Si vous traitez tous les chevaux de la m\u00eame mani\u00e8re, vous allez avoir des r\u00e9sultats incoh\u00e9rents parce que votre approche fonctionnera sur certains [&hellip;]","og_url":"https:\/\/equideo.fr\/en\/product\/visio-conference-connaitre-les-personnalites-equines\/","article_publisher":"https:\/\/www.facebook.com\/centrededucationequideo","article_modified_time":"2024-11-07T07:48:03+00:00","og_image":[{"width":1200,"height":1200,"url":"https:\/\/equideo.fr\/wp-content\/uploads\/2024\/09\/Modern-Webinar-Business-LinkedIn-Post-1.png","type":"image\/png"}],"twitter_card":"summary_large_image","twitter_misc":{"Est. reading time":"3 minutes"},"schema":{"@context":"https:\/\/schema.org","@graph":[{"@type":"WebPage","@id":"https:\/\/equideo.fr\/produit\/visio-conference-connaitre-les-personnalites-equines","url":"https:\/\/equideo.fr\/produit\/visio-conference-connaitre-les-personnalites-equines","name":"Replay Conf\u00e9rence : Conna\u00eetre les personnalit\u00e9s \u00e9quines c'est bien, savoir quoi en faire, c'est mieux -","isPartOf":{"@id":"https:\/\/equideo.fr\/#website"},"primaryImageOfPage":{"@id":"https:\/\/equideo.fr\/produit\/visio-conference-connaitre-les-personnalites-equines#primaryimage"},"image":{"@id":"https:\/\/equideo.fr\/produit\/visio-conference-connaitre-les-personnalites-equines#primaryimage"},"thumbnailUrl":"https:\/\/equideo.fr\/wp-content\/uploads\/2024\/09\/Modern-Webinar-Business-LinkedIn-Post-1.png","datePublished":"2024-09-22T14:28:51+00:00","dateModified":"2024-11-07T07:48:03+00:00","breadcrumb":{"@id":"https:\/\/equideo.fr\/produit\/visio-conference-connaitre-les-personnalites-equines#breadcrumb"},"inLanguage":"en-US","potentialAction":[{"@type":"ReadAction","target":["https:\/\/equideo.fr\/produit\/visio-conference-connaitre-les-personnalites-equines"]}]},{"@type":"ImageObject","inLanguage":"en-US","@id":"https:\/\/equideo.fr\/produit\/visio-conference-connaitre-les-personnalites-equines#primaryimage","url":"https:\/\/equideo.fr\/wp-content\/uploads\/2024\/09\/Modern-Webinar-Business-LinkedIn-Post-1.png","contentUrl":"https:\/\/equideo.fr\/wp-content\/uploads\/2024\/09\/Modern-Webinar-Business-LinkedIn-Post-1.png","width":1200,"height":1200},{"@type":"BreadcrumbList","@id":"https:\/\/equideo.fr\/produit\/visio-conference-connaitre-les-personnalites-equines#breadcrumb","itemListElement":[{"@type":"ListItem","position":1,"name":"Accueil","item":"https:\/\/equideo.fr\/"},{"@type":"ListItem","position":2,"name":"Liste Produits","item":"https:\/\/equideo.fr\/?page_id=622"},{"@type":"ListItem","position":3,"name":"Replay Conf\u00e9rence : Conna\u00eetre les personnalit\u00e9s \u00e9quines c&#8217;est bien, savoir quoi en faire, c&#8217;est mieux"}]},{"@type":"WebSite","@id":"https:\/\/equideo.fr\/#website","url":"https:\/\/equideo.fr\/","name":"Equideo.fr","description":"Equideo, training with psychology","publisher":{"@id":"https:\/\/equideo.fr\/#organization"},"alternateName":"Centre education Equideo","potentialAction":[{"@type":"SearchAction","target":{"@type":"EntryPoint","urlTemplate":"https:\/\/equideo.fr\/?s={search_term_string}"},"query-input":{"@type":"PropertyValueSpecification","valueRequired":true,"valueName":"search_term_string"}}],"inLanguage":"en-US"},{"@type":"Organization","@id":"https:\/\/equideo.fr\/#organization","name":"Equideo","url":"https:\/\/equideo.fr\/","logo":{"@type":"ImageObject","inLanguage":"en-US","@id":"https:\/\/equideo.fr\/#\/schema\/logo\/image\/","url":"https:\/\/equideo.fr\/wp-content\/uploads\/2024\/08\/logo-equideo.png","contentUrl":"https:\/\/equideo.fr\/wp-content\/uploads\/2024\/08\/logo-equideo.png","width":650,"height":650,"caption":"Equideo"},"image":{"@id":"https:\/\/equideo.fr\/#\/schema\/logo\/image\/"},"sameAs":["https:\/\/www.facebook.com\/centrededucationequideo","https:\/\/www.instagram.com\/centre_education_equideo\/"]}]}},"jetpack_sharing_enabled":true,"wcpa_form_fields":null,"_links":{"self":[{"href":"https:\/\/equideo.fr\/en\/wp-json\/wp\/v2\/product\/16245","targetHints":{"allow":["GET"]}}],"collection":[{"href":"https:\/\/equideo.fr\/en\/wp-json\/wp\/v2\/product"}],"about":[{"href":"https:\/\/equideo.fr\/en\/wp-json\/wp\/v2\/types\/product"}],"version-history":[{"count":2,"href":"https:\/\/equideo.fr\/en\/wp-json\/wp\/v2\/product\/16245\/revisions"}],"predecessor-version":[{"id":16785,"href":"https:\/\/equideo.fr\/en\/wp-json\/wp\/v2\/product\/16245\/revisions\/16785"}],"wp:featuredmedia":[{"embeddable":true,"href":"https:\/\/equideo.fr\/en\/wp-json\/wp\/v2\/media\/16247"}],"wp:attachment":[{"href":"https:\/\/equideo.fr\/en\/wp-json\/wp\/v2\/media?parent=16245"}],"wp:term":[{"taxonomy":"product_brand","embeddable":true,"href":"https:\/\/equideo.fr\/en\/wp-json\/wp\/v2\/product_brand?post=16245"},{"taxonomy":"product_cat","embeddable":true,"href":"https:\/\/equideo.fr\/en\/wp-json\/wp\/v2\/product_cat?post=16245"},{"taxonomy":"product_tag","embeddable":true,"href":"https:\/\/equideo.fr\/en\/wp-json\/wp\/v2\/product_tag?post=16245"}],"curies":[{"name":"wp","href":"https:\/\/api.w.org\/{rel}","templated":true}]}}