{"id":16723,"date":"2024-10-21T09:46:55","date_gmt":"2024-10-21T09:46:55","guid":{"rendered":"https:\/\/equideo.fr\/?post_type=product&#038;p=16723"},"modified":"2024-11-07T07:46:57","modified_gmt":"2024-11-07T07:46:57","slug":"visio-conference-peur-et-stress-chez-mon-cheval","status":"publish","type":"product","link":"https:\/\/equideo.fr\/en\/product\/visio-conference-peur-et-stress-chez-mon-cheval","title":{"rendered":"Conference Replay: Fear and Stress in My Horse"},"content":{"rendered":"<h2 style=\"text-align: center;\">Fear and stress in my horse<\/h2>\n<p>How to read it? How to understand it, and above all, how to help it?<\/p>\n<p>Everyone has experienced the surge of stress and fear, accompanied by potentially dangerous and aggressive behaviors in their horse. We find ourselves affected by their stress, unable to understand it, unsure how to defuse the situation or help them.<\/p>\n<p>This conference is for those who have always wanted to gain powerful psychological insights and a much better understanding of their horse&#039;s body language. If you&#039;ve always wanted to know what&#039;s going on in your horse&#039;s mind and how to help them without putting yourself in danger, then this conference is for you!<\/p>\n<p><strong>After your purchase, you will receive a confirmation message with a link to the page containing your video conference. To access more conferences, you have two options:\u00a0<\/strong><\/p>\n<ol>\n<li><strong>Lifetime access to all conferences: Be a member of the Equideo online training program. You have access to all past and future replays, regardless of the subscription you choose. All future conferences are offered at a reduced price for Discovery subscription members and are FREE for Full subscription members.\u00a0<\/strong><\/li>\n<li><strong>Choose the 5 CONFERENCE PACKAGE \u20ac34.90 <\/strong>(instead of \u20ac74.50)<strong> Your email address will then be registered, and you will receive an invitation to participate in each new conference, and subsequently access to the replays. You can also add to your cart the 5 conferences you wish to access.\u00a0<\/strong><\/li>\n<\/ol>\n<p>&nbsp;<\/p>","protected":false},"excerpt":{"rendered":"<p>Peur et stress chez mon cheval Comment le lire ? Comment le comprendre et surtout comment l&#8217;aider ? Tout le monde a d\u00e9j\u00e0 exp\u00e9riment\u00e9 la mont\u00e9e de stress et le sentiment de peur avec des comportements associ\u00e9s plus ou moins dangereux et virulents chez son cheval. On se retrouve contamin\u00e9 par son stress, on ne [&hellip;]<\/p>\n","protected":false},"featured_media":16257,"template":"","meta":{"ocean_post_layout":"","ocean_both_sidebars_style":"","ocean_both_sidebars_content_width":0,"ocean_both_sidebars_sidebars_width":0,"ocean_sidebar":"0","ocean_second_sidebar":"0","ocean_disable_margins":"enable","ocean_add_body_class":"","ocean_shortcode_before_top_bar":"","ocean_shortcode_after_top_bar":"","ocean_shortcode_before_header":"","ocean_shortcode_after_header":"","ocean_has_shortcode":"","ocean_shortcode_after_title":"","ocean_shortcode_before_footer_widgets":"","ocean_shortcode_after_footer_widgets":"","ocean_shortcode_before_footer_bottom":"","ocean_shortcode_after_footer_bottom":"","ocean_display_top_bar":"default","ocean_display_header":"default","ocean_header_style":"","ocean_center_header_left_menu":"0","ocean_custom_header_template":"0","ocean_custom_logo":0,"ocean_custom_retina_logo":0,"ocean_custom_logo_max_width":0,"ocean_custom_logo_tablet_max_width":0,"ocean_custom_logo_mobile_max_width":0,"ocean_custom_logo_max_height":0,"ocean_custom_logo_tablet_max_height":0,"ocean_custom_logo_mobile_max_height":0,"ocean_header_custom_menu":"0","ocean_menu_typo_font_family":"0","ocean_menu_typo_font_subset":"","ocean_menu_typo_font_size":0,"ocean_menu_typo_font_size_tablet":0,"ocean_menu_typo_font_size_mobile":0,"ocean_menu_typo_font_size_unit":"px","ocean_menu_typo_font_weight":"","ocean_menu_typo_font_weight_tablet":"","ocean_menu_typo_font_weight_mobile":"","ocean_menu_typo_transform":"","ocean_menu_typo_transform_tablet":"","ocean_menu_typo_transform_mobile":"","ocean_menu_typo_line_height":0,"ocean_menu_typo_line_height_tablet":0,"ocean_menu_typo_line_height_mobile":0,"ocean_menu_typo_line_height_unit":"","ocean_menu_typo_spacing":0,"ocean_menu_typo_spacing_tablet":0,"ocean_menu_typo_spacing_mobile":0,"ocean_menu_typo_spacing_unit":"","ocean_menu_link_color":"","ocean_menu_link_color_hover":"","ocean_menu_link_color_active":"","ocean_menu_link_background":"","ocean_menu_link_hover_background":"","ocean_menu_link_active_background":"","ocean_menu_social_links_bg":"","ocean_menu_social_hover_links_bg":"","ocean_menu_social_links_color":"","ocean_menu_social_hover_links_color":"","ocean_disable_title":"default","ocean_disable_heading":"default","ocean_post_title":"","ocean_post_subheading":"","ocean_post_title_style":"","ocean_post_title_background_color":"","ocean_post_title_background":0,"ocean_post_title_bg_image_position":"","ocean_post_title_bg_image_attachment":"","ocean_post_title_bg_image_repeat":"","ocean_post_title_bg_image_size":"","ocean_post_title_height":0,"ocean_post_title_bg_overlay":0.5,"ocean_post_title_bg_overlay_color":"","ocean_disable_breadcrumbs":"default","ocean_breadcrumbs_color":"","ocean_breadcrumbs_separator_color":"","ocean_breadcrumbs_links_color":"","ocean_breadcrumbs_links_hover_color":"","ocean_display_footer_widgets":"default","ocean_display_footer_bottom":"default","ocean_custom_footer_template":"0"},"product_brand":[],"product_cat":[118],"product_tag":[],"class_list":{"0":"post-16723","1":"product","2":"type-product","3":"status-publish","4":"has-post-thumbnail","6":"product_cat-replay-conferences","8":"entry","9":"has-media","11":"first","12":"instock","13":"virtual","14":"taxable","15":"purchasable","16":"product-type-simple","17":"has-product-nav","18":"col","19":"span_1_of_4","20":"owp-content-center","21":"owp-thumbs-layout-horizontal","22":"owp-btn-big","23":"owp-tabs-layout-horizontal","25":"circle-sale"},"yoast_head":"<!-- This site is optimized with the Yoast SEO plugin v27.5 - https:\/\/yoast.com\/product\/yoast-seo-wordpress\/ -->\n<title>Replay Conf\u00e9rence : Peur et stress chez mon cheval -<\/title>\n<meta name=\"robots\" content=\"index, follow, max-snippet:-1, max-image-preview:large, max-video-preview:-1\" \/>\n<link rel=\"canonical\" href=\"https:\/\/equideo.fr\/en\/product\/visio-conference-peur-et-stress-chez-mon-cheval\/\" \/>\n<meta property=\"og:locale\" content=\"en_US\" \/>\n<meta property=\"og:type\" content=\"article\" \/>\n<meta property=\"og:title\" content=\"Replay Conf\u00e9rence : Peur et stress chez mon cheval -\" \/>\n<meta property=\"og:description\" content=\"Peur et stress chez mon cheval Comment le lire ? Comment le comprendre et surtout comment l&#8217;aider ? Tout le monde a d\u00e9j\u00e0 exp\u00e9riment\u00e9 la mont\u00e9e de stress et le sentiment de peur avec des comportements associ\u00e9s plus ou moins dangereux et virulents chez son cheval. On se retrouve contamin\u00e9 par son stress, on ne [&hellip;]\" \/>\n<meta property=\"og:url\" content=\"https:\/\/equideo.fr\/en\/product\/visio-conference-peur-et-stress-chez-mon-cheval\/\" \/>\n<meta property=\"article:publisher\" content=\"https:\/\/www.facebook.com\/centrededucationequideo\" \/>\n<meta property=\"article:modified_time\" content=\"2024-11-07T07:46:57+00:00\" \/>\n<meta property=\"og:image\" content=\"https:\/\/equideo.fr\/wp-content\/uploads\/2024\/09\/2.png\" \/>\n\t<meta property=\"og:image:width\" content=\"1200\" \/>\n\t<meta property=\"og:image:height\" content=\"1200\" \/>\n\t<meta property=\"og:image:type\" content=\"image\/png\" \/>\n<meta name=\"twitter:card\" content=\"summary_large_image\" \/>\n<meta name=\"twitter:label1\" content=\"Est. reading time\" \/>\n\t<meta name=\"twitter:data1\" content=\"2 minutes\" \/>\n<script type=\"application\/ld+json\" class=\"yoast-schema-graph\">{\"@context\":\"https:\\\/\\\/schema.org\",\"@graph\":[{\"@type\":\"WebPage\",\"@id\":\"https:\\\/\\\/equideo.fr\\\/produit\\\/visio-conference-peur-et-stress-chez-mon-cheval\",\"url\":\"https:\\\/\\\/equideo.fr\\\/produit\\\/visio-conference-peur-et-stress-chez-mon-cheval\",\"name\":\"Replay Conf\u00e9rence : Peur et stress chez mon cheval -\",\"isPartOf\":{\"@id\":\"https:\\\/\\\/equideo.fr\\\/#website\"},\"primaryImageOfPage\":{\"@id\":\"https:\\\/\\\/equideo.fr\\\/produit\\\/visio-conference-peur-et-stress-chez-mon-cheval#primaryimage\"},\"image\":{\"@id\":\"https:\\\/\\\/equideo.fr\\\/produit\\\/visio-conference-peur-et-stress-chez-mon-cheval#primaryimage\"},\"thumbnailUrl\":\"https:\\\/\\\/equideo.fr\\\/wp-content\\\/uploads\\\/2024\\\/09\\\/2.png\",\"datePublished\":\"2024-10-21T09:46:55+00:00\",\"dateModified\":\"2024-11-07T07:46:57+00:00\",\"breadcrumb\":{\"@id\":\"https:\\\/\\\/equideo.fr\\\/produit\\\/visio-conference-peur-et-stress-chez-mon-cheval#breadcrumb\"},\"inLanguage\":\"en-US\",\"potentialAction\":[{\"@type\":\"ReadAction\",\"target\":[\"https:\\\/\\\/equideo.fr\\\/produit\\\/visio-conference-peur-et-stress-chez-mon-cheval\"]}]},{\"@type\":\"ImageObject\",\"inLanguage\":\"en-US\",\"@id\":\"https:\\\/\\\/equideo.fr\\\/produit\\\/visio-conference-peur-et-stress-chez-mon-cheval#primaryimage\",\"url\":\"https:\\\/\\\/equideo.fr\\\/wp-content\\\/uploads\\\/2024\\\/09\\\/2.png\",\"contentUrl\":\"https:\\\/\\\/equideo.fr\\\/wp-content\\\/uploads\\\/2024\\\/09\\\/2.png\",\"width\":1200,\"height\":1200},{\"@type\":\"BreadcrumbList\",\"@id\":\"https:\\\/\\\/equideo.fr\\\/produit\\\/visio-conference-peur-et-stress-chez-mon-cheval#breadcrumb\",\"itemListElement\":[{\"@type\":\"ListItem\",\"position\":1,\"name\":\"Accueil\",\"item\":\"https:\\\/\\\/equideo.fr\\\/\"},{\"@type\":\"ListItem\",\"position\":2,\"name\":\"Liste Produits\",\"item\":\"https:\\\/\\\/equideo.fr\\\/?page_id=622\"},{\"@type\":\"ListItem\",\"position\":3,\"name\":\"Replay Conf\u00e9rence : Peur et stress chez mon cheval\"}]},{\"@type\":\"WebSite\",\"@id\":\"https:\\\/\\\/equideo.fr\\\/#website\",\"url\":\"https:\\\/\\\/equideo.fr\\\/\",\"name\":\"Equideo.fr\",\"description\":\"Equideo, entra\u00eener avec psychologie\",\"publisher\":{\"@id\":\"https:\\\/\\\/equideo.fr\\\/#organization\"},\"alternateName\":\"Centre education Equideo\",\"potentialAction\":[{\"@type\":\"SearchAction\",\"target\":{\"@type\":\"EntryPoint\",\"urlTemplate\":\"https:\\\/\\\/equideo.fr\\\/?s={search_term_string}\"},\"query-input\":{\"@type\":\"PropertyValueSpecification\",\"valueRequired\":true,\"valueName\":\"search_term_string\"}}],\"inLanguage\":\"en-US\"},{\"@type\":\"Organization\",\"@id\":\"https:\\\/\\\/equideo.fr\\\/#organization\",\"name\":\"Equideo\",\"url\":\"https:\\\/\\\/equideo.fr\\\/\",\"logo\":{\"@type\":\"ImageObject\",\"inLanguage\":\"en-US\",\"@id\":\"https:\\\/\\\/equideo.fr\\\/#\\\/schema\\\/logo\\\/image\\\/\",\"url\":\"https:\\\/\\\/equideo.fr\\\/wp-content\\\/uploads\\\/2024\\\/08\\\/logo-equideo.png\",\"contentUrl\":\"https:\\\/\\\/equideo.fr\\\/wp-content\\\/uploads\\\/2024\\\/08\\\/logo-equideo.png\",\"width\":650,\"height\":650,\"caption\":\"Equideo\"},\"image\":{\"@id\":\"https:\\\/\\\/equideo.fr\\\/#\\\/schema\\\/logo\\\/image\\\/\"},\"sameAs\":[\"https:\\\/\\\/www.facebook.com\\\/centrededucationequideo\",\"https:\\\/\\\/www.instagram.com\\\/centre_education_equideo\\\/\"]}]}<\/script>\n<!-- \/ Yoast SEO plugin. -->","yoast_head_json":{"title":"Replay Conf\u00e9rence : Peur et stress chez mon cheval -","robots":{"index":"index","follow":"follow","max-snippet":"max-snippet:-1","max-image-preview":"max-image-preview:large","max-video-preview":"max-video-preview:-1"},"canonical":"https:\/\/equideo.fr\/en\/product\/visio-conference-peur-et-stress-chez-mon-cheval\/","og_locale":"en_US","og_type":"article","og_title":"Replay Conf\u00e9rence : Peur et stress chez mon cheval -","og_description":"Peur et stress chez mon cheval Comment le lire ? Comment le comprendre et surtout comment l&#8217;aider ? Tout le monde a d\u00e9j\u00e0 exp\u00e9riment\u00e9 la mont\u00e9e de stress et le sentiment de peur avec des comportements associ\u00e9s plus ou moins dangereux et virulents chez son cheval. On se retrouve contamin\u00e9 par son stress, on ne [&hellip;]","og_url":"https:\/\/equideo.fr\/en\/product\/visio-conference-peur-et-stress-chez-mon-cheval\/","article_publisher":"https:\/\/www.facebook.com\/centrededucationequideo","article_modified_time":"2024-11-07T07:46:57+00:00","og_image":[{"width":1200,"height":1200,"url":"https:\/\/equideo.fr\/wp-content\/uploads\/2024\/09\/2.png","type":"image\/png"}],"twitter_card":"summary_large_image","twitter_misc":{"Est. reading time":"2 minutes"},"schema":{"@context":"https:\/\/schema.org","@graph":[{"@type":"WebPage","@id":"https:\/\/equideo.fr\/produit\/visio-conference-peur-et-stress-chez-mon-cheval","url":"https:\/\/equideo.fr\/produit\/visio-conference-peur-et-stress-chez-mon-cheval","name":"Replay Conf\u00e9rence : Peur et stress chez mon cheval -","isPartOf":{"@id":"https:\/\/equideo.fr\/#website"},"primaryImageOfPage":{"@id":"https:\/\/equideo.fr\/produit\/visio-conference-peur-et-stress-chez-mon-cheval#primaryimage"},"image":{"@id":"https:\/\/equideo.fr\/produit\/visio-conference-peur-et-stress-chez-mon-cheval#primaryimage"},"thumbnailUrl":"https:\/\/equideo.fr\/wp-content\/uploads\/2024\/09\/2.png","datePublished":"2024-10-21T09:46:55+00:00","dateModified":"2024-11-07T07:46:57+00:00","breadcrumb":{"@id":"https:\/\/equideo.fr\/produit\/visio-conference-peur-et-stress-chez-mon-cheval#breadcrumb"},"inLanguage":"en-US","potentialAction":[{"@type":"ReadAction","target":["https:\/\/equideo.fr\/produit\/visio-conference-peur-et-stress-chez-mon-cheval"]}]},{"@type":"ImageObject","inLanguage":"en-US","@id":"https:\/\/equideo.fr\/produit\/visio-conference-peur-et-stress-chez-mon-cheval#primaryimage","url":"https:\/\/equideo.fr\/wp-content\/uploads\/2024\/09\/2.png","contentUrl":"https:\/\/equideo.fr\/wp-content\/uploads\/2024\/09\/2.png","width":1200,"height":1200},{"@type":"BreadcrumbList","@id":"https:\/\/equideo.fr\/produit\/visio-conference-peur-et-stress-chez-mon-cheval#breadcrumb","itemListElement":[{"@type":"ListItem","position":1,"name":"Accueil","item":"https:\/\/equideo.fr\/"},{"@type":"ListItem","position":2,"name":"Liste Produits","item":"https:\/\/equideo.fr\/?page_id=622"},{"@type":"ListItem","position":3,"name":"Replay Conf\u00e9rence : Peur et stress chez mon cheval"}]},{"@type":"WebSite","@id":"https:\/\/equideo.fr\/#website","url":"https:\/\/equideo.fr\/","name":"Equideo.fr","description":"Equideo, training with psychology","publisher":{"@id":"https:\/\/equideo.fr\/#organization"},"alternateName":"Centre education Equideo","potentialAction":[{"@type":"SearchAction","target":{"@type":"EntryPoint","urlTemplate":"https:\/\/equideo.fr\/?s={search_term_string}"},"query-input":{"@type":"PropertyValueSpecification","valueRequired":true,"valueName":"search_term_string"}}],"inLanguage":"en-US"},{"@type":"Organization","@id":"https:\/\/equideo.fr\/#organization","name":"Equideo","url":"https:\/\/equideo.fr\/","logo":{"@type":"ImageObject","inLanguage":"en-US","@id":"https:\/\/equideo.fr\/#\/schema\/logo\/image\/","url":"https:\/\/equideo.fr\/wp-content\/uploads\/2024\/08\/logo-equideo.png","contentUrl":"https:\/\/equideo.fr\/wp-content\/uploads\/2024\/08\/logo-equideo.png","width":650,"height":650,"caption":"Equideo"},"image":{"@id":"https:\/\/equideo.fr\/#\/schema\/logo\/image\/"},"sameAs":["https:\/\/www.facebook.com\/centrededucationequideo","https:\/\/www.instagram.com\/centre_education_equideo\/"]}]}},"jetpack_sharing_enabled":true,"wcpa_form_fields":null,"_links":{"self":[{"href":"https:\/\/equideo.fr\/en\/wp-json\/wp\/v2\/product\/16723","targetHints":{"allow":["GET"]}}],"collection":[{"href":"https:\/\/equideo.fr\/en\/wp-json\/wp\/v2\/product"}],"about":[{"href":"https:\/\/equideo.fr\/en\/wp-json\/wp\/v2\/types\/product"}],"version-history":[{"count":2,"href":"https:\/\/equideo.fr\/en\/wp-json\/wp\/v2\/product\/16723\/revisions"}],"predecessor-version":[{"id":16784,"href":"https:\/\/equideo.fr\/en\/wp-json\/wp\/v2\/product\/16723\/revisions\/16784"}],"wp:featuredmedia":[{"embeddable":true,"href":"https:\/\/equideo.fr\/en\/wp-json\/wp\/v2\/media\/16257"}],"wp:attachment":[{"href":"https:\/\/equideo.fr\/en\/wp-json\/wp\/v2\/media?parent=16723"}],"wp:term":[{"taxonomy":"product_brand","embeddable":true,"href":"https:\/\/equideo.fr\/en\/wp-json\/wp\/v2\/product_brand?post=16723"},{"taxonomy":"product_cat","embeddable":true,"href":"https:\/\/equideo.fr\/en\/wp-json\/wp\/v2\/product_cat?post=16723"},{"taxonomy":"product_tag","embeddable":true,"href":"https:\/\/equideo.fr\/en\/wp-json\/wp\/v2\/product_tag?post=16723"}],"curies":[{"name":"wp","href":"https:\/\/api.w.org\/{rel}","templated":true}]}}