{"id":17227,"date":"2025-02-12T16:53:30","date_gmt":"2025-02-12T16:53:30","guid":{"rendered":"https:\/\/equideo.fr\/?post_type=product&#038;p=17227"},"modified":"2025-12-24T06:57:21","modified_gmt":"2025-12-24T06:57:21","slug":"replay-conference-les-indicateurs-du-bien-etre-equin-en-seance","status":"publish","type":"product","link":"https:\/\/equideo.fr\/en\/product\/replay-conference-les-indicateurs-du-bien-etre-equin-en-seance","title":{"rendered":"Conference Replay: Indicators of equine welfare during the session"},"content":{"rendered":"<h2 style=\"text-align: center;\">Indicators of equine welfare during the session<\/h2>\n<p>Conference held at the Health Forum of the Bordeaux International Jumping 2025<\/p>\n<p>What if it were possible to objectively observe whether our horse is &quot;well,&quot; happy, and serene, during a session with its rider, whether it&#039;s learning, practicing, or performing? From the tip of its nose to the end of its tail, every detail counts: what are the observable indicators that reflect a happy, confident, and responsive horse?<\/p>\n<p>In your daily training sessions, whether during learning phases or peak performance, at home or in competition, it&#039;s possible to accurately detect your horse&#039;s mental and emotional state. This richly illustrated presentation, based on practical and scientific data, will teach you how to decode the subtle signals that reveal optimal psychological and physical balance. Beyond simple observation, you&#039;ll discover how to integrate these indicators into your training, which ones to consider in real time, and which ones to analyze in photos and videos after a session, all to foster a happy, motivated, and high-performing horse in the long term.<\/p>\n<p>It&#039;s not just about technical skills; it&#039;s about fully integrating equine psychology into every interaction to build a relationship based on respect and lasting harmony. Because every detail matters, and reminds us that if simply having hay, a herd, and freedom of movement were enough to create a happy horse and rider, we&#039;d see many more happy horses in the arenas!<\/p>\n<p>Now it&#039;s up to you to take control of your relationship with your horse. You&#039;ll never look at him the same way again\u2026<\/p>\n<p>&nbsp;<\/p>\n<p><strong>After registering for the replay, you will receive a confirmation message with a link to the page containing your video conference. To access more conferences, you have two options:\u00a0<\/strong><\/p>\n<ol>\n<li><strong>Lifetime access to all conferences: Be a member of the Equideo online training program. You have access to all past and future replays, regardless of the subscription you choose. All future conferences are offered at a reduced price for Discovery subscription members and are free for Full subscription members.\u00a0<\/strong><strong>\u00a0<\/strong><\/li>\n<li>THE YEAR&#039;S GIFT MOMENTS: This Christmas 2025, the Conference is FREE to access until midnight on December 27th!<\/li>\n<\/ol>\n<p>&nbsp;<\/p>","protected":false},"excerpt":{"rendered":"<p>Les indicateurs du bien-\u00eatre \u00e9quin en s\u00e9ance Conf\u00e9rence d\u00e9roul\u00e9e au Forum Sant\u00e9 du Jumping International de Bordeaux 2025 Et s&#8217;il \u00e9tait possible d&#8217;observer objectivement si notre cheval &#8220;est bien&#8221;, heureux, serein, en s\u00e9ance avec son cavalier, qu&#8217;il soit en apprentissage, en pratique, comme en performance. Du bout du nez \u00e0 l\u2019extr\u00e9mit\u00e9 de la queue, chaque [&hellip;]<\/p>\n","protected":false},"featured_media":17974,"template":"","meta":{"ocean_post_layout":"","ocean_both_sidebars_style":"","ocean_both_sidebars_content_width":0,"ocean_both_sidebars_sidebars_width":0,"ocean_sidebar":"0","ocean_second_sidebar":"0","ocean_disable_margins":"enable","ocean_add_body_class":"","ocean_shortcode_before_top_bar":"","ocean_shortcode_after_top_bar":"","ocean_shortcode_before_header":"","ocean_shortcode_after_header":"","ocean_has_shortcode":"","ocean_shortcode_after_title":"","ocean_shortcode_before_footer_widgets":"","ocean_shortcode_after_footer_widgets":"","ocean_shortcode_before_footer_bottom":"","ocean_shortcode_after_footer_bottom":"","ocean_display_top_bar":"default","ocean_display_header":"default","ocean_header_style":"","ocean_center_header_left_menu":"0","ocean_custom_header_template":"0","ocean_custom_logo":0,"ocean_custom_retina_logo":0,"ocean_custom_logo_max_width":0,"ocean_custom_logo_tablet_max_width":0,"ocean_custom_logo_mobile_max_width":0,"ocean_custom_logo_max_height":0,"ocean_custom_logo_tablet_max_height":0,"ocean_custom_logo_mobile_max_height":0,"ocean_header_custom_menu":"0","ocean_menu_typo_font_family":"0","ocean_menu_typo_font_subset":"","ocean_menu_typo_font_size":0,"ocean_menu_typo_font_size_tablet":0,"ocean_menu_typo_font_size_mobile":0,"ocean_menu_typo_font_size_unit":"px","ocean_menu_typo_font_weight":"","ocean_menu_typo_font_weight_tablet":"","ocean_menu_typo_font_weight_mobile":"","ocean_menu_typo_transform":"","ocean_menu_typo_transform_tablet":"","ocean_menu_typo_transform_mobile":"","ocean_menu_typo_line_height":0,"ocean_menu_typo_line_height_tablet":0,"ocean_menu_typo_line_height_mobile":0,"ocean_menu_typo_line_height_unit":"","ocean_menu_typo_spacing":0,"ocean_menu_typo_spacing_tablet":0,"ocean_menu_typo_spacing_mobile":0,"ocean_menu_typo_spacing_unit":"","ocean_menu_link_color":"","ocean_menu_link_color_hover":"","ocean_menu_link_color_active":"","ocean_menu_link_background":"","ocean_menu_link_hover_background":"","ocean_menu_link_active_background":"","ocean_menu_social_links_bg":"","ocean_menu_social_hover_links_bg":"","ocean_menu_social_links_color":"","ocean_menu_social_hover_links_color":"","ocean_disable_title":"default","ocean_disable_heading":"default","ocean_post_title":"","ocean_post_subheading":"","ocean_post_title_style":"","ocean_post_title_background_color":"","ocean_post_title_background":0,"ocean_post_title_bg_image_position":"","ocean_post_title_bg_image_attachment":"","ocean_post_title_bg_image_repeat":"","ocean_post_title_bg_image_size":"","ocean_post_title_height":0,"ocean_post_title_bg_overlay":0.5,"ocean_post_title_bg_overlay_color":"","ocean_disable_breadcrumbs":"default","ocean_breadcrumbs_color":"","ocean_breadcrumbs_separator_color":"","ocean_breadcrumbs_links_color":"","ocean_breadcrumbs_links_hover_color":"","ocean_display_footer_widgets":"default","ocean_display_footer_bottom":"default","ocean_custom_footer_template":"0"},"product_brand":[],"product_cat":[118],"product_tag":[],"class_list":{"0":"post-17227","1":"product","2":"type-product","3":"status-publish","4":"has-post-thumbnail","6":"product_cat-replay-conferences","8":"entry","9":"has-media","11":"first","12":"instock","13":"virtual","14":"taxable","15":"purchasable","16":"product-type-simple","17":"has-product-nav","18":"col","19":"span_1_of_4","20":"owp-content-center","21":"owp-thumbs-layout-horizontal","22":"owp-btn-big","23":"owp-tabs-layout-horizontal","25":"circle-sale"},"yoast_head":"<!-- This site is optimized with the Yoast SEO plugin v27.5 - https:\/\/yoast.com\/product\/yoast-seo-wordpress\/ -->\n<title>Replay Conf\u00e9rence : Les indicateurs du bien-\u00eatre \u00e9quin en s\u00e9ance -<\/title>\n<meta name=\"robots\" content=\"index, follow, max-snippet:-1, max-image-preview:large, max-video-preview:-1\" \/>\n<link rel=\"canonical\" href=\"https:\/\/equideo.fr\/en\/product\/replay-conference-les-indicateurs-du-bien-etre-equin-en-seance\/\" \/>\n<meta property=\"og:locale\" content=\"en_US\" \/>\n<meta property=\"og:type\" content=\"article\" \/>\n<meta property=\"og:title\" content=\"Replay Conf\u00e9rence : Les indicateurs du bien-\u00eatre \u00e9quin en s\u00e9ance -\" \/>\n<meta property=\"og:description\" content=\"Les indicateurs du bien-\u00eatre \u00e9quin en s\u00e9ance Conf\u00e9rence d\u00e9roul\u00e9e au Forum Sant\u00e9 du Jumping International de Bordeaux 2025 Et s&#8217;il \u00e9tait possible d&#8217;observer objectivement si notre cheval &#8220;est bien&#8221;, heureux, serein, en s\u00e9ance avec son cavalier, qu&#8217;il soit en apprentissage, en pratique, comme en performance. Du bout du nez \u00e0 l\u2019extr\u00e9mit\u00e9 de la queue, chaque [&hellip;]\" \/>\n<meta property=\"og:url\" content=\"https:\/\/equideo.fr\/en\/product\/replay-conference-les-indicateurs-du-bien-etre-equin-en-seance\/\" \/>\n<meta property=\"article:publisher\" content=\"https:\/\/www.facebook.com\/centrededucationequideo\" \/>\n<meta property=\"article:modified_time\" content=\"2025-12-24T06:57:21+00:00\" \/>\n<meta property=\"og:image\" content=\"https:\/\/equideo.fr\/wp-content\/uploads\/2025\/02\/1.jpg\" \/>\n\t<meta property=\"og:image:width\" content=\"1920\" \/>\n\t<meta property=\"og:image:height\" content=\"1080\" \/>\n\t<meta property=\"og:image:type\" content=\"image\/jpeg\" \/>\n<meta name=\"twitter:card\" content=\"summary_large_image\" \/>\n<meta name=\"twitter:label1\" content=\"Est. reading time\" \/>\n\t<meta name=\"twitter:data1\" content=\"3 minutes\" \/>\n<script type=\"application\/ld+json\" class=\"yoast-schema-graph\">{\"@context\":\"https:\\\/\\\/schema.org\",\"@graph\":[{\"@type\":\"WebPage\",\"@id\":\"https:\\\/\\\/equideo.fr\\\/produit\\\/replay-conference-les-indicateurs-du-bien-etre-equin-en-seance\",\"url\":\"https:\\\/\\\/equideo.fr\\\/produit\\\/replay-conference-les-indicateurs-du-bien-etre-equin-en-seance\",\"name\":\"Replay Conf\u00e9rence : Les indicateurs du bien-\u00eatre \u00e9quin en s\u00e9ance -\",\"isPartOf\":{\"@id\":\"https:\\\/\\\/equideo.fr\\\/#website\"},\"primaryImageOfPage\":{\"@id\":\"https:\\\/\\\/equideo.fr\\\/produit\\\/replay-conference-les-indicateurs-du-bien-etre-equin-en-seance#primaryimage\"},\"image\":{\"@id\":\"https:\\\/\\\/equideo.fr\\\/produit\\\/replay-conference-les-indicateurs-du-bien-etre-equin-en-seance#primaryimage\"},\"thumbnailUrl\":\"https:\\\/\\\/equideo.fr\\\/wp-content\\\/uploads\\\/2025\\\/02\\\/1.jpg\",\"datePublished\":\"2025-02-12T16:53:30+00:00\",\"dateModified\":\"2025-12-24T06:57:21+00:00\",\"breadcrumb\":{\"@id\":\"https:\\\/\\\/equideo.fr\\\/produit\\\/replay-conference-les-indicateurs-du-bien-etre-equin-en-seance#breadcrumb\"},\"inLanguage\":\"en-US\",\"potentialAction\":[{\"@type\":\"ReadAction\",\"target\":[\"https:\\\/\\\/equideo.fr\\\/produit\\\/replay-conference-les-indicateurs-du-bien-etre-equin-en-seance\"]}]},{\"@type\":\"ImageObject\",\"inLanguage\":\"en-US\",\"@id\":\"https:\\\/\\\/equideo.fr\\\/produit\\\/replay-conference-les-indicateurs-du-bien-etre-equin-en-seance#primaryimage\",\"url\":\"https:\\\/\\\/equideo.fr\\\/wp-content\\\/uploads\\\/2025\\\/02\\\/1.jpg\",\"contentUrl\":\"https:\\\/\\\/equideo.fr\\\/wp-content\\\/uploads\\\/2025\\\/02\\\/1.jpg\",\"width\":1920,\"height\":1080},{\"@type\":\"BreadcrumbList\",\"@id\":\"https:\\\/\\\/equideo.fr\\\/produit\\\/replay-conference-les-indicateurs-du-bien-etre-equin-en-seance#breadcrumb\",\"itemListElement\":[{\"@type\":\"ListItem\",\"position\":1,\"name\":\"Accueil\",\"item\":\"https:\\\/\\\/equideo.fr\\\/\"},{\"@type\":\"ListItem\",\"position\":2,\"name\":\"Liste Produits\",\"item\":\"https:\\\/\\\/equideo.fr\\\/?page_id=622\"},{\"@type\":\"ListItem\",\"position\":3,\"name\":\"Replay Conf\u00e9rence : Les indicateurs du bien-\u00eatre \u00e9quin en s\u00e9ance\"}]},{\"@type\":\"WebSite\",\"@id\":\"https:\\\/\\\/equideo.fr\\\/#website\",\"url\":\"https:\\\/\\\/equideo.fr\\\/\",\"name\":\"Equideo.fr\",\"description\":\"Equideo, entra\u00eener avec psychologie\",\"publisher\":{\"@id\":\"https:\\\/\\\/equideo.fr\\\/#organization\"},\"alternateName\":\"Centre education Equideo\",\"potentialAction\":[{\"@type\":\"SearchAction\",\"target\":{\"@type\":\"EntryPoint\",\"urlTemplate\":\"https:\\\/\\\/equideo.fr\\\/?s={search_term_string}\"},\"query-input\":{\"@type\":\"PropertyValueSpecification\",\"valueRequired\":true,\"valueName\":\"search_term_string\"}}],\"inLanguage\":\"en-US\"},{\"@type\":\"Organization\",\"@id\":\"https:\\\/\\\/equideo.fr\\\/#organization\",\"name\":\"Equideo\",\"url\":\"https:\\\/\\\/equideo.fr\\\/\",\"logo\":{\"@type\":\"ImageObject\",\"inLanguage\":\"en-US\",\"@id\":\"https:\\\/\\\/equideo.fr\\\/#\\\/schema\\\/logo\\\/image\\\/\",\"url\":\"https:\\\/\\\/equideo.fr\\\/wp-content\\\/uploads\\\/2024\\\/08\\\/logo-equideo.png\",\"contentUrl\":\"https:\\\/\\\/equideo.fr\\\/wp-content\\\/uploads\\\/2024\\\/08\\\/logo-equideo.png\",\"width\":650,\"height\":650,\"caption\":\"Equideo\"},\"image\":{\"@id\":\"https:\\\/\\\/equideo.fr\\\/#\\\/schema\\\/logo\\\/image\\\/\"},\"sameAs\":[\"https:\\\/\\\/www.facebook.com\\\/centrededucationequideo\",\"https:\\\/\\\/www.instagram.com\\\/centre_education_equideo\\\/\"]}]}<\/script>\n<!-- \/ Yoast SEO plugin. -->","yoast_head_json":{"title":"Replay Conf\u00e9rence : Les indicateurs du bien-\u00eatre \u00e9quin en s\u00e9ance -","robots":{"index":"index","follow":"follow","max-snippet":"max-snippet:-1","max-image-preview":"max-image-preview:large","max-video-preview":"max-video-preview:-1"},"canonical":"https:\/\/equideo.fr\/en\/product\/replay-conference-les-indicateurs-du-bien-etre-equin-en-seance\/","og_locale":"en_US","og_type":"article","og_title":"Replay Conf\u00e9rence : Les indicateurs du bien-\u00eatre \u00e9quin en s\u00e9ance -","og_description":"Les indicateurs du bien-\u00eatre \u00e9quin en s\u00e9ance Conf\u00e9rence d\u00e9roul\u00e9e au Forum Sant\u00e9 du Jumping International de Bordeaux 2025 Et s&#8217;il \u00e9tait possible d&#8217;observer objectivement si notre cheval &#8220;est bien&#8221;, heureux, serein, en s\u00e9ance avec son cavalier, qu&#8217;il soit en apprentissage, en pratique, comme en performance. Du bout du nez \u00e0 l\u2019extr\u00e9mit\u00e9 de la queue, chaque [&hellip;]","og_url":"https:\/\/equideo.fr\/en\/product\/replay-conference-les-indicateurs-du-bien-etre-equin-en-seance\/","article_publisher":"https:\/\/www.facebook.com\/centrededucationequideo","article_modified_time":"2025-12-24T06:57:21+00:00","og_image":[{"width":1920,"height":1080,"url":"https:\/\/equideo.fr\/wp-content\/uploads\/2025\/02\/1.jpg","type":"image\/jpeg"}],"twitter_card":"summary_large_image","twitter_misc":{"Est. reading time":"3 minutes"},"schema":{"@context":"https:\/\/schema.org","@graph":[{"@type":"WebPage","@id":"https:\/\/equideo.fr\/produit\/replay-conference-les-indicateurs-du-bien-etre-equin-en-seance","url":"https:\/\/equideo.fr\/produit\/replay-conference-les-indicateurs-du-bien-etre-equin-en-seance","name":"Replay Conf\u00e9rence : Les indicateurs du bien-\u00eatre \u00e9quin en s\u00e9ance -","isPartOf":{"@id":"https:\/\/equideo.fr\/#website"},"primaryImageOfPage":{"@id":"https:\/\/equideo.fr\/produit\/replay-conference-les-indicateurs-du-bien-etre-equin-en-seance#primaryimage"},"image":{"@id":"https:\/\/equideo.fr\/produit\/replay-conference-les-indicateurs-du-bien-etre-equin-en-seance#primaryimage"},"thumbnailUrl":"https:\/\/equideo.fr\/wp-content\/uploads\/2025\/02\/1.jpg","datePublished":"2025-02-12T16:53:30+00:00","dateModified":"2025-12-24T06:57:21+00:00","breadcrumb":{"@id":"https:\/\/equideo.fr\/produit\/replay-conference-les-indicateurs-du-bien-etre-equin-en-seance#breadcrumb"},"inLanguage":"en-US","potentialAction":[{"@type":"ReadAction","target":["https:\/\/equideo.fr\/produit\/replay-conference-les-indicateurs-du-bien-etre-equin-en-seance"]}]},{"@type":"ImageObject","inLanguage":"en-US","@id":"https:\/\/equideo.fr\/produit\/replay-conference-les-indicateurs-du-bien-etre-equin-en-seance#primaryimage","url":"https:\/\/equideo.fr\/wp-content\/uploads\/2025\/02\/1.jpg","contentUrl":"https:\/\/equideo.fr\/wp-content\/uploads\/2025\/02\/1.jpg","width":1920,"height":1080},{"@type":"BreadcrumbList","@id":"https:\/\/equideo.fr\/produit\/replay-conference-les-indicateurs-du-bien-etre-equin-en-seance#breadcrumb","itemListElement":[{"@type":"ListItem","position":1,"name":"Accueil","item":"https:\/\/equideo.fr\/"},{"@type":"ListItem","position":2,"name":"Liste Produits","item":"https:\/\/equideo.fr\/?page_id=622"},{"@type":"ListItem","position":3,"name":"Replay Conf\u00e9rence : Les indicateurs du bien-\u00eatre \u00e9quin en s\u00e9ance"}]},{"@type":"WebSite","@id":"https:\/\/equideo.fr\/#website","url":"https:\/\/equideo.fr\/","name":"Equideo.fr","description":"Equideo, training with psychology","publisher":{"@id":"https:\/\/equideo.fr\/#organization"},"alternateName":"Centre education Equideo","potentialAction":[{"@type":"SearchAction","target":{"@type":"EntryPoint","urlTemplate":"https:\/\/equideo.fr\/?s={search_term_string}"},"query-input":{"@type":"PropertyValueSpecification","valueRequired":true,"valueName":"search_term_string"}}],"inLanguage":"en-US"},{"@type":"Organization","@id":"https:\/\/equideo.fr\/#organization","name":"Equideo","url":"https:\/\/equideo.fr\/","logo":{"@type":"ImageObject","inLanguage":"en-US","@id":"https:\/\/equideo.fr\/#\/schema\/logo\/image\/","url":"https:\/\/equideo.fr\/wp-content\/uploads\/2024\/08\/logo-equideo.png","contentUrl":"https:\/\/equideo.fr\/wp-content\/uploads\/2024\/08\/logo-equideo.png","width":650,"height":650,"caption":"Equideo"},"image":{"@id":"https:\/\/equideo.fr\/#\/schema\/logo\/image\/"},"sameAs":["https:\/\/www.facebook.com\/centrededucationequideo","https:\/\/www.instagram.com\/centre_education_equideo\/"]}]}},"jetpack_sharing_enabled":true,"wcpa_form_fields":null,"_links":{"self":[{"href":"https:\/\/equideo.fr\/en\/wp-json\/wp\/v2\/product\/17227","targetHints":{"allow":["GET"]}}],"collection":[{"href":"https:\/\/equideo.fr\/en\/wp-json\/wp\/v2\/product"}],"about":[{"href":"https:\/\/equideo.fr\/en\/wp-json\/wp\/v2\/types\/product"}],"version-history":[{"count":1,"href":"https:\/\/equideo.fr\/en\/wp-json\/wp\/v2\/product\/17227\/revisions"}],"predecessor-version":[{"id":17979,"href":"https:\/\/equideo.fr\/en\/wp-json\/wp\/v2\/product\/17227\/revisions\/17979"}],"wp:featuredmedia":[{"embeddable":true,"href":"https:\/\/equideo.fr\/en\/wp-json\/wp\/v2\/media\/17974"}],"wp:attachment":[{"href":"https:\/\/equideo.fr\/en\/wp-json\/wp\/v2\/media?parent=17227"}],"wp:term":[{"taxonomy":"product_brand","embeddable":true,"href":"https:\/\/equideo.fr\/en\/wp-json\/wp\/v2\/product_brand?post=17227"},{"taxonomy":"product_cat","embeddable":true,"href":"https:\/\/equideo.fr\/en\/wp-json\/wp\/v2\/product_cat?post=17227"},{"taxonomy":"product_tag","embeddable":true,"href":"https:\/\/equideo.fr\/en\/wp-json\/wp\/v2\/product_tag?post=17227"}],"curies":[{"name":"wp","href":"https:\/\/api.w.org\/{rel}","templated":true}]}}