{"id":17836,"date":"2025-11-05T07:51:35","date_gmt":"2025-11-05T07:51:35","guid":{"rendered":"https:\/\/equideo.fr\/?post_type=product&#038;p=17836"},"modified":"2026-01-15T06:52:54","modified_gmt":"2026-01-15T06:52:54","slug":"ebook_vol1_qu_est_ce_qu_un_cheval_heureux","status":"publish","type":"product","link":"https:\/\/equideo.fr\/en\/product\/ebook_vol1_qu_est_ce_qu_un_cheval_heureux","title":{"rendered":"Ebook Vol 1 - What is a Happy Horse?"},"content":{"rendered":"<p>Equideo&#039;s Ebooks are a series that allows you to gain a deeper understanding of the essence and content that awaits you within Equideo&#039;s online training.<\/p>\n<p><img fetchpriority=\"high\" decoding=\"async\" class=\"wp-image-17842 aligncenter\" src=\"https:\/\/equideo.fr\/wp-content\/uploads\/2025\/11\/Ebook1-212x300.jpg\" alt=\"\" width=\"408\" height=\"577\" srcset=\"https:\/\/equideo.fr\/wp-content\/uploads\/2025\/11\/Ebook1-212x300.jpg 212w, https:\/\/equideo.fr\/wp-content\/uploads\/2025\/11\/Ebook1-725x1024.jpg 725w, https:\/\/equideo.fr\/wp-content\/uploads\/2025\/11\/Ebook1-768x1085.jpg 768w, https:\/\/equideo.fr\/wp-content\/uploads\/2025\/11\/Ebook1-1087x1536.jpg 1087w, https:\/\/equideo.fr\/wp-content\/uploads\/2025\/11\/Ebook1-600x848.jpg 600w, https:\/\/equideo.fr\/wp-content\/uploads\/2025\/11\/Ebook1-64x90.jpg 64w, https:\/\/equideo.fr\/wp-content\/uploads\/2025\/11\/Ebook1.jpg 1334w\" sizes=\"(max-width: 408px) 100vw, 408px\" \/><\/p>\n<p>The first ebook is titled \u201cWhat is a happy horse?\u201d<\/p>\n<p>What are my horse&#039;s physiological, but also psychological, needs? As unique individuals with brains capable of thinking, learning, and of course, feeling, horses are far more intelligent than we realize. But what level of understanding and communication can we offer them if we haven&#039;t learned to go beyond the basic riding skills taught in most riding schools?<\/p>\n<p><img decoding=\"async\" class=\"wp-image-17429 aligncenter\" src=\"https:\/\/equideo.fr\/wp-content\/uploads\/2025\/06\/SI__5928-300x200.jpg\" alt=\"\" width=\"578\" height=\"385\" srcset=\"https:\/\/equideo.fr\/wp-content\/uploads\/2025\/06\/SI__5928-300x200.jpg 300w, https:\/\/equideo.fr\/wp-content\/uploads\/2025\/06\/SI__5928-1024x683.jpg 1024w, https:\/\/equideo.fr\/wp-content\/uploads\/2025\/06\/SI__5928-768x512.jpg 768w, https:\/\/equideo.fr\/wp-content\/uploads\/2025\/06\/SI__5928-1536x1024.jpg 1536w, https:\/\/equideo.fr\/wp-content\/uploads\/2025\/06\/SI__5928-2048x1366.jpg 2048w, https:\/\/equideo.fr\/wp-content\/uploads\/2025\/06\/SI__5928-600x400.jpg 600w\" sizes=\"(max-width: 578px) 100vw, 578px\" \/><\/p>\n<p>I invite you to learn more now.<\/p>\n<p>This ebook is offered to you free of charge, and you will find a download link to copy into the order notes after validating your free basket.<\/p>","protected":false},"excerpt":{"rendered":"<p>Les Ebooks d&#8217;Equideo sont une s\u00e9rie vous permettant de comprendre plus en profondeur l&#8217;essence et le contenu qui vous attendent \u00e0 l&#8217;int\u00e9rieur de la formation en ligne Equideo. Le 1er Ebook est intitul\u00e9 &#8220;Qu&#8217;est-ce qu&#8217;un cheval heureux ?&#8221; Quels sont les besoins physiologiques, mais aussi psychologiques de mon cheval ? En tant qu&#8217;individu unique et [&hellip;]<\/p>\n","protected":false},"featured_media":17842,"template":"","meta":{"ocean_post_layout":"","ocean_both_sidebars_style":"","ocean_both_sidebars_content_width":0,"ocean_both_sidebars_sidebars_width":0,"ocean_sidebar":"0","ocean_second_sidebar":"0","ocean_disable_margins":"enable","ocean_add_body_class":"","ocean_shortcode_before_top_bar":"","ocean_shortcode_after_top_bar":"","ocean_shortcode_before_header":"","ocean_shortcode_after_header":"","ocean_has_shortcode":"","ocean_shortcode_after_title":"","ocean_shortcode_before_footer_widgets":"","ocean_shortcode_after_footer_widgets":"","ocean_shortcode_before_footer_bottom":"","ocean_shortcode_after_footer_bottom":"","ocean_display_top_bar":"default","ocean_display_header":"default","ocean_header_style":"","ocean_center_header_left_menu":"0","ocean_custom_header_template":"0","ocean_custom_logo":0,"ocean_custom_retina_logo":0,"ocean_custom_logo_max_width":0,"ocean_custom_logo_tablet_max_width":0,"ocean_custom_logo_mobile_max_width":0,"ocean_custom_logo_max_height":0,"ocean_custom_logo_tablet_max_height":0,"ocean_custom_logo_mobile_max_height":0,"ocean_header_custom_menu":"0","ocean_menu_typo_font_family":"0","ocean_menu_typo_font_subset":"","ocean_menu_typo_font_size":0,"ocean_menu_typo_font_size_tablet":0,"ocean_menu_typo_font_size_mobile":0,"ocean_menu_typo_font_size_unit":"px","ocean_menu_typo_font_weight":"","ocean_menu_typo_font_weight_tablet":"","ocean_menu_typo_font_weight_mobile":"","ocean_menu_typo_transform":"","ocean_menu_typo_transform_tablet":"","ocean_menu_typo_transform_mobile":"","ocean_menu_typo_line_height":0,"ocean_menu_typo_line_height_tablet":0,"ocean_menu_typo_line_height_mobile":0,"ocean_menu_typo_line_height_unit":"","ocean_menu_typo_spacing":0,"ocean_menu_typo_spacing_tablet":0,"ocean_menu_typo_spacing_mobile":0,"ocean_menu_typo_spacing_unit":"","ocean_menu_link_color":"","ocean_menu_link_color_hover":"","ocean_menu_link_color_active":"","ocean_menu_link_background":"","ocean_menu_link_hover_background":"","ocean_menu_link_active_background":"","ocean_menu_social_links_bg":"","ocean_menu_social_hover_links_bg":"","ocean_menu_social_links_color":"","ocean_menu_social_hover_links_color":"","ocean_disable_title":"default","ocean_disable_heading":"default","ocean_post_title":"","ocean_post_subheading":"","ocean_post_title_style":"","ocean_post_title_background_color":"","ocean_post_title_background":0,"ocean_post_title_bg_image_position":"","ocean_post_title_bg_image_attachment":"","ocean_post_title_bg_image_repeat":"","ocean_post_title_bg_image_size":"","ocean_post_title_height":0,"ocean_post_title_bg_overlay":0.5,"ocean_post_title_bg_overlay_color":"","ocean_disable_breadcrumbs":"default","ocean_breadcrumbs_color":"","ocean_breadcrumbs_separator_color":"","ocean_breadcrumbs_links_color":"","ocean_breadcrumbs_links_hover_color":"","ocean_display_footer_widgets":"default","ocean_display_footer_bottom":"default","ocean_custom_footer_template":"0"},"product_brand":[],"product_cat":[29,118],"product_tag":[],"class_list":{"0":"post-17836","1":"product","2":"type-product","3":"status-publish","4":"has-post-thumbnail","6":"product_cat-accessoires","7":"product_cat-replay-conferences","9":"entry","10":"has-media","12":"first","13":"instock","14":"virtual","15":"taxable","16":"purchasable","17":"product-type-simple","18":"has-product-nav","19":"col","20":"span_1_of_4","21":"owp-content-center","22":"owp-thumbs-layout-horizontal","23":"owp-btn-big","24":"owp-tabs-layout-horizontal","26":"circle-sale"},"yoast_head":"<!-- This site is optimized with the Yoast SEO plugin v27.5 - https:\/\/yoast.com\/product\/yoast-seo-wordpress\/ -->\n<title>Ebook Vol 1 _ Qu&#039;est-ce qu&#039;un cheval Heureux ? -<\/title>\n<meta name=\"robots\" content=\"index, follow, max-snippet:-1, max-image-preview:large, max-video-preview:-1\" \/>\n<link rel=\"canonical\" href=\"https:\/\/equideo.fr\/en\/product\/ebook_vol1_qu_est_ce_qu_un_cheval_heureux\/\" \/>\n<meta property=\"og:locale\" content=\"en_US\" \/>\n<meta property=\"og:type\" content=\"article\" \/>\n<meta property=\"og:title\" content=\"Ebook Vol 1 _ Qu&#039;est-ce qu&#039;un cheval Heureux ? -\" \/>\n<meta property=\"og:description\" content=\"Les Ebooks d&#8217;Equideo sont une s\u00e9rie vous permettant de comprendre plus en profondeur l&#8217;essence et le contenu qui vous attendent \u00e0 l&#8217;int\u00e9rieur de la formation en ligne Equideo. Le 1er Ebook est intitul\u00e9 &#8220;Qu&#8217;est-ce qu&#8217;un cheval heureux ?&#8221; Quels sont les besoins physiologiques, mais aussi psychologiques de mon cheval ? En tant qu&#8217;individu unique et [&hellip;]\" \/>\n<meta property=\"og:url\" content=\"https:\/\/equideo.fr\/en\/product\/ebook_vol1_qu_est_ce_qu_un_cheval_heureux\/\" \/>\n<meta property=\"article:publisher\" content=\"https:\/\/www.facebook.com\/centrededucationequideo\" \/>\n<meta property=\"article:modified_time\" content=\"2026-01-15T06:52:54+00:00\" \/>\n<meta property=\"og:image\" content=\"https:\/\/equideo.fr\/wp-content\/uploads\/2025\/11\/Ebook1.jpg\" \/>\n\t<meta property=\"og:image:width\" content=\"1334\" \/>\n\t<meta property=\"og:image:height\" content=\"1885\" \/>\n\t<meta property=\"og:image:type\" content=\"image\/jpeg\" \/>\n<meta name=\"twitter:card\" content=\"summary_large_image\" \/>\n<meta name=\"twitter:label1\" content=\"Est. reading time\" \/>\n\t<meta name=\"twitter:data1\" content=\"2 minutes\" \/>\n<script type=\"application\/ld+json\" class=\"yoast-schema-graph\">{\"@context\":\"https:\\\/\\\/schema.org\",\"@graph\":[{\"@type\":\"WebPage\",\"@id\":\"https:\\\/\\\/equideo.fr\\\/produit\\\/ebook_vol1_qu_est_ce_qu_un_cheval_heureux\",\"url\":\"https:\\\/\\\/equideo.fr\\\/produit\\\/ebook_vol1_qu_est_ce_qu_un_cheval_heureux\",\"name\":\"Ebook Vol 1 _ Qu'est-ce qu'un cheval Heureux ? -\",\"isPartOf\":{\"@id\":\"https:\\\/\\\/equideo.fr\\\/#website\"},\"primaryImageOfPage\":{\"@id\":\"https:\\\/\\\/equideo.fr\\\/produit\\\/ebook_vol1_qu_est_ce_qu_un_cheval_heureux#primaryimage\"},\"image\":{\"@id\":\"https:\\\/\\\/equideo.fr\\\/produit\\\/ebook_vol1_qu_est_ce_qu_un_cheval_heureux#primaryimage\"},\"thumbnailUrl\":\"https:\\\/\\\/equideo.fr\\\/wp-content\\\/uploads\\\/2025\\\/11\\\/Ebook1.jpg\",\"datePublished\":\"2025-11-05T07:51:35+00:00\",\"dateModified\":\"2026-01-15T06:52:54+00:00\",\"breadcrumb\":{\"@id\":\"https:\\\/\\\/equideo.fr\\\/produit\\\/ebook_vol1_qu_est_ce_qu_un_cheval_heureux#breadcrumb\"},\"inLanguage\":\"en-US\",\"potentialAction\":[{\"@type\":\"ReadAction\",\"target\":[\"https:\\\/\\\/equideo.fr\\\/produit\\\/ebook_vol1_qu_est_ce_qu_un_cheval_heureux\"]}]},{\"@type\":\"ImageObject\",\"inLanguage\":\"en-US\",\"@id\":\"https:\\\/\\\/equideo.fr\\\/produit\\\/ebook_vol1_qu_est_ce_qu_un_cheval_heureux#primaryimage\",\"url\":\"https:\\\/\\\/equideo.fr\\\/wp-content\\\/uploads\\\/2025\\\/11\\\/Ebook1.jpg\",\"contentUrl\":\"https:\\\/\\\/equideo.fr\\\/wp-content\\\/uploads\\\/2025\\\/11\\\/Ebook1.jpg\",\"width\":1334,\"height\":1885},{\"@type\":\"BreadcrumbList\",\"@id\":\"https:\\\/\\\/equideo.fr\\\/produit\\\/ebook_vol1_qu_est_ce_qu_un_cheval_heureux#breadcrumb\",\"itemListElement\":[{\"@type\":\"ListItem\",\"position\":1,\"name\":\"Accueil\",\"item\":\"https:\\\/\\\/equideo.fr\\\/\"},{\"@type\":\"ListItem\",\"position\":2,\"name\":\"Liste Produits\",\"item\":\"https:\\\/\\\/equideo.fr\\\/?page_id=622\"},{\"@type\":\"ListItem\",\"position\":3,\"name\":\"Ebook Vol 1 _ Qu&#8217;est-ce qu&#8217;un cheval Heureux ?\"}]},{\"@type\":\"WebSite\",\"@id\":\"https:\\\/\\\/equideo.fr\\\/#website\",\"url\":\"https:\\\/\\\/equideo.fr\\\/\",\"name\":\"Equideo.fr\",\"description\":\"Equideo, entra\u00eener avec psychologie\",\"publisher\":{\"@id\":\"https:\\\/\\\/equideo.fr\\\/#organization\"},\"alternateName\":\"Centre education Equideo\",\"potentialAction\":[{\"@type\":\"SearchAction\",\"target\":{\"@type\":\"EntryPoint\",\"urlTemplate\":\"https:\\\/\\\/equideo.fr\\\/?s={search_term_string}\"},\"query-input\":{\"@type\":\"PropertyValueSpecification\",\"valueRequired\":true,\"valueName\":\"search_term_string\"}}],\"inLanguage\":\"en-US\"},{\"@type\":\"Organization\",\"@id\":\"https:\\\/\\\/equideo.fr\\\/#organization\",\"name\":\"Equideo\",\"url\":\"https:\\\/\\\/equideo.fr\\\/\",\"logo\":{\"@type\":\"ImageObject\",\"inLanguage\":\"en-US\",\"@id\":\"https:\\\/\\\/equideo.fr\\\/#\\\/schema\\\/logo\\\/image\\\/\",\"url\":\"https:\\\/\\\/equideo.fr\\\/wp-content\\\/uploads\\\/2024\\\/08\\\/logo-equideo.png\",\"contentUrl\":\"https:\\\/\\\/equideo.fr\\\/wp-content\\\/uploads\\\/2024\\\/08\\\/logo-equideo.png\",\"width\":650,\"height\":650,\"caption\":\"Equideo\"},\"image\":{\"@id\":\"https:\\\/\\\/equideo.fr\\\/#\\\/schema\\\/logo\\\/image\\\/\"},\"sameAs\":[\"https:\\\/\\\/www.facebook.com\\\/centrededucationequideo\",\"https:\\\/\\\/www.instagram.com\\\/centre_education_equideo\\\/\"]}]}<\/script>\n<!-- \/ Yoast SEO plugin. -->","yoast_head_json":{"title":"Ebook Vol 1 _ Qu'est-ce qu'un cheval Heureux ? -","robots":{"index":"index","follow":"follow","max-snippet":"max-snippet:-1","max-image-preview":"max-image-preview:large","max-video-preview":"max-video-preview:-1"},"canonical":"https:\/\/equideo.fr\/en\/product\/ebook_vol1_qu_est_ce_qu_un_cheval_heureux\/","og_locale":"en_US","og_type":"article","og_title":"Ebook Vol 1 _ Qu'est-ce qu'un cheval Heureux ? -","og_description":"Les Ebooks d&#8217;Equideo sont une s\u00e9rie vous permettant de comprendre plus en profondeur l&#8217;essence et le contenu qui vous attendent \u00e0 l&#8217;int\u00e9rieur de la formation en ligne Equideo. Le 1er Ebook est intitul\u00e9 &#8220;Qu&#8217;est-ce qu&#8217;un cheval heureux ?&#8221; Quels sont les besoins physiologiques, mais aussi psychologiques de mon cheval ? En tant qu&#8217;individu unique et [&hellip;]","og_url":"https:\/\/equideo.fr\/en\/product\/ebook_vol1_qu_est_ce_qu_un_cheval_heureux\/","article_publisher":"https:\/\/www.facebook.com\/centrededucationequideo","article_modified_time":"2026-01-15T06:52:54+00:00","og_image":[{"width":1334,"height":1885,"url":"https:\/\/equideo.fr\/wp-content\/uploads\/2025\/11\/Ebook1.jpg","type":"image\/jpeg"}],"twitter_card":"summary_large_image","twitter_misc":{"Est. reading time":"2 minutes"},"schema":{"@context":"https:\/\/schema.org","@graph":[{"@type":"WebPage","@id":"https:\/\/equideo.fr\/produit\/ebook_vol1_qu_est_ce_qu_un_cheval_heureux","url":"https:\/\/equideo.fr\/produit\/ebook_vol1_qu_est_ce_qu_un_cheval_heureux","name":"Ebook Vol 1 _ Qu'est-ce qu'un cheval Heureux ? -","isPartOf":{"@id":"https:\/\/equideo.fr\/#website"},"primaryImageOfPage":{"@id":"https:\/\/equideo.fr\/produit\/ebook_vol1_qu_est_ce_qu_un_cheval_heureux#primaryimage"},"image":{"@id":"https:\/\/equideo.fr\/produit\/ebook_vol1_qu_est_ce_qu_un_cheval_heureux#primaryimage"},"thumbnailUrl":"https:\/\/equideo.fr\/wp-content\/uploads\/2025\/11\/Ebook1.jpg","datePublished":"2025-11-05T07:51:35+00:00","dateModified":"2026-01-15T06:52:54+00:00","breadcrumb":{"@id":"https:\/\/equideo.fr\/produit\/ebook_vol1_qu_est_ce_qu_un_cheval_heureux#breadcrumb"},"inLanguage":"en-US","potentialAction":[{"@type":"ReadAction","target":["https:\/\/equideo.fr\/produit\/ebook_vol1_qu_est_ce_qu_un_cheval_heureux"]}]},{"@type":"ImageObject","inLanguage":"en-US","@id":"https:\/\/equideo.fr\/produit\/ebook_vol1_qu_est_ce_qu_un_cheval_heureux#primaryimage","url":"https:\/\/equideo.fr\/wp-content\/uploads\/2025\/11\/Ebook1.jpg","contentUrl":"https:\/\/equideo.fr\/wp-content\/uploads\/2025\/11\/Ebook1.jpg","width":1334,"height":1885},{"@type":"BreadcrumbList","@id":"https:\/\/equideo.fr\/produit\/ebook_vol1_qu_est_ce_qu_un_cheval_heureux#breadcrumb","itemListElement":[{"@type":"ListItem","position":1,"name":"Accueil","item":"https:\/\/equideo.fr\/"},{"@type":"ListItem","position":2,"name":"Liste Produits","item":"https:\/\/equideo.fr\/?page_id=622"},{"@type":"ListItem","position":3,"name":"Ebook Vol 1 _ Qu&#8217;est-ce qu&#8217;un cheval Heureux ?"}]},{"@type":"WebSite","@id":"https:\/\/equideo.fr\/#website","url":"https:\/\/equideo.fr\/","name":"Equideo.fr","description":"Equideo, training with psychology","publisher":{"@id":"https:\/\/equideo.fr\/#organization"},"alternateName":"Centre education Equideo","potentialAction":[{"@type":"SearchAction","target":{"@type":"EntryPoint","urlTemplate":"https:\/\/equideo.fr\/?s={search_term_string}"},"query-input":{"@type":"PropertyValueSpecification","valueRequired":true,"valueName":"search_term_string"}}],"inLanguage":"en-US"},{"@type":"Organization","@id":"https:\/\/equideo.fr\/#organization","name":"Equideo","url":"https:\/\/equideo.fr\/","logo":{"@type":"ImageObject","inLanguage":"en-US","@id":"https:\/\/equideo.fr\/#\/schema\/logo\/image\/","url":"https:\/\/equideo.fr\/wp-content\/uploads\/2024\/08\/logo-equideo.png","contentUrl":"https:\/\/equideo.fr\/wp-content\/uploads\/2024\/08\/logo-equideo.png","width":650,"height":650,"caption":"Equideo"},"image":{"@id":"https:\/\/equideo.fr\/#\/schema\/logo\/image\/"},"sameAs":["https:\/\/www.facebook.com\/centrededucationequideo","https:\/\/www.instagram.com\/centre_education_equideo\/"]}]}},"jetpack_sharing_enabled":true,"wcpa_form_fields":null,"_links":{"self":[{"href":"https:\/\/equideo.fr\/en\/wp-json\/wp\/v2\/product\/17836","targetHints":{"allow":["GET"]}}],"collection":[{"href":"https:\/\/equideo.fr\/en\/wp-json\/wp\/v2\/product"}],"about":[{"href":"https:\/\/equideo.fr\/en\/wp-json\/wp\/v2\/types\/product"}],"version-history":[{"count":4,"href":"https:\/\/equideo.fr\/en\/wp-json\/wp\/v2\/product\/17836\/revisions"}],"predecessor-version":[{"id":17851,"href":"https:\/\/equideo.fr\/en\/wp-json\/wp\/v2\/product\/17836\/revisions\/17851"}],"wp:featuredmedia":[{"embeddable":true,"href":"https:\/\/equideo.fr\/en\/wp-json\/wp\/v2\/media\/17842"}],"wp:attachment":[{"href":"https:\/\/equideo.fr\/en\/wp-json\/wp\/v2\/media?parent=17836"}],"wp:term":[{"taxonomy":"product_brand","embeddable":true,"href":"https:\/\/equideo.fr\/en\/wp-json\/wp\/v2\/product_brand?post=17836"},{"taxonomy":"product_cat","embeddable":true,"href":"https:\/\/equideo.fr\/en\/wp-json\/wp\/v2\/product_cat?post=17836"},{"taxonomy":"product_tag","embeddable":true,"href":"https:\/\/equideo.fr\/en\/wp-json\/wp\/v2\/product_tag?post=17836"}],"curies":[{"name":"wp","href":"https:\/\/api.w.org\/{rel}","templated":true}]}}