{"id":18119,"date":"2026-01-15T08:49:38","date_gmt":"2026-01-15T08:49:38","guid":{"rendered":"https:\/\/equideo.fr\/?post_type=product&#038;p=18119"},"modified":"2026-01-15T08:52:36","modified_gmt":"2026-01-15T08:52:36","slug":"impact-du-programme-happy-horse","status":"publish","type":"product","link":"https:\/\/equideo.fr\/en\/product\/impact-du-programme-happy-horse","title":{"rendered":"Article \u2013 Impact of the Happy Horse Program on Equine Cognitive Development"},"content":{"rendered":"<p style=\"text-align: center;\">The Equideo Education Center is a true center for field study and research. We work with horses using a program created by Linda Parelli in 2021. This program has been tested on numerous horses, and various discoveries and insights have emerged, concerning behaviors, expressions, interactions, means of communication, and more. Not only are expressions and behaviors becoming increasingly subtle, refined, and intense, but it also appears that brain function is developing.<\/p>\n<p style=\"text-align: center;\">I wish to share with you here my observations, impressions and revelations obtained on the ground in this article.<\/p>\n<p style=\"text-align: center;\">A link to a page hosting the article is provided to you after the free completion of the shopping cart.<\/p>\n<p><img fetchpriority=\"high\" decoding=\"async\" class=\"wp-image-18072 aligncenter\" src=\"https:\/\/equideo.fr\/wp-content\/uploads\/2026\/01\/WhatsApp-Image-2026-01-11-at-14.27.271-300x200.jpeg\" alt=\"\" width=\"672\" height=\"448\" srcset=\"https:\/\/equideo.fr\/wp-content\/uploads\/2026\/01\/WhatsApp-Image-2026-01-11-at-14.27.271-300x200.jpeg 300w, https:\/\/equideo.fr\/wp-content\/uploads\/2026\/01\/WhatsApp-Image-2026-01-11-at-14.27.271-1024x682.jpeg 1024w, https:\/\/equideo.fr\/wp-content\/uploads\/2026\/01\/WhatsApp-Image-2026-01-11-at-14.27.271-768x512.jpeg 768w, https:\/\/equideo.fr\/wp-content\/uploads\/2026\/01\/WhatsApp-Image-2026-01-11-at-14.27.271-1536x1023.jpeg 1536w, https:\/\/equideo.fr\/wp-content\/uploads\/2026\/01\/WhatsApp-Image-2026-01-11-at-14.27.271-600x400.jpeg 600w, https:\/\/equideo.fr\/wp-content\/uploads\/2026\/01\/WhatsApp-Image-2026-01-11-at-14.27.271-135x90.jpeg 135w, https:\/\/equideo.fr\/wp-content\/uploads\/2026\/01\/WhatsApp-Image-2026-01-11-at-14.27.271.jpeg 2048w\" sizes=\"(max-width: 672px) 100vw, 672px\" \/><\/p>","protected":false},"excerpt":{"rendered":"<p>Le Centre d&#8217;\u00e9ducation Equideo est un v\u00e9ritable centre d&#8217;\u00e9tude et de recherches de terrain. Nous fonctionnons avec les chevaux via un programme cr\u00e9\u00e9 par Linda Parelli en 2021. Ce programme est test\u00e9 sur de nombreux chevaux, et diff\u00e9rentes d\u00e9couvertes et r\u00e9v\u00e9lations ont vu le jour, qu&#8217;il s&#8217;agisse de comportements, d&#8217;expressions, d&#8217;\u00e9changes, de moyens de communication, [&hellip;]<\/p>\n","protected":false},"featured_media":18120,"template":"","meta":{"ocean_post_layout":"","ocean_both_sidebars_style":"","ocean_both_sidebars_content_width":0,"ocean_both_sidebars_sidebars_width":0,"ocean_sidebar":"0","ocean_second_sidebar":"0","ocean_disable_margins":"enable","ocean_add_body_class":"","ocean_shortcode_before_top_bar":"","ocean_shortcode_after_top_bar":"","ocean_shortcode_before_header":"","ocean_shortcode_after_header":"","ocean_has_shortcode":"","ocean_shortcode_after_title":"","ocean_shortcode_before_footer_widgets":"","ocean_shortcode_after_footer_widgets":"","ocean_shortcode_before_footer_bottom":"","ocean_shortcode_after_footer_bottom":"","ocean_display_top_bar":"default","ocean_display_header":"default","ocean_header_style":"","ocean_center_header_left_menu":"0","ocean_custom_header_template":"0","ocean_custom_logo":0,"ocean_custom_retina_logo":0,"ocean_custom_logo_max_width":0,"ocean_custom_logo_tablet_max_width":0,"ocean_custom_logo_mobile_max_width":0,"ocean_custom_logo_max_height":0,"ocean_custom_logo_tablet_max_height":0,"ocean_custom_logo_mobile_max_height":0,"ocean_header_custom_menu":"0","ocean_menu_typo_font_family":"0","ocean_menu_typo_font_subset":"","ocean_menu_typo_font_size":0,"ocean_menu_typo_font_size_tablet":0,"ocean_menu_typo_font_size_mobile":0,"ocean_menu_typo_font_size_unit":"px","ocean_menu_typo_font_weight":"","ocean_menu_typo_font_weight_tablet":"","ocean_menu_typo_font_weight_mobile":"","ocean_menu_typo_transform":"","ocean_menu_typo_transform_tablet":"","ocean_menu_typo_transform_mobile":"","ocean_menu_typo_line_height":0,"ocean_menu_typo_line_height_tablet":0,"ocean_menu_typo_line_height_mobile":0,"ocean_menu_typo_line_height_unit":"","ocean_menu_typo_spacing":0,"ocean_menu_typo_spacing_tablet":0,"ocean_menu_typo_spacing_mobile":0,"ocean_menu_typo_spacing_unit":"","ocean_menu_link_color":"","ocean_menu_link_color_hover":"","ocean_menu_link_color_active":"","ocean_menu_link_background":"","ocean_menu_link_hover_background":"","ocean_menu_link_active_background":"","ocean_menu_social_links_bg":"","ocean_menu_social_hover_links_bg":"","ocean_menu_social_links_color":"","ocean_menu_social_hover_links_color":"","ocean_disable_title":"default","ocean_disable_heading":"default","ocean_post_title":"","ocean_post_subheading":"","ocean_post_title_style":"","ocean_post_title_background_color":"","ocean_post_title_background":0,"ocean_post_title_bg_image_position":"","ocean_post_title_bg_image_attachment":"","ocean_post_title_bg_image_repeat":"","ocean_post_title_bg_image_size":"","ocean_post_title_height":0,"ocean_post_title_bg_overlay":0.5,"ocean_post_title_bg_overlay_color":"","ocean_disable_breadcrumbs":"default","ocean_breadcrumbs_color":"","ocean_breadcrumbs_separator_color":"","ocean_breadcrumbs_links_color":"","ocean_breadcrumbs_links_hover_color":"","ocean_display_footer_widgets":"default","ocean_display_footer_bottom":"default","ocean_custom_footer_template":"0"},"product_brand":[],"product_cat":[29,118],"product_tag":[],"class_list":{"0":"post-18119","1":"product","2":"type-product","3":"status-publish","4":"has-post-thumbnail","6":"product_cat-accessoires","7":"product_cat-replay-conferences","9":"entry","10":"has-media","12":"first","13":"instock","14":"virtual","15":"taxable","16":"purchasable","17":"product-type-simple","18":"has-product-nav","19":"col","20":"span_1_of_4","21":"owp-content-center","22":"owp-thumbs-layout-horizontal","23":"owp-btn-big","24":"owp-tabs-layout-horizontal","25":"has-no-thumbnails","27":"circle-sale"},"yoast_head":"<!-- This site is optimized with the Yoast SEO plugin v27.5 - https:\/\/yoast.com\/product\/yoast-seo-wordpress\/ -->\n<title>Article _ Impact du Programme Happy Horse sur le D\u00e9veloppement Cognitif Equin -<\/title>\n<meta name=\"robots\" content=\"index, follow, max-snippet:-1, max-image-preview:large, max-video-preview:-1\" \/>\n<link rel=\"canonical\" href=\"https:\/\/equideo.fr\/en\/product\/impact-du-programme-happy-horse\/\" \/>\n<meta property=\"og:locale\" content=\"en_US\" \/>\n<meta property=\"og:type\" content=\"article\" \/>\n<meta property=\"og:title\" content=\"Article _ Impact du Programme Happy Horse sur le D\u00e9veloppement Cognitif Equin -\" \/>\n<meta property=\"og:description\" content=\"Le Centre d&#8217;\u00e9ducation Equideo est un v\u00e9ritable centre d&#8217;\u00e9tude et de recherches de terrain. Nous fonctionnons avec les chevaux via un programme cr\u00e9\u00e9 par Linda Parelli en 2021. Ce programme est test\u00e9 sur de nombreux chevaux, et diff\u00e9rentes d\u00e9couvertes et r\u00e9v\u00e9lations ont vu le jour, qu&#8217;il s&#8217;agisse de comportements, d&#8217;expressions, d&#8217;\u00e9changes, de moyens de communication, [&hellip;]\" \/>\n<meta property=\"og:url\" content=\"https:\/\/equideo.fr\/en\/product\/impact-du-programme-happy-horse\/\" \/>\n<meta property=\"article:publisher\" content=\"https:\/\/www.facebook.com\/centrededucationequideo\" \/>\n<meta property=\"article:modified_time\" content=\"2026-01-15T08:52:36+00:00\" \/>\n<meta property=\"og:image\" content=\"https:\/\/equideo.fr\/wp-content\/uploads\/2026\/01\/Phrases-Inspirantes-724x1024.png\" \/>\n\t<meta property=\"og:image:width\" content=\"724\" \/>\n\t<meta property=\"og:image:height\" content=\"1024\" \/>\n\t<meta property=\"og:image:type\" content=\"image\/png\" \/>\n<meta name=\"twitter:card\" content=\"summary_large_image\" \/>\n<meta name=\"twitter:label1\" content=\"Est. reading time\" \/>\n\t<meta name=\"twitter:data1\" content=\"2 minutes\" \/>\n<script type=\"application\/ld+json\" class=\"yoast-schema-graph\">{\"@context\":\"https:\\\/\\\/schema.org\",\"@graph\":[{\"@type\":\"WebPage\",\"@id\":\"https:\\\/\\\/equideo.fr\\\/produit\\\/impact-du-programme-happy-horse\",\"url\":\"https:\\\/\\\/equideo.fr\\\/produit\\\/impact-du-programme-happy-horse\",\"name\":\"Article _ Impact du Programme Happy Horse sur le D\u00e9veloppement Cognitif Equin -\",\"isPartOf\":{\"@id\":\"https:\\\/\\\/equideo.fr\\\/#website\"},\"primaryImageOfPage\":{\"@id\":\"https:\\\/\\\/equideo.fr\\\/produit\\\/impact-du-programme-happy-horse#primaryimage\"},\"image\":{\"@id\":\"https:\\\/\\\/equideo.fr\\\/produit\\\/impact-du-programme-happy-horse#primaryimage\"},\"thumbnailUrl\":\"https:\\\/\\\/equideo.fr\\\/wp-content\\\/uploads\\\/2026\\\/01\\\/Phrases-Inspirantes.png\",\"datePublished\":\"2026-01-15T08:49:38+00:00\",\"dateModified\":\"2026-01-15T08:52:36+00:00\",\"breadcrumb\":{\"@id\":\"https:\\\/\\\/equideo.fr\\\/produit\\\/impact-du-programme-happy-horse#breadcrumb\"},\"inLanguage\":\"en-US\",\"potentialAction\":[{\"@type\":\"ReadAction\",\"target\":[\"https:\\\/\\\/equideo.fr\\\/produit\\\/impact-du-programme-happy-horse\"]}]},{\"@type\":\"ImageObject\",\"inLanguage\":\"en-US\",\"@id\":\"https:\\\/\\\/equideo.fr\\\/produit\\\/impact-du-programme-happy-horse#primaryimage\",\"url\":\"https:\\\/\\\/equideo.fr\\\/wp-content\\\/uploads\\\/2026\\\/01\\\/Phrases-Inspirantes.png\",\"contentUrl\":\"https:\\\/\\\/equideo.fr\\\/wp-content\\\/uploads\\\/2026\\\/01\\\/Phrases-Inspirantes.png\",\"width\":1414,\"height\":2000},{\"@type\":\"BreadcrumbList\",\"@id\":\"https:\\\/\\\/equideo.fr\\\/produit\\\/impact-du-programme-happy-horse#breadcrumb\",\"itemListElement\":[{\"@type\":\"ListItem\",\"position\":1,\"name\":\"Accueil\",\"item\":\"https:\\\/\\\/equideo.fr\\\/\"},{\"@type\":\"ListItem\",\"position\":2,\"name\":\"Liste Produits\",\"item\":\"https:\\\/\\\/equideo.fr\\\/?page_id=622\"},{\"@type\":\"ListItem\",\"position\":3,\"name\":\"Article _ Impact du Programme Happy Horse sur le D\u00e9veloppement Cognitif Equin\"}]},{\"@type\":\"WebSite\",\"@id\":\"https:\\\/\\\/equideo.fr\\\/#website\",\"url\":\"https:\\\/\\\/equideo.fr\\\/\",\"name\":\"Equideo.fr\",\"description\":\"Equideo, entra\u00eener avec psychologie\",\"publisher\":{\"@id\":\"https:\\\/\\\/equideo.fr\\\/#organization\"},\"alternateName\":\"Centre education Equideo\",\"potentialAction\":[{\"@type\":\"SearchAction\",\"target\":{\"@type\":\"EntryPoint\",\"urlTemplate\":\"https:\\\/\\\/equideo.fr\\\/?s={search_term_string}\"},\"query-input\":{\"@type\":\"PropertyValueSpecification\",\"valueRequired\":true,\"valueName\":\"search_term_string\"}}],\"inLanguage\":\"en-US\"},{\"@type\":\"Organization\",\"@id\":\"https:\\\/\\\/equideo.fr\\\/#organization\",\"name\":\"Equideo\",\"url\":\"https:\\\/\\\/equideo.fr\\\/\",\"logo\":{\"@type\":\"ImageObject\",\"inLanguage\":\"en-US\",\"@id\":\"https:\\\/\\\/equideo.fr\\\/#\\\/schema\\\/logo\\\/image\\\/\",\"url\":\"https:\\\/\\\/equideo.fr\\\/wp-content\\\/uploads\\\/2024\\\/08\\\/logo-equideo.png\",\"contentUrl\":\"https:\\\/\\\/equideo.fr\\\/wp-content\\\/uploads\\\/2024\\\/08\\\/logo-equideo.png\",\"width\":650,\"height\":650,\"caption\":\"Equideo\"},\"image\":{\"@id\":\"https:\\\/\\\/equideo.fr\\\/#\\\/schema\\\/logo\\\/image\\\/\"},\"sameAs\":[\"https:\\\/\\\/www.facebook.com\\\/centrededucationequideo\",\"https:\\\/\\\/www.instagram.com\\\/centre_education_equideo\\\/\"]}]}<\/script>\n<!-- \/ Yoast SEO plugin. -->","yoast_head_json":{"title":"Article _ Impact du Programme Happy Horse sur le D\u00e9veloppement Cognitif Equin -","robots":{"index":"index","follow":"follow","max-snippet":"max-snippet:-1","max-image-preview":"max-image-preview:large","max-video-preview":"max-video-preview:-1"},"canonical":"https:\/\/equideo.fr\/en\/product\/impact-du-programme-happy-horse\/","og_locale":"en_US","og_type":"article","og_title":"Article _ Impact du Programme Happy Horse sur le D\u00e9veloppement Cognitif Equin -","og_description":"Le Centre d&#8217;\u00e9ducation Equideo est un v\u00e9ritable centre d&#8217;\u00e9tude et de recherches de terrain. Nous fonctionnons avec les chevaux via un programme cr\u00e9\u00e9 par Linda Parelli en 2021. Ce programme est test\u00e9 sur de nombreux chevaux, et diff\u00e9rentes d\u00e9couvertes et r\u00e9v\u00e9lations ont vu le jour, qu&#8217;il s&#8217;agisse de comportements, d&#8217;expressions, d&#8217;\u00e9changes, de moyens de communication, [&hellip;]","og_url":"https:\/\/equideo.fr\/en\/product\/impact-du-programme-happy-horse\/","article_publisher":"https:\/\/www.facebook.com\/centrededucationequideo","article_modified_time":"2026-01-15T08:52:36+00:00","og_image":[{"width":724,"height":1024,"url":"https:\/\/equideo.fr\/wp-content\/uploads\/2026\/01\/Phrases-Inspirantes-724x1024.png","type":"image\/png"}],"twitter_card":"summary_large_image","twitter_misc":{"Est. reading time":"2 minutes"},"schema":{"@context":"https:\/\/schema.org","@graph":[{"@type":"WebPage","@id":"https:\/\/equideo.fr\/produit\/impact-du-programme-happy-horse","url":"https:\/\/equideo.fr\/produit\/impact-du-programme-happy-horse","name":"Article _ Impact du Programme Happy Horse sur le D\u00e9veloppement Cognitif Equin -","isPartOf":{"@id":"https:\/\/equideo.fr\/#website"},"primaryImageOfPage":{"@id":"https:\/\/equideo.fr\/produit\/impact-du-programme-happy-horse#primaryimage"},"image":{"@id":"https:\/\/equideo.fr\/produit\/impact-du-programme-happy-horse#primaryimage"},"thumbnailUrl":"https:\/\/equideo.fr\/wp-content\/uploads\/2026\/01\/Phrases-Inspirantes.png","datePublished":"2026-01-15T08:49:38+00:00","dateModified":"2026-01-15T08:52:36+00:00","breadcrumb":{"@id":"https:\/\/equideo.fr\/produit\/impact-du-programme-happy-horse#breadcrumb"},"inLanguage":"en-US","potentialAction":[{"@type":"ReadAction","target":["https:\/\/equideo.fr\/produit\/impact-du-programme-happy-horse"]}]},{"@type":"ImageObject","inLanguage":"en-US","@id":"https:\/\/equideo.fr\/produit\/impact-du-programme-happy-horse#primaryimage","url":"https:\/\/equideo.fr\/wp-content\/uploads\/2026\/01\/Phrases-Inspirantes.png","contentUrl":"https:\/\/equideo.fr\/wp-content\/uploads\/2026\/01\/Phrases-Inspirantes.png","width":1414,"height":2000},{"@type":"BreadcrumbList","@id":"https:\/\/equideo.fr\/produit\/impact-du-programme-happy-horse#breadcrumb","itemListElement":[{"@type":"ListItem","position":1,"name":"Accueil","item":"https:\/\/equideo.fr\/"},{"@type":"ListItem","position":2,"name":"Liste Produits","item":"https:\/\/equideo.fr\/?page_id=622"},{"@type":"ListItem","position":3,"name":"Article _ Impact du Programme Happy Horse sur le D\u00e9veloppement Cognitif Equin"}]},{"@type":"WebSite","@id":"https:\/\/equideo.fr\/#website","url":"https:\/\/equideo.fr\/","name":"Equideo.fr","description":"Equideo, training with psychology","publisher":{"@id":"https:\/\/equideo.fr\/#organization"},"alternateName":"Centre education Equideo","potentialAction":[{"@type":"SearchAction","target":{"@type":"EntryPoint","urlTemplate":"https:\/\/equideo.fr\/?s={search_term_string}"},"query-input":{"@type":"PropertyValueSpecification","valueRequired":true,"valueName":"search_term_string"}}],"inLanguage":"en-US"},{"@type":"Organization","@id":"https:\/\/equideo.fr\/#organization","name":"Equideo","url":"https:\/\/equideo.fr\/","logo":{"@type":"ImageObject","inLanguage":"en-US","@id":"https:\/\/equideo.fr\/#\/schema\/logo\/image\/","url":"https:\/\/equideo.fr\/wp-content\/uploads\/2024\/08\/logo-equideo.png","contentUrl":"https:\/\/equideo.fr\/wp-content\/uploads\/2024\/08\/logo-equideo.png","width":650,"height":650,"caption":"Equideo"},"image":{"@id":"https:\/\/equideo.fr\/#\/schema\/logo\/image\/"},"sameAs":["https:\/\/www.facebook.com\/centrededucationequideo","https:\/\/www.instagram.com\/centre_education_equideo\/"]}]}},"jetpack_sharing_enabled":true,"wcpa_form_fields":null,"_links":{"self":[{"href":"https:\/\/equideo.fr\/en\/wp-json\/wp\/v2\/product\/18119","targetHints":{"allow":["GET"]}}],"collection":[{"href":"https:\/\/equideo.fr\/en\/wp-json\/wp\/v2\/product"}],"about":[{"href":"https:\/\/equideo.fr\/en\/wp-json\/wp\/v2\/types\/product"}],"version-history":[{"count":3,"href":"https:\/\/equideo.fr\/en\/wp-json\/wp\/v2\/product\/18119\/revisions"}],"predecessor-version":[{"id":18123,"href":"https:\/\/equideo.fr\/en\/wp-json\/wp\/v2\/product\/18119\/revisions\/18123"}],"wp:featuredmedia":[{"embeddable":true,"href":"https:\/\/equideo.fr\/en\/wp-json\/wp\/v2\/media\/18120"}],"wp:attachment":[{"href":"https:\/\/equideo.fr\/en\/wp-json\/wp\/v2\/media?parent=18119"}],"wp:term":[{"taxonomy":"product_brand","embeddable":true,"href":"https:\/\/equideo.fr\/en\/wp-json\/wp\/v2\/product_brand?post=18119"},{"taxonomy":"product_cat","embeddable":true,"href":"https:\/\/equideo.fr\/en\/wp-json\/wp\/v2\/product_cat?post=18119"},{"taxonomy":"product_tag","embeddable":true,"href":"https:\/\/equideo.fr\/en\/wp-json\/wp\/v2\/product_tag?post=18119"}],"curies":[{"name":"wp","href":"https:\/\/api.w.org\/{rel}","templated":true}]}}