{"id":18287,"date":"2026-01-22T10:39:16","date_gmt":"2026-01-22T10:39:16","guid":{"rendered":"https:\/\/equideo.fr\/?post_type=product&#038;p=18287"},"modified":"2026-01-22T10:52:27","modified_gmt":"2026-01-22T10:52:27","slug":"replay-conference-la-genese-equideo","status":"publish","type":"product","link":"https:\/\/equideo.fr\/en\/product\/replay-conference-la-genese-equideo","title":{"rendered":"Conference Replay: The Genesis of Equideo"},"content":{"rendered":"<h2 style=\"text-align: center;\">The Genesis of Equideo: Creation, Reflection, Concepts and Vision<\/h2>\n<p data-start=\"214\" data-end=\"442\">Dive into the heart of the story and vision of Sarah Fricoteaux, the founder of Equideo, with this unique conference.<br data-start=\"303\" data-end=\"306\" \/>Discover how this project was born, the reflections that guided its creation, and the concepts that today form the DNA of Equideo.<\/p>\n<p data-start=\"444\" data-end=\"460\">On the agenda:<\/p>\n<ul data-start=\"461\" data-end=\"934\">\n<li data-start=\"461\" data-end=\"578\">\n<p data-start=\"463\" data-end=\"578\"><strong data-start=\"463\" data-end=\"488\">The creation of Equideo<\/strong> : the motivations, challenges and key steps that gave birth to our project.<\/p>\n<\/li>\n<li data-start=\"579\" data-end=\"695\">\n<p data-start=\"581\" data-end=\"695\"><strong data-start=\"581\" data-end=\"609\">Strategic thinking<\/strong> : how we conceived our methods, our teaching approach and our values.<\/p>\n<\/li>\n<li data-start=\"696\" data-end=\"806\">\n<p data-start=\"698\" data-end=\"806\"><strong data-start=\"698\" data-end=\"725\">The founding concepts<\/strong> : what distinguishes Equideo, from equine expertise to the transmission of knowledge.<\/p>\n<\/li>\n<li data-start=\"807\" data-end=\"934\">\n<p data-start=\"809\" data-end=\"934\"><strong data-start=\"809\" data-end=\"836\">The vision for the future<\/strong> : our ambitions, our projects and our commitment to a more conscious and ethical equine world.<\/p>\n<\/li>\n<\/ul>\n<p data-start=\"936\" data-end=\"1108\">This replay offers you a <strong data-start=\"960\" data-end=\"981\">privileged view<\/strong> on Equideo&#039;s journey, to understand not only <strong data-start=\"1039\" data-end=\"1055\">the \u201chow\u201d<\/strong>, but above all the <strong data-start=\"1073\" data-end=\"1087\">\u201c&quot;Why&quot;\u201d<\/strong> of our approach.<\/p>\n<p data-start=\"1110\" data-end=\"1217\">\ud83c\udfac <strong data-start=\"1113\" data-end=\"1215\">Watch the replay now and let yourself be inspired by the story and vision that Sarah Fricoteaux breathes into Equideo!<\/strong><\/p>\n<p><strong>After registering for the replay, you will receive a confirmation message with a link to the page containing your video conference. To access more conferences, you have two options:\u00a0<\/strong><\/p>\n<ol>\n<li><strong>Lifetime access to all conferences: Be a member of the Equideo online training program. You have access to all past and future replays, regardless of the subscription you choose. All future conferences are offered at a reduced price for Discovery subscription members and are free for Full subscription members.\u00a0<\/strong><strong>\u00a0<\/strong><\/li>\n<\/ol>\n<p>&nbsp;<\/p>","protected":false},"excerpt":{"rendered":"<p>La Gen\u00e8se d&#8217;Equideo : Cr\u00e9ation, R\u00e9flexion, Concepts et Vision Plongez au c\u0153ur de l\u2019histoire et de la vision de Sarah Fricoteaux \u00e0 l&#8217;origine d\u2019Equideo gr\u00e2ce \u00e0 cette conf\u00e9rence in\u00e9dite.D\u00e9couvrez comment ce projet est n\u00e9, les r\u00e9flexions qui ont guid\u00e9 sa cr\u00e9ation, et les concepts qui font aujourd\u2019hui l\u2019ADN d\u2019Equideo. Au programme : La cr\u00e9ation d\u2019Equideo [&hellip;]<\/p>\n","protected":false},"featured_media":13863,"template":"","meta":{"ocean_post_layout":"","ocean_both_sidebars_style":"","ocean_both_sidebars_content_width":0,"ocean_both_sidebars_sidebars_width":0,"ocean_sidebar":"0","ocean_second_sidebar":"0","ocean_disable_margins":"enable","ocean_add_body_class":"","ocean_shortcode_before_top_bar":"","ocean_shortcode_after_top_bar":"","ocean_shortcode_before_header":"","ocean_shortcode_after_header":"","ocean_has_shortcode":"","ocean_shortcode_after_title":"","ocean_shortcode_before_footer_widgets":"","ocean_shortcode_after_footer_widgets":"","ocean_shortcode_before_footer_bottom":"","ocean_shortcode_after_footer_bottom":"","ocean_display_top_bar":"default","ocean_display_header":"default","ocean_header_style":"","ocean_center_header_left_menu":"0","ocean_custom_header_template":"0","ocean_custom_logo":0,"ocean_custom_retina_logo":0,"ocean_custom_logo_max_width":0,"ocean_custom_logo_tablet_max_width":0,"ocean_custom_logo_mobile_max_width":0,"ocean_custom_logo_max_height":0,"ocean_custom_logo_tablet_max_height":0,"ocean_custom_logo_mobile_max_height":0,"ocean_header_custom_menu":"0","ocean_menu_typo_font_family":"0","ocean_menu_typo_font_subset":"","ocean_menu_typo_font_size":0,"ocean_menu_typo_font_size_tablet":0,"ocean_menu_typo_font_size_mobile":0,"ocean_menu_typo_font_size_unit":"px","ocean_menu_typo_font_weight":"","ocean_menu_typo_font_weight_tablet":"","ocean_menu_typo_font_weight_mobile":"","ocean_menu_typo_transform":"","ocean_menu_typo_transform_tablet":"","ocean_menu_typo_transform_mobile":"","ocean_menu_typo_line_height":0,"ocean_menu_typo_line_height_tablet":0,"ocean_menu_typo_line_height_mobile":0,"ocean_menu_typo_line_height_unit":"","ocean_menu_typo_spacing":0,"ocean_menu_typo_spacing_tablet":0,"ocean_menu_typo_spacing_mobile":0,"ocean_menu_typo_spacing_unit":"","ocean_menu_link_color":"","ocean_menu_link_color_hover":"","ocean_menu_link_color_active":"","ocean_menu_link_background":"","ocean_menu_link_hover_background":"","ocean_menu_link_active_background":"","ocean_menu_social_links_bg":"","ocean_menu_social_hover_links_bg":"","ocean_menu_social_links_color":"","ocean_menu_social_hover_links_color":"","ocean_disable_title":"default","ocean_disable_heading":"default","ocean_post_title":"","ocean_post_subheading":"","ocean_post_title_style":"","ocean_post_title_background_color":"","ocean_post_title_background":0,"ocean_post_title_bg_image_position":"","ocean_post_title_bg_image_attachment":"","ocean_post_title_bg_image_repeat":"","ocean_post_title_bg_image_size":"","ocean_post_title_height":0,"ocean_post_title_bg_overlay":0.5,"ocean_post_title_bg_overlay_color":"","ocean_disable_breadcrumbs":"default","ocean_breadcrumbs_color":"","ocean_breadcrumbs_separator_color":"","ocean_breadcrumbs_links_color":"","ocean_breadcrumbs_links_hover_color":"","ocean_display_footer_widgets":"default","ocean_display_footer_bottom":"default","ocean_custom_footer_template":"0"},"product_brand":[],"product_cat":[118],"product_tag":[],"class_list":{"0":"post-18287","1":"product","2":"type-product","3":"status-publish","4":"has-post-thumbnail","6":"product_cat-replay-conferences","8":"entry","9":"has-media","11":"first","12":"instock","13":"virtual","14":"taxable","15":"purchasable","16":"product-type-simple","17":"has-product-nav","18":"col","19":"span_1_of_4","20":"owp-content-center","21":"owp-thumbs-layout-horizontal","22":"owp-btn-big","23":"owp-tabs-layout-horizontal","25":"circle-sale"},"yoast_head":"<!-- This site is optimized with the Yoast SEO plugin v27.5 - https:\/\/yoast.com\/product\/yoast-seo-wordpress\/ -->\n<title>Replay Conf\u00e9rence : La G\u00e9n\u00e8se d&#039;Equideo -<\/title>\n<meta name=\"robots\" content=\"index, follow, max-snippet:-1, max-image-preview:large, max-video-preview:-1\" \/>\n<link rel=\"canonical\" href=\"https:\/\/equideo.fr\/en\/product\/replay-conference-la-genese-equideo\/\" \/>\n<meta property=\"og:locale\" content=\"en_US\" \/>\n<meta property=\"og:type\" content=\"article\" \/>\n<meta property=\"og:title\" content=\"Replay Conf\u00e9rence : La G\u00e9n\u00e8se d&#039;Equideo -\" \/>\n<meta property=\"og:description\" content=\"La Gen\u00e8se d&#8217;Equideo : Cr\u00e9ation, R\u00e9flexion, Concepts et Vision Plongez au c\u0153ur de l\u2019histoire et de la vision de Sarah Fricoteaux \u00e0 l&#8217;origine d\u2019Equideo gr\u00e2ce \u00e0 cette conf\u00e9rence in\u00e9dite.D\u00e9couvrez comment ce projet est n\u00e9, les r\u00e9flexions qui ont guid\u00e9 sa cr\u00e9ation, et les concepts qui font aujourd\u2019hui l\u2019ADN d\u2019Equideo. Au programme : La cr\u00e9ation d\u2019Equideo [&hellip;]\" \/>\n<meta property=\"og:url\" content=\"https:\/\/equideo.fr\/en\/product\/replay-conference-la-genese-equideo\/\" \/>\n<meta property=\"article:publisher\" content=\"https:\/\/www.facebook.com\/centrededucationequideo\" \/>\n<meta property=\"article:modified_time\" content=\"2026-01-22T10:52:27+00:00\" \/>\n<meta property=\"og:image\" content=\"https:\/\/equideo.fr\/wp-content\/uploads\/2024\/02\/WhatsApp-Image-2023-12-12-a-19.03.44_5c5db84e.jpg\" \/>\n\t<meta property=\"og:image:width\" content=\"683\" \/>\n\t<meta property=\"og:image:height\" content=\"1024\" \/>\n\t<meta property=\"og:image:type\" content=\"image\/jpeg\" \/>\n<meta name=\"twitter:card\" content=\"summary_large_image\" \/>\n<meta name=\"twitter:label1\" content=\"Est. reading time\" \/>\n\t<meta name=\"twitter:data1\" content=\"2 minutes\" \/>\n<script type=\"application\/ld+json\" class=\"yoast-schema-graph\">{\"@context\":\"https:\\\/\\\/schema.org\",\"@graph\":[{\"@type\":\"WebPage\",\"@id\":\"https:\\\/\\\/equideo.fr\\\/produit\\\/replay-conference-la-genese-equideo\",\"url\":\"https:\\\/\\\/equideo.fr\\\/produit\\\/replay-conference-la-genese-equideo\",\"name\":\"Replay Conf\u00e9rence : La G\u00e9n\u00e8se d'Equideo -\",\"isPartOf\":{\"@id\":\"https:\\\/\\\/equideo.fr\\\/#website\"},\"primaryImageOfPage\":{\"@id\":\"https:\\\/\\\/equideo.fr\\\/produit\\\/replay-conference-la-genese-equideo#primaryimage\"},\"image\":{\"@id\":\"https:\\\/\\\/equideo.fr\\\/produit\\\/replay-conference-la-genese-equideo#primaryimage\"},\"thumbnailUrl\":\"https:\\\/\\\/equideo.fr\\\/wp-content\\\/uploads\\\/2024\\\/02\\\/WhatsApp-Image-2023-12-12-a-19.03.44_5c5db84e.jpg\",\"datePublished\":\"2026-01-22T10:39:16+00:00\",\"dateModified\":\"2026-01-22T10:52:27+00:00\",\"breadcrumb\":{\"@id\":\"https:\\\/\\\/equideo.fr\\\/produit\\\/replay-conference-la-genese-equideo#breadcrumb\"},\"inLanguage\":\"en-US\",\"potentialAction\":[{\"@type\":\"ReadAction\",\"target\":[\"https:\\\/\\\/equideo.fr\\\/produit\\\/replay-conference-la-genese-equideo\"]}]},{\"@type\":\"ImageObject\",\"inLanguage\":\"en-US\",\"@id\":\"https:\\\/\\\/equideo.fr\\\/produit\\\/replay-conference-la-genese-equideo#primaryimage\",\"url\":\"https:\\\/\\\/equideo.fr\\\/wp-content\\\/uploads\\\/2024\\\/02\\\/WhatsApp-Image-2023-12-12-a-19.03.44_5c5db84e.jpg\",\"contentUrl\":\"https:\\\/\\\/equideo.fr\\\/wp-content\\\/uploads\\\/2024\\\/02\\\/WhatsApp-Image-2023-12-12-a-19.03.44_5c5db84e.jpg\",\"width\":683,\"height\":1024},{\"@type\":\"BreadcrumbList\",\"@id\":\"https:\\\/\\\/equideo.fr\\\/produit\\\/replay-conference-la-genese-equideo#breadcrumb\",\"itemListElement\":[{\"@type\":\"ListItem\",\"position\":1,\"name\":\"Accueil\",\"item\":\"https:\\\/\\\/equideo.fr\\\/\"},{\"@type\":\"ListItem\",\"position\":2,\"name\":\"Liste Produits\",\"item\":\"https:\\\/\\\/equideo.fr\\\/?page_id=622\"},{\"@type\":\"ListItem\",\"position\":3,\"name\":\"Replay Conf\u00e9rence : La G\u00e9n\u00e8se d&#8217;Equideo\"}]},{\"@type\":\"WebSite\",\"@id\":\"https:\\\/\\\/equideo.fr\\\/#website\",\"url\":\"https:\\\/\\\/equideo.fr\\\/\",\"name\":\"Equideo.fr\",\"description\":\"Equideo, entra\u00eener avec psychologie\",\"publisher\":{\"@id\":\"https:\\\/\\\/equideo.fr\\\/#organization\"},\"alternateName\":\"Centre education Equideo\",\"potentialAction\":[{\"@type\":\"SearchAction\",\"target\":{\"@type\":\"EntryPoint\",\"urlTemplate\":\"https:\\\/\\\/equideo.fr\\\/?s={search_term_string}\"},\"query-input\":{\"@type\":\"PropertyValueSpecification\",\"valueRequired\":true,\"valueName\":\"search_term_string\"}}],\"inLanguage\":\"en-US\"},{\"@type\":\"Organization\",\"@id\":\"https:\\\/\\\/equideo.fr\\\/#organization\",\"name\":\"Equideo\",\"url\":\"https:\\\/\\\/equideo.fr\\\/\",\"logo\":{\"@type\":\"ImageObject\",\"inLanguage\":\"en-US\",\"@id\":\"https:\\\/\\\/equideo.fr\\\/#\\\/schema\\\/logo\\\/image\\\/\",\"url\":\"https:\\\/\\\/equideo.fr\\\/wp-content\\\/uploads\\\/2024\\\/08\\\/logo-equideo.png\",\"contentUrl\":\"https:\\\/\\\/equideo.fr\\\/wp-content\\\/uploads\\\/2024\\\/08\\\/logo-equideo.png\",\"width\":650,\"height\":650,\"caption\":\"Equideo\"},\"image\":{\"@id\":\"https:\\\/\\\/equideo.fr\\\/#\\\/schema\\\/logo\\\/image\\\/\"},\"sameAs\":[\"https:\\\/\\\/www.facebook.com\\\/centrededucationequideo\",\"https:\\\/\\\/www.instagram.com\\\/centre_education_equideo\\\/\"]}]}<\/script>\n<!-- \/ Yoast SEO plugin. -->","yoast_head_json":{"title":"Replay Conf\u00e9rence : La G\u00e9n\u00e8se d'Equideo -","robots":{"index":"index","follow":"follow","max-snippet":"max-snippet:-1","max-image-preview":"max-image-preview:large","max-video-preview":"max-video-preview:-1"},"canonical":"https:\/\/equideo.fr\/en\/product\/replay-conference-la-genese-equideo\/","og_locale":"en_US","og_type":"article","og_title":"Replay Conf\u00e9rence : La G\u00e9n\u00e8se d'Equideo -","og_description":"La Gen\u00e8se d&#8217;Equideo : Cr\u00e9ation, R\u00e9flexion, Concepts et Vision Plongez au c\u0153ur de l\u2019histoire et de la vision de Sarah Fricoteaux \u00e0 l&#8217;origine d\u2019Equideo gr\u00e2ce \u00e0 cette conf\u00e9rence in\u00e9dite.D\u00e9couvrez comment ce projet est n\u00e9, les r\u00e9flexions qui ont guid\u00e9 sa cr\u00e9ation, et les concepts qui font aujourd\u2019hui l\u2019ADN d\u2019Equideo. Au programme : La cr\u00e9ation d\u2019Equideo [&hellip;]","og_url":"https:\/\/equideo.fr\/en\/product\/replay-conference-la-genese-equideo\/","article_publisher":"https:\/\/www.facebook.com\/centrededucationequideo","article_modified_time":"2026-01-22T10:52:27+00:00","og_image":[{"width":683,"height":1024,"url":"https:\/\/equideo.fr\/wp-content\/uploads\/2024\/02\/WhatsApp-Image-2023-12-12-a-19.03.44_5c5db84e.jpg","type":"image\/jpeg"}],"twitter_card":"summary_large_image","twitter_misc":{"Est. reading time":"2 minutes"},"schema":{"@context":"https:\/\/schema.org","@graph":[{"@type":"WebPage","@id":"https:\/\/equideo.fr\/produit\/replay-conference-la-genese-equideo","url":"https:\/\/equideo.fr\/produit\/replay-conference-la-genese-equideo","name":"Replay Conf\u00e9rence : La G\u00e9n\u00e8se d'Equideo -","isPartOf":{"@id":"https:\/\/equideo.fr\/#website"},"primaryImageOfPage":{"@id":"https:\/\/equideo.fr\/produit\/replay-conference-la-genese-equideo#primaryimage"},"image":{"@id":"https:\/\/equideo.fr\/produit\/replay-conference-la-genese-equideo#primaryimage"},"thumbnailUrl":"https:\/\/equideo.fr\/wp-content\/uploads\/2024\/02\/WhatsApp-Image-2023-12-12-a-19.03.44_5c5db84e.jpg","datePublished":"2026-01-22T10:39:16+00:00","dateModified":"2026-01-22T10:52:27+00:00","breadcrumb":{"@id":"https:\/\/equideo.fr\/produit\/replay-conference-la-genese-equideo#breadcrumb"},"inLanguage":"en-US","potentialAction":[{"@type":"ReadAction","target":["https:\/\/equideo.fr\/produit\/replay-conference-la-genese-equideo"]}]},{"@type":"ImageObject","inLanguage":"en-US","@id":"https:\/\/equideo.fr\/produit\/replay-conference-la-genese-equideo#primaryimage","url":"https:\/\/equideo.fr\/wp-content\/uploads\/2024\/02\/WhatsApp-Image-2023-12-12-a-19.03.44_5c5db84e.jpg","contentUrl":"https:\/\/equideo.fr\/wp-content\/uploads\/2024\/02\/WhatsApp-Image-2023-12-12-a-19.03.44_5c5db84e.jpg","width":683,"height":1024},{"@type":"BreadcrumbList","@id":"https:\/\/equideo.fr\/produit\/replay-conference-la-genese-equideo#breadcrumb","itemListElement":[{"@type":"ListItem","position":1,"name":"Accueil","item":"https:\/\/equideo.fr\/"},{"@type":"ListItem","position":2,"name":"Liste Produits","item":"https:\/\/equideo.fr\/?page_id=622"},{"@type":"ListItem","position":3,"name":"Replay Conf\u00e9rence : La G\u00e9n\u00e8se d&#8217;Equideo"}]},{"@type":"WebSite","@id":"https:\/\/equideo.fr\/#website","url":"https:\/\/equideo.fr\/","name":"Equideo.fr","description":"Equideo, training with psychology","publisher":{"@id":"https:\/\/equideo.fr\/#organization"},"alternateName":"Centre education Equideo","potentialAction":[{"@type":"SearchAction","target":{"@type":"EntryPoint","urlTemplate":"https:\/\/equideo.fr\/?s={search_term_string}"},"query-input":{"@type":"PropertyValueSpecification","valueRequired":true,"valueName":"search_term_string"}}],"inLanguage":"en-US"},{"@type":"Organization","@id":"https:\/\/equideo.fr\/#organization","name":"Equideo","url":"https:\/\/equideo.fr\/","logo":{"@type":"ImageObject","inLanguage":"en-US","@id":"https:\/\/equideo.fr\/#\/schema\/logo\/image\/","url":"https:\/\/equideo.fr\/wp-content\/uploads\/2024\/08\/logo-equideo.png","contentUrl":"https:\/\/equideo.fr\/wp-content\/uploads\/2024\/08\/logo-equideo.png","width":650,"height":650,"caption":"Equideo"},"image":{"@id":"https:\/\/equideo.fr\/#\/schema\/logo\/image\/"},"sameAs":["https:\/\/www.facebook.com\/centrededucationequideo","https:\/\/www.instagram.com\/centre_education_equideo\/"]}]}},"jetpack_sharing_enabled":true,"wcpa_form_fields":null,"_links":{"self":[{"href":"https:\/\/equideo.fr\/en\/wp-json\/wp\/v2\/product\/18287","targetHints":{"allow":["GET"]}}],"collection":[{"href":"https:\/\/equideo.fr\/en\/wp-json\/wp\/v2\/product"}],"about":[{"href":"https:\/\/equideo.fr\/en\/wp-json\/wp\/v2\/types\/product"}],"version-history":[{"count":1,"href":"https:\/\/equideo.fr\/en\/wp-json\/wp\/v2\/product\/18287\/revisions"}],"predecessor-version":[{"id":18288,"href":"https:\/\/equideo.fr\/en\/wp-json\/wp\/v2\/product\/18287\/revisions\/18288"}],"wp:featuredmedia":[{"embeddable":true,"href":"https:\/\/equideo.fr\/en\/wp-json\/wp\/v2\/media\/13863"}],"wp:attachment":[{"href":"https:\/\/equideo.fr\/en\/wp-json\/wp\/v2\/media?parent=18287"}],"wp:term":[{"taxonomy":"product_brand","embeddable":true,"href":"https:\/\/equideo.fr\/en\/wp-json\/wp\/v2\/product_brand?post=18287"},{"taxonomy":"product_cat","embeddable":true,"href":"https:\/\/equideo.fr\/en\/wp-json\/wp\/v2\/product_cat?post=18287"},{"taxonomy":"product_tag","embeddable":true,"href":"https:\/\/equideo.fr\/en\/wp-json\/wp\/v2\/product_tag?post=18287"}],"curies":[{"name":"wp","href":"https:\/\/api.w.org\/{rel}","templated":true}]}}