{"id":2299,"date":"2021-09-14T18:58:57","date_gmt":"2021-09-14T18:58:57","guid":{"rendered":"http:\/\/members.equideo.fr\/?post_type=product&#038;p=2299"},"modified":"2023-03-30T09:13:27","modified_gmt":"2023-03-30T09:13:27","slug":"carte-de-12-cours-comprend-2-cours-offerts","status":"publish","type":"product","link":"https:\/\/equideo.fr\/en\/product\/carte-de-12-cours-comprend-2-cours-offerts","title":{"rendered":"12-lesson pass (includes 2 free lessons)"},"content":{"rendered":"<p>This card is designed for riders seeking fast, consistent results and personalized guidance. It&#039;s for passionate riders who want to progress effectively and fully commit to their training with their horse. Regardless of your horse&#039;s age or your goals\u2014whether it&#039;s handling, physical development, emotional well-being, groundwork, or riding\u2014I will listen to your expectations and help you achieve your objectives. Lessons are available with an Equideo schoolmaster horse.<\/p>\n<p>The card is nominative and individual.<\/p>\n<p>It must be presented at each class to be stamped.<\/p>\n<p>The card is valid for one year from the date of issue. You can choose your lesson frequency according to your availability, whether intensive or spread out; regularity is the key to success. The card will be delivered to your stable during your first lesson or you can pick it up at the Equid\u00e9o Training Center.<\/p>\n<h3>What awaits you:<\/h3>\n<p>More than just riding lessons, coaching with Sarah Fricoteaux offers a deeper understanding of your horse&#039;s psychology and behavior, revealing a wealth of details in each session that make all the difference to your relationship and partnership with your horse. Lessons begin on the ground and then progress to riding, following a precise program tailored to your needs and expectations.<\/p>\n<p>The goal is to make your horse a happy athlete, not just an obedient one. We want a truly motivated and willing partner, eager to do things with you, and who constantly asks questions. Communication means taking into account the needs and, above all, the feelings of the other. Let&#039;s explore together how to make your horse this happy athlete.<\/p>\n<h3>What Sarah teaches:<\/h3>\n<ul>\n<li>Connect with your horse&#039;s mind<\/li>\n<li>It encourages relaxation and responsiveness to subtle cues.<\/li>\n<li>Develop your horse&#039;s confidence: in himself, in you (his rider), in the environment, with other horses, and in learning new things.<\/li>\n<li>Evolve with a horse that is self-supporting and allows its rider to regulate its speed<\/li>\n<li>Develop your horse&#039;s physique and flexibility<\/li>\n<li>Achieve harmony and performance with a happy horse, whatever discipline you choose.<\/li>\n<\/ul>\n<h3>Special conditions:<\/h3>\n<ul>\n<li>Lessons must be booked and paid for in advance. Bookings can be made by email, phone, direct message, or through the Equideo app. Payment for lessons can be made in the shop or on-site (for lesson passes only; individual lessons cannot be paid for on-site), or by card, PayPal, or bank transfer.<\/li>\n<li>I travel to stables for groups of 3 or more horses, or for 3 or more lessons on-site. Just make your arrangements, and I&#039;ll be happy to come to your stable. Benefits: you can attend your friends&#039; lessons, you reduce travel costs by sharing, it&#039;s motivating and helps you progress faster than learning in a group, and you&#039;ll see a wider range of riding situations. Important: the stable manager must be notified and must give their permission for my visit!<\/li>\n<li>You arrive at least 30 minutes early to take the time to connect with your horse (or one of ours), say hello, synchronize with him, prepare him, etc. <strong>When you start with us, fetching your horse, safely passing through gates, knowing the proper knots, performing a polite grooming, how to set up and adjust the equipment, etc., is already part of the course!<\/strong> Some lessons will not take place in the arena, for example, but in the horse paddock, on the preparation area, in the wash stall, etc. Training with a horse begins from the moment you already have it in sight and have an intention of interacting with it, even without having crossed the gate of the paddock.<\/li>\n<li>When we have assessed your autonomy to go and connect to the park with your horse, to bring it back, and then prepare it politely and safely, then you will be able to do it alone.<\/li>\n<li>If you are late, the class will end on time, otherwise you will make my day late!<\/li>\n<li>Horse riding is an outdoor sport, so dress accordingly. Lessons may be rescheduled in case of heavy rain, or adapted (ground exercises in the stable, riding posture lessons, etc.).<\/li>\n<li>Sometimes questions come to you after I&#039;ve left, or when you get home. I&#039;m always available to answer them in the mobile app, by email, or by message. Please also feel free to jot down any questions you may have about horses before your visit or before we meet, either on paper or on your phone. There are no silly questions, so don&#039;t leave them unanswered.<\/li>\n<\/ul>\n<h3>Equideo Member Benefits:<\/h3>\n<p>Members of Equideo online courses receive a 10% discount on the shop&#039;s public price (payment by bank transfer, PayPal to contact@equideo.fr, or by credit card in person at our location or at your stable when you receive your card). Please note that this discount does not apply to travel expenses; remember to add these to your payment.<\/p>","protected":false},"excerpt":{"rendered":"<p>This card is designed for riders seeking fast, consistent results and personalized support, whether you choose group or private lessons. Are you subscribed to our online course platform and want to put your learning into practice on-site or at home? Take advantage of our special rates!<\/p>","protected":false},"featured_media":11549,"template":"","meta":{"ocean_post_layout":"","ocean_both_sidebars_style":"","ocean_both_sidebars_content_width":0,"ocean_both_sidebars_sidebars_width":0,"ocean_sidebar":"0","ocean_second_sidebar":"0","ocean_disable_margins":"enable","ocean_add_body_class":"","ocean_shortcode_before_top_bar":"","ocean_shortcode_after_top_bar":"","ocean_shortcode_before_header":"","ocean_shortcode_after_header":"","ocean_has_shortcode":"","ocean_shortcode_after_title":"","ocean_shortcode_before_footer_widgets":"","ocean_shortcode_after_footer_widgets":"","ocean_shortcode_before_footer_bottom":"","ocean_shortcode_after_footer_bottom":"","ocean_display_top_bar":"default","ocean_display_header":"default","ocean_header_style":"","ocean_center_header_left_menu":"0","ocean_custom_header_template":"0","ocean_custom_logo":0,"ocean_custom_retina_logo":0,"ocean_custom_logo_max_width":0,"ocean_custom_logo_tablet_max_width":0,"ocean_custom_logo_mobile_max_width":0,"ocean_custom_logo_max_height":0,"ocean_custom_logo_tablet_max_height":0,"ocean_custom_logo_mobile_max_height":0,"ocean_header_custom_menu":"0","ocean_menu_typo_font_family":"0","ocean_menu_typo_font_subset":"","ocean_menu_typo_font_size":0,"ocean_menu_typo_font_size_tablet":0,"ocean_menu_typo_font_size_mobile":0,"ocean_menu_typo_font_size_unit":"px","ocean_menu_typo_font_weight":"","ocean_menu_typo_font_weight_tablet":"","ocean_menu_typo_font_weight_mobile":"","ocean_menu_typo_transform":"","ocean_menu_typo_transform_tablet":"","ocean_menu_typo_transform_mobile":"","ocean_menu_typo_line_height":0,"ocean_menu_typo_line_height_tablet":0,"ocean_menu_typo_line_height_mobile":0,"ocean_menu_typo_line_height_unit":"","ocean_menu_typo_spacing":0,"ocean_menu_typo_spacing_tablet":0,"ocean_menu_typo_spacing_mobile":0,"ocean_menu_typo_spacing_unit":"","ocean_menu_link_color":"","ocean_menu_link_color_hover":"","ocean_menu_link_color_active":"","ocean_menu_link_background":"","ocean_menu_link_hover_background":"","ocean_menu_link_active_background":"","ocean_menu_social_links_bg":"","ocean_menu_social_hover_links_bg":"","ocean_menu_social_links_color":"","ocean_menu_social_hover_links_color":"","ocean_disable_title":"default","ocean_disable_heading":"default","ocean_post_title":"","ocean_post_subheading":"","ocean_post_title_style":"","ocean_post_title_background_color":"","ocean_post_title_background":0,"ocean_post_title_bg_image_position":"","ocean_post_title_bg_image_attachment":"","ocean_post_title_bg_image_repeat":"","ocean_post_title_bg_image_size":"","ocean_post_title_height":0,"ocean_post_title_bg_overlay":0.5,"ocean_post_title_bg_overlay_color":"","ocean_disable_breadcrumbs":"default","ocean_breadcrumbs_color":"","ocean_breadcrumbs_separator_color":"","ocean_breadcrumbs_links_color":"","ocean_breadcrumbs_links_hover_color":"","ocean_display_footer_widgets":"default","ocean_display_footer_bottom":"default","ocean_custom_footer_template":"0"},"product_brand":[],"product_cat":[22],"product_tag":[],"class_list":{"0":"post-2299","1":"product","2":"type-product","3":"status-publish","4":"has-post-thumbnail","6":"product_cat-coaching","8":"entry","9":"has-media","10":"wcpa_has_options","12":"first","13":"instock","14":"virtual","15":"taxable","16":"purchasable","17":"product-type-simple","18":"has-product-nav","19":"col","20":"span_1_of_4","21":"owp-content-center","22":"owp-thumbs-layout-horizontal","23":"owp-btn-big","24":"owp-tabs-layout-horizontal","26":"circle-sale"},"yoast_head":"<!-- This site is optimized with the Yoast SEO plugin v27.5 - https:\/\/yoast.com\/product\/yoast-seo-wordpress\/ -->\n<title>Carte de 12 cours (comprend 2 cours offerts) -<\/title>\n<meta name=\"robots\" content=\"index, follow, max-snippet:-1, max-image-preview:large, max-video-preview:-1\" \/>\n<link rel=\"canonical\" href=\"https:\/\/equideo.fr\/en\/product\/carte-de-12-cours-comprend-2-cours-offerts\/\" \/>\n<meta property=\"og:locale\" content=\"en_US\" \/>\n<meta property=\"og:type\" content=\"article\" \/>\n<meta property=\"og:title\" content=\"Carte de 12 cours (comprend 2 cours offerts) -\" \/>\n<meta property=\"og:description\" content=\"Carte destin\u00e9e aux cavaliers souhaitant des r\u00e9sultats rapides, r\u00e9guliers et un accompagnement personnalis\u00e9, que vous choisissiez en cours collectif ou particulier. Vous \u00eates abonn\u00e9 \u00e0 notre plateforme de cours, et souhaitez mettre en pratique sur place ou chez vous vos apprentissages ? B\u00e9n\u00e9ficiez de tarifs avantageux !\" \/>\n<meta property=\"og:url\" content=\"https:\/\/equideo.fr\/en\/product\/carte-de-12-cours-comprend-2-cours-offerts\/\" \/>\n<meta property=\"article:publisher\" content=\"https:\/\/www.facebook.com\/centrededucationequideo\" \/>\n<meta property=\"article:modified_time\" content=\"2023-03-30T09:13:27+00:00\" \/>\n<meta property=\"og:image\" content=\"https:\/\/equideo.fr\/wp-content\/uploads\/2022\/07\/WhatsApp-Image-2022-07-02-at-11.43.27.jpeg\" \/>\n\t<meta property=\"og:image:width\" content=\"1600\" \/>\n\t<meta property=\"og:image:height\" content=\"1086\" \/>\n\t<meta property=\"og:image:type\" content=\"image\/jpeg\" \/>\n<meta name=\"twitter:card\" content=\"summary_large_image\" \/>\n<meta name=\"twitter:label1\" content=\"Est. reading time\" \/>\n\t<meta name=\"twitter:data1\" content=\"5 minutes\" \/>\n<script type=\"application\/ld+json\" class=\"yoast-schema-graph\">{\"@context\":\"https:\\\/\\\/schema.org\",\"@graph\":[{\"@type\":\"WebPage\",\"@id\":\"https:\\\/\\\/equideo.fr\\\/produit\\\/carte-de-12-cours-comprend-2-cours-offerts\",\"url\":\"https:\\\/\\\/equideo.fr\\\/produit\\\/carte-de-12-cours-comprend-2-cours-offerts\",\"name\":\"Carte de 12 cours (comprend 2 cours offerts) -\",\"isPartOf\":{\"@id\":\"https:\\\/\\\/equideo.fr\\\/#website\"},\"primaryImageOfPage\":{\"@id\":\"https:\\\/\\\/equideo.fr\\\/produit\\\/carte-de-12-cours-comprend-2-cours-offerts#primaryimage\"},\"image\":{\"@id\":\"https:\\\/\\\/equideo.fr\\\/produit\\\/carte-de-12-cours-comprend-2-cours-offerts#primaryimage\"},\"thumbnailUrl\":\"https:\\\/\\\/equideo.fr\\\/wp-content\\\/uploads\\\/2022\\\/07\\\/WhatsApp-Image-2022-07-02-at-11.43.27.jpeg\",\"datePublished\":\"2021-09-14T18:58:57+00:00\",\"dateModified\":\"2023-03-30T09:13:27+00:00\",\"breadcrumb\":{\"@id\":\"https:\\\/\\\/equideo.fr\\\/produit\\\/carte-de-12-cours-comprend-2-cours-offerts#breadcrumb\"},\"inLanguage\":\"en-US\",\"potentialAction\":[{\"@type\":\"ReadAction\",\"target\":[\"https:\\\/\\\/equideo.fr\\\/produit\\\/carte-de-12-cours-comprend-2-cours-offerts\"]}]},{\"@type\":\"ImageObject\",\"inLanguage\":\"en-US\",\"@id\":\"https:\\\/\\\/equideo.fr\\\/produit\\\/carte-de-12-cours-comprend-2-cours-offerts#primaryimage\",\"url\":\"https:\\\/\\\/equideo.fr\\\/wp-content\\\/uploads\\\/2022\\\/07\\\/WhatsApp-Image-2022-07-02-at-11.43.27.jpeg\",\"contentUrl\":\"https:\\\/\\\/equideo.fr\\\/wp-content\\\/uploads\\\/2022\\\/07\\\/WhatsApp-Image-2022-07-02-at-11.43.27.jpeg\",\"width\":1600,\"height\":1086},{\"@type\":\"BreadcrumbList\",\"@id\":\"https:\\\/\\\/equideo.fr\\\/produit\\\/carte-de-12-cours-comprend-2-cours-offerts#breadcrumb\",\"itemListElement\":[{\"@type\":\"ListItem\",\"position\":1,\"name\":\"Accueil\",\"item\":\"https:\\\/\\\/equideo.fr\\\/\"},{\"@type\":\"ListItem\",\"position\":2,\"name\":\"Liste Produits\",\"item\":\"https:\\\/\\\/equideo.fr\\\/?page_id=622\"},{\"@type\":\"ListItem\",\"position\":3,\"name\":\"Carte de 12 cours (comprend 2 cours offerts)\"}]},{\"@type\":\"WebSite\",\"@id\":\"https:\\\/\\\/equideo.fr\\\/#website\",\"url\":\"https:\\\/\\\/equideo.fr\\\/\",\"name\":\"Equideo.fr\",\"description\":\"Equideo, entra\u00eener avec psychologie\",\"publisher\":{\"@id\":\"https:\\\/\\\/equideo.fr\\\/#organization\"},\"alternateName\":\"Centre education Equideo\",\"potentialAction\":[{\"@type\":\"SearchAction\",\"target\":{\"@type\":\"EntryPoint\",\"urlTemplate\":\"https:\\\/\\\/equideo.fr\\\/?s={search_term_string}\"},\"query-input\":{\"@type\":\"PropertyValueSpecification\",\"valueRequired\":true,\"valueName\":\"search_term_string\"}}],\"inLanguage\":\"en-US\"},{\"@type\":\"Organization\",\"@id\":\"https:\\\/\\\/equideo.fr\\\/#organization\",\"name\":\"Equideo\",\"url\":\"https:\\\/\\\/equideo.fr\\\/\",\"logo\":{\"@type\":\"ImageObject\",\"inLanguage\":\"en-US\",\"@id\":\"https:\\\/\\\/equideo.fr\\\/#\\\/schema\\\/logo\\\/image\\\/\",\"url\":\"https:\\\/\\\/equideo.fr\\\/wp-content\\\/uploads\\\/2024\\\/08\\\/logo-equideo.png\",\"contentUrl\":\"https:\\\/\\\/equideo.fr\\\/wp-content\\\/uploads\\\/2024\\\/08\\\/logo-equideo.png\",\"width\":650,\"height\":650,\"caption\":\"Equideo\"},\"image\":{\"@id\":\"https:\\\/\\\/equideo.fr\\\/#\\\/schema\\\/logo\\\/image\\\/\"},\"sameAs\":[\"https:\\\/\\\/www.facebook.com\\\/centrededucationequideo\",\"https:\\\/\\\/www.instagram.com\\\/centre_education_equideo\\\/\"]}]}<\/script>\n<!-- \/ Yoast SEO plugin. -->","yoast_head_json":{"title":"Carte de 12 cours (comprend 2 cours offerts) -","robots":{"index":"index","follow":"follow","max-snippet":"max-snippet:-1","max-image-preview":"max-image-preview:large","max-video-preview":"max-video-preview:-1"},"canonical":"https:\/\/equideo.fr\/en\/product\/carte-de-12-cours-comprend-2-cours-offerts\/","og_locale":"en_US","og_type":"article","og_title":"Carte de 12 cours (comprend 2 cours offerts) -","og_description":"Carte destin\u00e9e aux cavaliers souhaitant des r\u00e9sultats rapides, r\u00e9guliers et un accompagnement personnalis\u00e9, que vous choisissiez en cours collectif ou particulier. Vous \u00eates abonn\u00e9 \u00e0 notre plateforme de cours, et souhaitez mettre en pratique sur place ou chez vous vos apprentissages ? B\u00e9n\u00e9ficiez de tarifs avantageux !","og_url":"https:\/\/equideo.fr\/en\/product\/carte-de-12-cours-comprend-2-cours-offerts\/","article_publisher":"https:\/\/www.facebook.com\/centrededucationequideo","article_modified_time":"2023-03-30T09:13:27+00:00","og_image":[{"width":1600,"height":1086,"url":"https:\/\/equideo.fr\/wp-content\/uploads\/2022\/07\/WhatsApp-Image-2022-07-02-at-11.43.27.jpeg","type":"image\/jpeg"}],"twitter_card":"summary_large_image","twitter_misc":{"Est. reading time":"5 minutes"},"schema":{"@context":"https:\/\/schema.org","@graph":[{"@type":"WebPage","@id":"https:\/\/equideo.fr\/produit\/carte-de-12-cours-comprend-2-cours-offerts","url":"https:\/\/equideo.fr\/produit\/carte-de-12-cours-comprend-2-cours-offerts","name":"Carte de 12 cours (comprend 2 cours offerts) -","isPartOf":{"@id":"https:\/\/equideo.fr\/#website"},"primaryImageOfPage":{"@id":"https:\/\/equideo.fr\/produit\/carte-de-12-cours-comprend-2-cours-offerts#primaryimage"},"image":{"@id":"https:\/\/equideo.fr\/produit\/carte-de-12-cours-comprend-2-cours-offerts#primaryimage"},"thumbnailUrl":"https:\/\/equideo.fr\/wp-content\/uploads\/2022\/07\/WhatsApp-Image-2022-07-02-at-11.43.27.jpeg","datePublished":"2021-09-14T18:58:57+00:00","dateModified":"2023-03-30T09:13:27+00:00","breadcrumb":{"@id":"https:\/\/equideo.fr\/produit\/carte-de-12-cours-comprend-2-cours-offerts#breadcrumb"},"inLanguage":"en-US","potentialAction":[{"@type":"ReadAction","target":["https:\/\/equideo.fr\/produit\/carte-de-12-cours-comprend-2-cours-offerts"]}]},{"@type":"ImageObject","inLanguage":"en-US","@id":"https:\/\/equideo.fr\/produit\/carte-de-12-cours-comprend-2-cours-offerts#primaryimage","url":"https:\/\/equideo.fr\/wp-content\/uploads\/2022\/07\/WhatsApp-Image-2022-07-02-at-11.43.27.jpeg","contentUrl":"https:\/\/equideo.fr\/wp-content\/uploads\/2022\/07\/WhatsApp-Image-2022-07-02-at-11.43.27.jpeg","width":1600,"height":1086},{"@type":"BreadcrumbList","@id":"https:\/\/equideo.fr\/produit\/carte-de-12-cours-comprend-2-cours-offerts#breadcrumb","itemListElement":[{"@type":"ListItem","position":1,"name":"Accueil","item":"https:\/\/equideo.fr\/"},{"@type":"ListItem","position":2,"name":"Liste Produits","item":"https:\/\/equideo.fr\/?page_id=622"},{"@type":"ListItem","position":3,"name":"Carte de 12 cours (comprend 2 cours offerts)"}]},{"@type":"WebSite","@id":"https:\/\/equideo.fr\/#website","url":"https:\/\/equideo.fr\/","name":"Equideo.fr","description":"Equideo, training with psychology","publisher":{"@id":"https:\/\/equideo.fr\/#organization"},"alternateName":"Centre education Equideo","potentialAction":[{"@type":"SearchAction","target":{"@type":"EntryPoint","urlTemplate":"https:\/\/equideo.fr\/?s={search_term_string}"},"query-input":{"@type":"PropertyValueSpecification","valueRequired":true,"valueName":"search_term_string"}}],"inLanguage":"en-US"},{"@type":"Organization","@id":"https:\/\/equideo.fr\/#organization","name":"Equideo","url":"https:\/\/equideo.fr\/","logo":{"@type":"ImageObject","inLanguage":"en-US","@id":"https:\/\/equideo.fr\/#\/schema\/logo\/image\/","url":"https:\/\/equideo.fr\/wp-content\/uploads\/2024\/08\/logo-equideo.png","contentUrl":"https:\/\/equideo.fr\/wp-content\/uploads\/2024\/08\/logo-equideo.png","width":650,"height":650,"caption":"Equideo"},"image":{"@id":"https:\/\/equideo.fr\/#\/schema\/logo\/image\/"},"sameAs":["https:\/\/www.facebook.com\/centrededucationequideo","https:\/\/www.instagram.com\/centre_education_equideo\/"]}]}},"jetpack_sharing_enabled":true,"wcpa_form_fields":{"wcpaData":{"product":{"product_price":1390,"price_html":"<span class=\"woocommerce-Price-amount amount\"><bdi>1390,00&nbsp;<span class=\"woocommerce-Price-currencySymbol\">&euro;<\/span><\/bdi><\/span>","original_product_price":1390,"price_including_tax":1390,"price_excluding_tax":1158.333333,"product_id":{"parent":2299,"variation":false},"is_variable":false,"stock_status":"instock","stock_quantity":null,"parent_sku":"2299","product_attributes":[],"custom_fields":[],"is_taxable":true,"product_name":"Carte de 12 cours (comprend 2 cours offerts)","hasImage":false},"fields":{"sec_66513df1076add":{"extra":{"key":"sec_66513df1076add","section_id":"sec_66513df1076add","name":"Default","status":1,"cl_rule":"show","enableCl":false,"relations":[],"toggle":true,"title_tag":"h3","show_title":false,"showPrice":"default","form_id":12983,"form_rules":{"exclude_from_discount":false,"fee_label":"Frais","disp_hide_options_price":false,"disp_show_section_price":false,"disp_show_field_price":true,"layout_option":"standard","pric_use_as_fee":false,"process_fee_as":"woo_fee"},"layout_option":"standard"},"fields":[[{"label":"Je suis membre Equideo (je b\u00e9n\u00e9ficie de 10% de r\u00e9duction)","active":true,"elementId":"select-8011139761","dropdown_type":"basic","tooltip":"","name":"select-8011139761","enablePrice":true,"relations":false,"values":[{"label":"Oui","value":"option-1","price":"90","pimage":"","pimage_id":"","pthumb":"","gt_translate_keys":["label"]},{"label":"Non","value":"option-2","price":"100","pimage":"","pimage_id":"","pthumb":"","selected":true,"gt_translate_keys":["label"]}],"priceOptions":"different_for_all","pricingType":"percentage","price":0,"cl_rule":"show","col":6,"type":"select","error":false,"gt_translate_keys":["label","tooltip"],"price_dependency":false,"cl_dependency":false,"value":""}]]},"sec_569fb5917ed03d":{"extra":{"key":"sec_569fb5917ed03d","section_id":"sec_569fb5917ed03d","name":"Default","status":1,"cl_rule":"show","enableCl":false,"relations":[],"toggle":true,"title_tag":"h3","show_title":false,"showPrice":"default","form_id":9343,"form_rules":{"exclude_from_discount":false,"fee_label":"Frais","disp_hide_options_price":false,"disp_show_section_price":false,"disp_show_field_price":true,"layout_option":"standard","pric_use_as_fee":false,"process_fee_as":"woo_fee"},"layout_option":"standard"},"fields":[[{"type":"header","subtype":"h1","label":"Options","elementId":"wcpa-header-1648052642981","cl_rule":"show","col":6,"relations":false,"active":true,"tooltip":"","gt_translate_keys":["label","tooltip"],"price_dependency":false,"cl_dependency":false,"value":""}],[{"type":"select","elementId":"wcpa-select-1648589474069","label":"Avec un cheval maitre d'\u00e9cole Equid\u00e9o ?","enablePrice":true,"priceOptions":"different_for_all","pricingType":"fixed","name":"select-1648589474069","cl_rule":"show","col":6,"values":[{"label":"Oui","value":"option-1","price":"120","pimage":"","pimage_id":"","pthumb":"","gt_translate_keys":["label"]},{"label":"Non","value":"option-2","price":"0","pimage":"","pimage_id":"","pthumb":"","gt_translate_keys":["label"]}],"relations":false,"price":0,"active":true,"tooltip":"","gt_translate_keys":["label","tooltip"],"price_dependency":false,"cl_dependency":false,"value":""}],[{"type":"radio-group","elementId":"wcpa-radio-group-1648053877857","label":"La s\u00e9ance aura t'elle lieu au Centre d'\u00e9ducation Equideo ?","priceOptions":"different_for_all","pricingType":"fixed","name":"radio-group-1648053877857","other_text":"Other","cl_rule":"show","col":6,"values":[{"label":"Oui","value":"oui","price":"","pimage":"","pimage_id":"","pthumb":"","gt_translate_keys":["label"]},{"label":"Non","value":"non","price":"","pimage":"","pimage_id":"","pthumb":"","gt_translate_keys":["label"]}],"relations":false,"active":true,"tooltip":"","layOut":"","gt_translate_keys":["label","tooltip"],"price_dependency":false,"cl_dependency":["wcpa-select-1648053017717","wcpa-number-1648053669857"],"value":""}],[{"type":"select","elementId":"wcpa-select-1648053017717","label":"Distance en km d'un aller-retour","description":"A quelle distance d\u2019Equid\u00e9o aura lieu le cours ? (Attention calculer aller + retour !)","enablePrice":true,"priceOptions":"different_for_all","pricingType":"fixed","is_show_price":true,"name":"select-1648053017717","enableCl":true,"cl_rule":"show","cl_val":"non","col":6,"values":[{"label":"de 10 km \u00e0 20 km","value":"option-2","price":"18","pimage":"","pimage_id":"","pthumb":"","selected":true,"gt_translate_keys":["label"]},{"label":"de 20 km \u00e0 30 km","value":"option-3","price":"30","pimage":"","pimage_id":"","pthumb":"","gt_translate_keys":["label"]},{"label":"de 30 km \u00e0 40 km","value":"option-4","price":"42","pimage":"","pimage_id":"","pthumb":"","gt_translate_keys":["label"]},{"label":"de 40 km \u00e0 50 km","value":"option-5","price":"54","pimage":"","pimage_id":"","pthumb":"","gt_translate_keys":["label"]},{"label":"de 50 km \u00e0 60 km","value":"option-6","price":"66","pimage":"","pimage_id":"","pthumb":"","gt_translate_keys":["label"]},{"label":"de 60 km \u00e0 70 km","value":"option-7","price":"78","pimage":"","pimage_id":"","pthumb":"","gt_translate_keys":["label"]},{"label":"de 70 km \u00e0 80 km","value":"option-8","price":"90","pimage":"","pimage_id":"","pthumb":"","gt_translate_keys":["label"]},{"label":"de 80 km \u00e0 90 km","value":"option-9","price":"102","pimage":"","pimage_id":"","pthumb":"","gt_translate_keys":["label"]},{"label":"de 90 km \u00e0 100 km","value":"option-100","price":"114","pimage":"","pimage_id":"","pthumb":"","gt_translate_keys":["label"]}],"relations":[{"operator":false,"rules":[{"operator":false,"rules":{"cl_field":"wcpa-radio-group-1648053877857","cl_relation":"is","cl_val":"non"}}]}],"price":0,"active":true,"tooltip":"","gt_translate_keys":["label","description","tooltip"],"price_dependency":["wcpa-number-1648053669857"],"cl_dependency":false,"value":""}],[{"type":"number","elementId":"wcpa-number-1648053669857","label":"Nombre de cours chez vous ou dans votre \u00e9curie","placeholder":"1","enablePrice":true,"pricingType":"custom","price":"{field.wcpa-select-1648053017717.price}*{value}","min":"1","max":"12","name":"number-1648053669857","enableCl":true,"cl_rule":"show","cl_val":"non","col":6,"relations":[{"operator":false,"rules":[{"operator":false,"rules":{"cl_field":"wcpa-radio-group-1648053877857","cl_relation":"is","cl_val":"non"}}]}],"active":true,"tooltip":"","gt_translate_keys":["label","placeholder","tooltip"],"price_dependency":false,"cl_dependency":false,"value":""}]]}},"config":{"price_override":"if_gt_zero","enable_recaptcha":false,"bind_quantity":false,"quantity_bind_formula":false,"disp_summ_show_option_price":true,"disp_summ_show_product_price":true,"disp_summ_show_total_price":true,"disp_summ_show_fee":false,"disp_summ_show_discount":false,"summary_title":"","options_total_label":"Options de Prix","total_label":"Total","options_product_label":"Prix produit","fee_label":"Frais","discount_label":"Discount","has_price":true,"has_quantity_formula":false},"mc_unit":1,"tax_rate":1,"tax_rate_real":0.2,"discount":{"percentage":0,"fixed":0},"design":{"conf":{"LabelPosition":"above","DescPosition":"above","UploadField":"custom_1","QuantityFieldStyle":"default"},"css":{"LeftLabelWidth":"120px"}},"formulas":[],"lookuptables":[],"clones":false,"cartKey":false}},"_links":{"self":[{"href":"https:\/\/equideo.fr\/en\/wp-json\/wp\/v2\/product\/2299","targetHints":{"allow":["GET"]}}],"collection":[{"href":"https:\/\/equideo.fr\/en\/wp-json\/wp\/v2\/product"}],"about":[{"href":"https:\/\/equideo.fr\/en\/wp-json\/wp\/v2\/types\/product"}],"version-history":[{"count":8,"href":"https:\/\/equideo.fr\/en\/wp-json\/wp\/v2\/product\/2299\/revisions"}],"predecessor-version":[{"id":13007,"href":"https:\/\/equideo.fr\/en\/wp-json\/wp\/v2\/product\/2299\/revisions\/13007"}],"wp:featuredmedia":[{"embeddable":true,"href":"https:\/\/equideo.fr\/en\/wp-json\/wp\/v2\/media\/11549"}],"wp:attachment":[{"href":"https:\/\/equideo.fr\/en\/wp-json\/wp\/v2\/media?parent=2299"}],"wp:term":[{"taxonomy":"product_brand","embeddable":true,"href":"https:\/\/equideo.fr\/en\/wp-json\/wp\/v2\/product_brand?post=2299"},{"taxonomy":"product_cat","embeddable":true,"href":"https:\/\/equideo.fr\/en\/wp-json\/wp\/v2\/product_cat?post=2299"},{"taxonomy":"product_tag","embeddable":true,"href":"https:\/\/equideo.fr\/en\/wp-json\/wp\/v2\/product_tag?post=2299"}],"curies":[{"name":"wp","href":"https:\/\/api.w.org\/{rel}","templated":true}]}}