{"id":4188,"date":"2021-11-11T22:42:26","date_gmt":"2021-11-11T22:42:26","guid":{"rendered":"https:\/\/members.equideo.fr\/?post_type=product&#038;p=4188"},"modified":"2023-03-30T08:41:46","modified_gmt":"2023-03-30T08:41:46","slug":"veste-dhiver-haute-qualite-equideo","status":"publish","type":"product","link":"https:\/\/equideo.fr\/en\/product\/veste-dhiver-haute-qualite-equideo","title":{"rendered":"Equideo High Quality Unisex Winter Jacket"},"content":{"rendered":"<p>High-quality, windproof technical winter jacket. It&#039;s the jacket we never take off as soon as the winter cold arrives. Numerous large interior and exterior pockets. Wrist covers. High collar. Fleece lining. Breathable underarm zips. Slim fit, unisex. Eco-friendly jacket made with recycled materials.<\/p>\n<div>3-layer bonded fabric. Outer layer: 93%\u00a0<a class=\"tt-tooltip-btn link\" href=\"https:\/\/www.toptex.fr\/veste-softshell-activity.html#POLYESTER\">polyester<\/a>\u00a0\/ 7% elastane. Mid-layer: 1000 g\/m\u00b2\/24h breathable TPU membrane with 8000 mm waterproof rating. Inner layer: microfleece. Azo-free materials. Durable water-repellent and windproof finish. Two spacious front zippered pockets, one internal phone pocket. Internal stretch cuff with thumb hole. Adjustable drawcord at the waist. Internal storm flap. Zippered underarm vents with mesh bottoms.<\/div>\n<div><\/div>\n<div>Collect your products at the Equid\u00e9o Centre and don&#039;t pay for shipping and packaging!<\/div>","protected":false},"excerpt":{"rendered":"<p>Veste technique coupe vent hivernale de haute qualit\u00e9. C&#8217;est la veste que nous ne quittons jamais d\u00e8s le froid hivernal arriv\u00e9. Nombreuses grandes poches int\u00e9rieures et ext\u00e9rieures. Couvre poignet. Col haut. Int\u00e9rieur polaire. Zip respirant sous les manches. Coupe pr\u00e8s du corps, unisexe. Veste \u00e9coresponsable avec des mat\u00e9riaux recycl\u00e9s. Tissu contrecoll\u00e9 3 couches. Couche ext\u00e9rieure [&hellip;]<\/p>\n","protected":false},"featured_media":2466,"template":"","meta":{"ocean_post_layout":"","ocean_both_sidebars_style":"","ocean_both_sidebars_content_width":0,"ocean_both_sidebars_sidebars_width":0,"ocean_sidebar":"0","ocean_second_sidebar":"0","ocean_disable_margins":"enable","ocean_add_body_class":"","ocean_shortcode_before_top_bar":"","ocean_shortcode_after_top_bar":"","ocean_shortcode_before_header":"","ocean_shortcode_after_header":"","ocean_has_shortcode":"","ocean_shortcode_after_title":"","ocean_shortcode_before_footer_widgets":"","ocean_shortcode_after_footer_widgets":"","ocean_shortcode_before_footer_bottom":"","ocean_shortcode_after_footer_bottom":"","ocean_display_top_bar":"default","ocean_display_header":"default","ocean_header_style":"","ocean_center_header_left_menu":"0","ocean_custom_header_template":"0","ocean_custom_logo":0,"ocean_custom_retina_logo":0,"ocean_custom_logo_max_width":0,"ocean_custom_logo_tablet_max_width":0,"ocean_custom_logo_mobile_max_width":0,"ocean_custom_logo_max_height":0,"ocean_custom_logo_tablet_max_height":0,"ocean_custom_logo_mobile_max_height":0,"ocean_header_custom_menu":"0","ocean_menu_typo_font_family":"0","ocean_menu_typo_font_subset":"","ocean_menu_typo_font_size":0,"ocean_menu_typo_font_size_tablet":0,"ocean_menu_typo_font_size_mobile":0,"ocean_menu_typo_font_size_unit":"px","ocean_menu_typo_font_weight":"","ocean_menu_typo_font_weight_tablet":"","ocean_menu_typo_font_weight_mobile":"","ocean_menu_typo_transform":"","ocean_menu_typo_transform_tablet":"","ocean_menu_typo_transform_mobile":"","ocean_menu_typo_line_height":0,"ocean_menu_typo_line_height_tablet":0,"ocean_menu_typo_line_height_mobile":0,"ocean_menu_typo_line_height_unit":"","ocean_menu_typo_spacing":0,"ocean_menu_typo_spacing_tablet":0,"ocean_menu_typo_spacing_mobile":0,"ocean_menu_typo_spacing_unit":"","ocean_menu_link_color":"","ocean_menu_link_color_hover":"","ocean_menu_link_color_active":"","ocean_menu_link_background":"","ocean_menu_link_hover_background":"","ocean_menu_link_active_background":"","ocean_menu_social_links_bg":"","ocean_menu_social_hover_links_bg":"","ocean_menu_social_links_color":"","ocean_menu_social_hover_links_color":"","ocean_disable_title":"default","ocean_disable_heading":"default","ocean_post_title":"","ocean_post_subheading":"","ocean_post_title_style":"","ocean_post_title_background_color":"","ocean_post_title_background":0,"ocean_post_title_bg_image_position":"","ocean_post_title_bg_image_attachment":"","ocean_post_title_bg_image_repeat":"","ocean_post_title_bg_image_size":"","ocean_post_title_height":0,"ocean_post_title_bg_overlay":0.5,"ocean_post_title_bg_overlay_color":"","ocean_disable_breadcrumbs":"default","ocean_breadcrumbs_color":"","ocean_breadcrumbs_separator_color":"","ocean_breadcrumbs_links_color":"","ocean_breadcrumbs_links_hover_color":"","ocean_display_footer_widgets":"default","ocean_display_footer_bottom":"default","ocean_custom_footer_template":"0"},"product_brand":[],"product_cat":[31],"product_tag":[],"class_list":{"0":"post-4188","1":"product","2":"type-product","3":"status-publish","4":"has-post-thumbnail","6":"product_cat-livres","8":"entry","9":"has-media","10":"wcpa_has_options","12":"first","13":"instock","14":"taxable","15":"shipping-taxable","16":"purchasable","17":"product-type-simple","18":"has-product-nav","19":"col","20":"span_1_of_4","21":"owp-content-center","22":"owp-thumbs-layout-horizontal","23":"owp-btn-big","24":"owp-tabs-layout-horizontal","26":"circle-sale"},"yoast_head":"<!-- This site is optimized with the Yoast SEO plugin v27.5 - https:\/\/yoast.com\/product\/yoast-seo-wordpress\/ -->\n<title>Veste d&#039;hiver unisexe Haute qualit\u00e9 Equid\u00e9o -<\/title>\n<meta name=\"robots\" content=\"index, follow, max-snippet:-1, max-image-preview:large, max-video-preview:-1\" \/>\n<link rel=\"canonical\" href=\"https:\/\/equideo.fr\/en\/product\/veste-dhiver-haute-qualite-equideo\/\" \/>\n<meta property=\"og:locale\" content=\"en_US\" \/>\n<meta property=\"og:type\" content=\"article\" \/>\n<meta property=\"og:title\" content=\"Veste d&#039;hiver unisexe Haute qualit\u00e9 Equid\u00e9o -\" \/>\n<meta property=\"og:description\" content=\"Veste technique coupe vent hivernale de haute qualit\u00e9. C&#8217;est la veste que nous ne quittons jamais d\u00e8s le froid hivernal arriv\u00e9. Nombreuses grandes poches int\u00e9rieures et ext\u00e9rieures. Couvre poignet. Col haut. Int\u00e9rieur polaire. Zip respirant sous les manches. Coupe pr\u00e8s du corps, unisexe. Veste \u00e9coresponsable avec des mat\u00e9riaux recycl\u00e9s. Tissu contrecoll\u00e9 3 couches. Couche ext\u00e9rieure [&hellip;]\" \/>\n<meta property=\"og:url\" content=\"https:\/\/equideo.fr\/en\/product\/veste-dhiver-haute-qualite-equideo\/\" \/>\n<meta property=\"article:publisher\" content=\"https:\/\/www.facebook.com\/centrededucationequideo\" \/>\n<meta property=\"article:modified_time\" content=\"2023-03-30T08:41:46+00:00\" \/>\n<meta property=\"og:image\" content=\"https:\/\/equideo.fr\/wp-content\/uploads\/2021\/10\/IMG_1053-LR-scaled.jpg\" \/>\n\t<meta property=\"og:image:width\" content=\"1707\" \/>\n\t<meta property=\"og:image:height\" content=\"2560\" \/>\n\t<meta property=\"og:image:type\" content=\"image\/jpeg\" \/>\n<meta name=\"twitter:card\" content=\"summary_large_image\" \/>\n<meta name=\"twitter:label1\" content=\"Est. reading time\" \/>\n\t<meta name=\"twitter:data1\" content=\"1 minute\" \/>\n<script type=\"application\/ld+json\" class=\"yoast-schema-graph\">{\"@context\":\"https:\\\/\\\/schema.org\",\"@graph\":[{\"@type\":\"WebPage\",\"@id\":\"https:\\\/\\\/equideo.fr\\\/produit\\\/veste-dhiver-haute-qualite-equideo\",\"url\":\"https:\\\/\\\/equideo.fr\\\/produit\\\/veste-dhiver-haute-qualite-equideo\",\"name\":\"Veste d'hiver unisexe Haute qualit\u00e9 Equid\u00e9o -\",\"isPartOf\":{\"@id\":\"https:\\\/\\\/equideo.fr\\\/#website\"},\"primaryImageOfPage\":{\"@id\":\"https:\\\/\\\/equideo.fr\\\/produit\\\/veste-dhiver-haute-qualite-equideo#primaryimage\"},\"image\":{\"@id\":\"https:\\\/\\\/equideo.fr\\\/produit\\\/veste-dhiver-haute-qualite-equideo#primaryimage\"},\"thumbnailUrl\":\"https:\\\/\\\/equideo.fr\\\/wp-content\\\/uploads\\\/2021\\\/10\\\/IMG_1053-LR-scaled.jpg\",\"datePublished\":\"2021-11-11T22:42:26+00:00\",\"dateModified\":\"2023-03-30T08:41:46+00:00\",\"breadcrumb\":{\"@id\":\"https:\\\/\\\/equideo.fr\\\/produit\\\/veste-dhiver-haute-qualite-equideo#breadcrumb\"},\"inLanguage\":\"en-US\",\"potentialAction\":[{\"@type\":\"ReadAction\",\"target\":[\"https:\\\/\\\/equideo.fr\\\/produit\\\/veste-dhiver-haute-qualite-equideo\"]}]},{\"@type\":\"ImageObject\",\"inLanguage\":\"en-US\",\"@id\":\"https:\\\/\\\/equideo.fr\\\/produit\\\/veste-dhiver-haute-qualite-equideo#primaryimage\",\"url\":\"https:\\\/\\\/equideo.fr\\\/wp-content\\\/uploads\\\/2021\\\/10\\\/IMG_1053-LR-scaled.jpg\",\"contentUrl\":\"https:\\\/\\\/equideo.fr\\\/wp-content\\\/uploads\\\/2021\\\/10\\\/IMG_1053-LR-scaled.jpg\",\"width\":1707,\"height\":2560},{\"@type\":\"BreadcrumbList\",\"@id\":\"https:\\\/\\\/equideo.fr\\\/produit\\\/veste-dhiver-haute-qualite-equideo#breadcrumb\",\"itemListElement\":[{\"@type\":\"ListItem\",\"position\":1,\"name\":\"Accueil\",\"item\":\"https:\\\/\\\/equideo.fr\\\/\"},{\"@type\":\"ListItem\",\"position\":2,\"name\":\"Liste Produits\",\"item\":\"https:\\\/\\\/equideo.fr\\\/?page_id=622\"},{\"@type\":\"ListItem\",\"position\":3,\"name\":\"Veste d&#8217;hiver unisexe Haute qualit\u00e9 Equid\u00e9o\"}]},{\"@type\":\"WebSite\",\"@id\":\"https:\\\/\\\/equideo.fr\\\/#website\",\"url\":\"https:\\\/\\\/equideo.fr\\\/\",\"name\":\"Equideo.fr\",\"description\":\"Equideo, entra\u00eener avec psychologie\",\"publisher\":{\"@id\":\"https:\\\/\\\/equideo.fr\\\/#organization\"},\"alternateName\":\"Centre education Equideo\",\"potentialAction\":[{\"@type\":\"SearchAction\",\"target\":{\"@type\":\"EntryPoint\",\"urlTemplate\":\"https:\\\/\\\/equideo.fr\\\/?s={search_term_string}\"},\"query-input\":{\"@type\":\"PropertyValueSpecification\",\"valueRequired\":true,\"valueName\":\"search_term_string\"}}],\"inLanguage\":\"en-US\"},{\"@type\":\"Organization\",\"@id\":\"https:\\\/\\\/equideo.fr\\\/#organization\",\"name\":\"Equideo\",\"url\":\"https:\\\/\\\/equideo.fr\\\/\",\"logo\":{\"@type\":\"ImageObject\",\"inLanguage\":\"en-US\",\"@id\":\"https:\\\/\\\/equideo.fr\\\/#\\\/schema\\\/logo\\\/image\\\/\",\"url\":\"https:\\\/\\\/equideo.fr\\\/wp-content\\\/uploads\\\/2024\\\/08\\\/logo-equideo.png\",\"contentUrl\":\"https:\\\/\\\/equideo.fr\\\/wp-content\\\/uploads\\\/2024\\\/08\\\/logo-equideo.png\",\"width\":650,\"height\":650,\"caption\":\"Equideo\"},\"image\":{\"@id\":\"https:\\\/\\\/equideo.fr\\\/#\\\/schema\\\/logo\\\/image\\\/\"},\"sameAs\":[\"https:\\\/\\\/www.facebook.com\\\/centrededucationequideo\",\"https:\\\/\\\/www.instagram.com\\\/centre_education_equideo\\\/\"]}]}<\/script>\n<!-- \/ Yoast SEO plugin. -->","yoast_head_json":{"title":"Veste d'hiver unisexe Haute qualit\u00e9 Equid\u00e9o -","robots":{"index":"index","follow":"follow","max-snippet":"max-snippet:-1","max-image-preview":"max-image-preview:large","max-video-preview":"max-video-preview:-1"},"canonical":"https:\/\/equideo.fr\/en\/product\/veste-dhiver-haute-qualite-equideo\/","og_locale":"en_US","og_type":"article","og_title":"Veste d'hiver unisexe Haute qualit\u00e9 Equid\u00e9o -","og_description":"Veste technique coupe vent hivernale de haute qualit\u00e9. C&#8217;est la veste que nous ne quittons jamais d\u00e8s le froid hivernal arriv\u00e9. Nombreuses grandes poches int\u00e9rieures et ext\u00e9rieures. Couvre poignet. Col haut. Int\u00e9rieur polaire. Zip respirant sous les manches. Coupe pr\u00e8s du corps, unisexe. Veste \u00e9coresponsable avec des mat\u00e9riaux recycl\u00e9s. Tissu contrecoll\u00e9 3 couches. Couche ext\u00e9rieure [&hellip;]","og_url":"https:\/\/equideo.fr\/en\/product\/veste-dhiver-haute-qualite-equideo\/","article_publisher":"https:\/\/www.facebook.com\/centrededucationequideo","article_modified_time":"2023-03-30T08:41:46+00:00","og_image":[{"width":1707,"height":2560,"url":"https:\/\/equideo.fr\/wp-content\/uploads\/2021\/10\/IMG_1053-LR-scaled.jpg","type":"image\/jpeg"}],"twitter_card":"summary_large_image","twitter_misc":{"Est. reading time":"1 minute"},"schema":{"@context":"https:\/\/schema.org","@graph":[{"@type":"WebPage","@id":"https:\/\/equideo.fr\/produit\/veste-dhiver-haute-qualite-equideo","url":"https:\/\/equideo.fr\/produit\/veste-dhiver-haute-qualite-equideo","name":"Veste d'hiver unisexe Haute qualit\u00e9 Equid\u00e9o -","isPartOf":{"@id":"https:\/\/equideo.fr\/#website"},"primaryImageOfPage":{"@id":"https:\/\/equideo.fr\/produit\/veste-dhiver-haute-qualite-equideo#primaryimage"},"image":{"@id":"https:\/\/equideo.fr\/produit\/veste-dhiver-haute-qualite-equideo#primaryimage"},"thumbnailUrl":"https:\/\/equideo.fr\/wp-content\/uploads\/2021\/10\/IMG_1053-LR-scaled.jpg","datePublished":"2021-11-11T22:42:26+00:00","dateModified":"2023-03-30T08:41:46+00:00","breadcrumb":{"@id":"https:\/\/equideo.fr\/produit\/veste-dhiver-haute-qualite-equideo#breadcrumb"},"inLanguage":"en-US","potentialAction":[{"@type":"ReadAction","target":["https:\/\/equideo.fr\/produit\/veste-dhiver-haute-qualite-equideo"]}]},{"@type":"ImageObject","inLanguage":"en-US","@id":"https:\/\/equideo.fr\/produit\/veste-dhiver-haute-qualite-equideo#primaryimage","url":"https:\/\/equideo.fr\/wp-content\/uploads\/2021\/10\/IMG_1053-LR-scaled.jpg","contentUrl":"https:\/\/equideo.fr\/wp-content\/uploads\/2021\/10\/IMG_1053-LR-scaled.jpg","width":1707,"height":2560},{"@type":"BreadcrumbList","@id":"https:\/\/equideo.fr\/produit\/veste-dhiver-haute-qualite-equideo#breadcrumb","itemListElement":[{"@type":"ListItem","position":1,"name":"Accueil","item":"https:\/\/equideo.fr\/"},{"@type":"ListItem","position":2,"name":"Liste Produits","item":"https:\/\/equideo.fr\/?page_id=622"},{"@type":"ListItem","position":3,"name":"Veste d&#8217;hiver unisexe Haute qualit\u00e9 Equid\u00e9o"}]},{"@type":"WebSite","@id":"https:\/\/equideo.fr\/#website","url":"https:\/\/equideo.fr\/","name":"Equideo.fr","description":"Equideo, training with psychology","publisher":{"@id":"https:\/\/equideo.fr\/#organization"},"alternateName":"Centre education Equideo","potentialAction":[{"@type":"SearchAction","target":{"@type":"EntryPoint","urlTemplate":"https:\/\/equideo.fr\/?s={search_term_string}"},"query-input":{"@type":"PropertyValueSpecification","valueRequired":true,"valueName":"search_term_string"}}],"inLanguage":"en-US"},{"@type":"Organization","@id":"https:\/\/equideo.fr\/#organization","name":"Equideo","url":"https:\/\/equideo.fr\/","logo":{"@type":"ImageObject","inLanguage":"en-US","@id":"https:\/\/equideo.fr\/#\/schema\/logo\/image\/","url":"https:\/\/equideo.fr\/wp-content\/uploads\/2024\/08\/logo-equideo.png","contentUrl":"https:\/\/equideo.fr\/wp-content\/uploads\/2024\/08\/logo-equideo.png","width":650,"height":650,"caption":"Equideo"},"image":{"@id":"https:\/\/equideo.fr\/#\/schema\/logo\/image\/"},"sameAs":["https:\/\/www.facebook.com\/centrededucationequideo","https:\/\/www.instagram.com\/centre_education_equideo\/"]}]}},"jetpack_sharing_enabled":true,"wcpa_form_fields":{"wcpaData":{"product":{"product_price":119.9,"price_html":"<span class=\"woocommerce-Price-amount amount\"><bdi>119,90&nbsp;<span class=\"woocommerce-Price-currencySymbol\">&euro;<\/span><\/bdi><\/span>","original_product_price":119.9,"price_including_tax":119.9,"price_excluding_tax":99.916667,"product_id":{"parent":4188,"variation":false},"is_variable":false,"stock_status":"instock","stock_quantity":null,"parent_sku":"4188","product_attributes":{"pa_taille":{"is_variation":false,"values":["l","m","s","xl","xs","xxl"]}},"custom_fields":[],"is_taxable":true,"product_name":"Veste d'hiver unisexe Haute qualit\u00e9 Equid\u00e9o","hasImage":false},"fields":{"sec_66513df1076add":{"extra":{"key":"sec_66513df1076add","section_id":"sec_66513df1076add","name":"Default","status":1,"cl_rule":"show","enableCl":false,"relations":[],"toggle":true,"title_tag":"h3","show_title":false,"showPrice":"default","form_id":12983,"form_rules":{"exclude_from_discount":false,"fee_label":"Frais","disp_hide_options_price":false,"disp_show_section_price":false,"disp_show_field_price":true,"layout_option":"standard","pric_use_as_fee":false,"process_fee_as":"woo_fee"},"layout_option":"standard"},"fields":[[{"label":"Je suis membre Equideo (je b\u00e9n\u00e9ficie de 10% de r\u00e9duction)","active":true,"elementId":"select-8011139761","dropdown_type":"basic","tooltip":"","name":"select-8011139761","enablePrice":true,"relations":false,"values":[{"label":"Oui","value":"option-1","price":"90","pimage":"","pimage_id":"","pthumb":"","gt_translate_keys":["label"]},{"label":"Non","value":"option-2","price":"100","pimage":"","pimage_id":"","pthumb":"","selected":true,"gt_translate_keys":["label"]}],"priceOptions":"different_for_all","pricingType":"percentage","price":0,"cl_rule":"show","col":6,"type":"select","error":false,"gt_translate_keys":["label","tooltip"],"price_dependency":false,"cl_dependency":false,"value":""}]]}},"config":{"price_override":"if_gt_zero","enable_recaptcha":false,"bind_quantity":false,"quantity_bind_formula":false,"disp_summ_show_option_price":true,"disp_summ_show_product_price":true,"disp_summ_show_total_price":true,"disp_summ_show_fee":false,"disp_summ_show_discount":false,"summary_title":"","options_total_label":"Options de Prix","total_label":"Total","options_product_label":"Prix produit","fee_label":"Frais","discount_label":"Discount","has_price":true,"has_quantity_formula":false},"mc_unit":1,"tax_rate":1,"tax_rate_real":0.2,"discount":{"percentage":0,"fixed":0},"design":{"conf":{"LabelPosition":"above","DescPosition":"above","UploadField":"custom_1","QuantityFieldStyle":"default"},"css":{"LeftLabelWidth":"120px"}},"formulas":[],"lookuptables":[],"clones":false,"cartKey":false}},"_links":{"self":[{"href":"https:\/\/equideo.fr\/en\/wp-json\/wp\/v2\/product\/4188","targetHints":{"allow":["GET"]}}],"collection":[{"href":"https:\/\/equideo.fr\/en\/wp-json\/wp\/v2\/product"}],"about":[{"href":"https:\/\/equideo.fr\/en\/wp-json\/wp\/v2\/types\/product"}],"version-history":[{"count":3,"href":"https:\/\/equideo.fr\/en\/wp-json\/wp\/v2\/product\/4188\/revisions"}],"predecessor-version":[{"id":5727,"href":"https:\/\/equideo.fr\/en\/wp-json\/wp\/v2\/product\/4188\/revisions\/5727"}],"wp:featuredmedia":[{"embeddable":true,"href":"https:\/\/equideo.fr\/en\/wp-json\/wp\/v2\/media\/2466"}],"wp:attachment":[{"href":"https:\/\/equideo.fr\/en\/wp-json\/wp\/v2\/media?parent=4188"}],"wp:term":[{"taxonomy":"product_brand","embeddable":true,"href":"https:\/\/equideo.fr\/en\/wp-json\/wp\/v2\/product_brand?post=4188"},{"taxonomy":"product_cat","embeddable":true,"href":"https:\/\/equideo.fr\/en\/wp-json\/wp\/v2\/product_cat?post=4188"},{"taxonomy":"product_tag","embeddable":true,"href":"https:\/\/equideo.fr\/en\/wp-json\/wp\/v2\/product_tag?post=4188"}],"curies":[{"name":"wp","href":"https:\/\/api.w.org\/{rel}","templated":true}]}}