{"id":4387,"date":"2021-11-14T17:07:42","date_gmt":"2021-11-14T17:07:42","guid":{"rendered":"https:\/\/members.equideo.fr\/?post_type=product&#038;p=4387"},"modified":"2023-06-18T16:00:45","modified_gmt":"2023-06-18T16:00:45","slug":"travail-du-cheval-a-la-seance","status":"publish","type":"product","link":"https:\/\/equideo.fr\/en\/product\/travail-du-cheval-a-la-seance","title":{"rendered":"Training your horse with Sarah Fricoteaux"},"content":{"rendered":"<p>A problem to solve?<\/p>\n<p>A stagnation that you don&#039;t understand?<\/p>\n<p>Do you want Sarah to develop your horse&#039;s knowledge to reach a new level of progress?<\/p>\n<p>Book your session here and choose the training location for your horse: at the Equideo Center or at your own stables. It&#039;s the perfect opportunity to discover effective strategies, understand what it means to train with psychology, develop new skills for your horse, and learn by watching your instructor practice.<\/p>\n<h4>In practice:<\/h4>\n<ul>\n<li>The session lasts 1 hour and is tailored to your horse&#039;s mental, emotional, and physical needs. Any additional hours, provided they are booked with the owner&#039;s prior consent, will be charged.<\/li>\n<\/ul>\n<p>&nbsp;<\/p>\n<ul>\n<li>The horse is prepared beforehand by its owner: grooming, saddle, etc., unless the problems concern these elements.<\/li>\n<\/ul>\n<p>&nbsp;<\/p>\n<ul>\n<li>Horse training sessions can be ticked off on your 12 or 20 lesson cards if you have one.<\/li>\n<\/ul>\n<p>&nbsp;<\/p>\n<ul>\n<li>Equideo members can book a FREE consultation with Sarah to address a specific issue, and they allow the session to be filmed to support their online training. Only travel expenses are charged (\u20ac0.60\/kilometer).<\/li>\n<\/ul>","protected":false},"excerpt":{"rendered":"<p>Un probl\u00e8me \u00e0 r\u00e9soudre ? Une stagnation que vous ne comprenez pas ? Vous souhaitez que Sarah d\u00e9veloppe les connaissances de votre cheval pour atteindre un nouveau palier de progression ? R\u00e9servez votre s\u00e9ance ici et choisissez le lieu d&#8217;entra\u00eenement pour votre cheval : au Centre Equideo ou bien dans vos \u00e9curies. L&#8217;occasion id\u00e9ale pour [&hellip;]<\/p>\n","protected":false},"featured_media":3928,"template":"","meta":{"ocean_post_layout":"","ocean_both_sidebars_style":"","ocean_both_sidebars_content_width":0,"ocean_both_sidebars_sidebars_width":0,"ocean_sidebar":"0","ocean_second_sidebar":"0","ocean_disable_margins":"enable","ocean_add_body_class":"","ocean_shortcode_before_top_bar":"","ocean_shortcode_after_top_bar":"","ocean_shortcode_before_header":"","ocean_shortcode_after_header":"","ocean_has_shortcode":"","ocean_shortcode_after_title":"","ocean_shortcode_before_footer_widgets":"","ocean_shortcode_after_footer_widgets":"","ocean_shortcode_before_footer_bottom":"","ocean_shortcode_after_footer_bottom":"","ocean_display_top_bar":"default","ocean_display_header":"default","ocean_header_style":"","ocean_center_header_left_menu":"0","ocean_custom_header_template":"0","ocean_custom_logo":0,"ocean_custom_retina_logo":0,"ocean_custom_logo_max_width":0,"ocean_custom_logo_tablet_max_width":0,"ocean_custom_logo_mobile_max_width":0,"ocean_custom_logo_max_height":0,"ocean_custom_logo_tablet_max_height":0,"ocean_custom_logo_mobile_max_height":0,"ocean_header_custom_menu":"0","ocean_menu_typo_font_family":"0","ocean_menu_typo_font_subset":"","ocean_menu_typo_font_size":0,"ocean_menu_typo_font_size_tablet":0,"ocean_menu_typo_font_size_mobile":0,"ocean_menu_typo_font_size_unit":"px","ocean_menu_typo_font_weight":"","ocean_menu_typo_font_weight_tablet":"","ocean_menu_typo_font_weight_mobile":"","ocean_menu_typo_transform":"","ocean_menu_typo_transform_tablet":"","ocean_menu_typo_transform_mobile":"","ocean_menu_typo_line_height":0,"ocean_menu_typo_line_height_tablet":0,"ocean_menu_typo_line_height_mobile":0,"ocean_menu_typo_line_height_unit":"","ocean_menu_typo_spacing":0,"ocean_menu_typo_spacing_tablet":0,"ocean_menu_typo_spacing_mobile":0,"ocean_menu_typo_spacing_unit":"","ocean_menu_link_color":"","ocean_menu_link_color_hover":"","ocean_menu_link_color_active":"","ocean_menu_link_background":"","ocean_menu_link_hover_background":"","ocean_menu_link_active_background":"","ocean_menu_social_links_bg":"","ocean_menu_social_hover_links_bg":"","ocean_menu_social_links_color":"","ocean_menu_social_hover_links_color":"","ocean_disable_title":"default","ocean_disable_heading":"default","ocean_post_title":"","ocean_post_subheading":"","ocean_post_title_style":"","ocean_post_title_background_color":"","ocean_post_title_background":0,"ocean_post_title_bg_image_position":"","ocean_post_title_bg_image_attachment":"","ocean_post_title_bg_image_repeat":"","ocean_post_title_bg_image_size":"","ocean_post_title_height":0,"ocean_post_title_bg_overlay":0.5,"ocean_post_title_bg_overlay_color":"","ocean_disable_breadcrumbs":"default","ocean_breadcrumbs_color":"","ocean_breadcrumbs_separator_color":"","ocean_breadcrumbs_links_color":"","ocean_breadcrumbs_links_hover_color":"","ocean_display_footer_widgets":"default","ocean_display_footer_bottom":"default","ocean_custom_footer_template":"0"},"product_brand":[],"product_cat":[21,22],"product_tag":[],"class_list":{"0":"post-4387","1":"product","2":"type-product","3":"status-publish","4":"has-post-thumbnail","6":"product_cat-travail-du-cheval","7":"product_cat-coaching","9":"entry","10":"has-media","11":"wcpa_has_options","13":"first","14":"instock","15":"taxable","16":"shipping-taxable","17":"purchasable","18":"product-type-simple","19":"has-product-nav","20":"col","21":"span_1_of_4","22":"owp-content-center","23":"owp-thumbs-layout-horizontal","24":"owp-btn-big","25":"owp-tabs-layout-horizontal","27":"circle-sale"},"yoast_head":"<!-- This site is optimized with the Yoast SEO plugin v27.5 - https:\/\/yoast.com\/product\/yoast-seo-wordpress\/ -->\n<title>Entra\u00eenement de votre cheval par Sarah Fricoteaux -<\/title>\n<meta name=\"robots\" content=\"index, follow, max-snippet:-1, max-image-preview:large, max-video-preview:-1\" \/>\n<link rel=\"canonical\" href=\"https:\/\/equideo.fr\/en\/product\/travail-du-cheval-a-la-seance\/\" \/>\n<meta property=\"og:locale\" content=\"en_US\" \/>\n<meta property=\"og:type\" content=\"article\" \/>\n<meta property=\"og:title\" content=\"Entra\u00eenement de votre cheval par Sarah Fricoteaux -\" \/>\n<meta property=\"og:description\" content=\"Un probl\u00e8me \u00e0 r\u00e9soudre ? Une stagnation que vous ne comprenez pas ? Vous souhaitez que Sarah d\u00e9veloppe les connaissances de votre cheval pour atteindre un nouveau palier de progression ? R\u00e9servez votre s\u00e9ance ici et choisissez le lieu d&#8217;entra\u00eenement pour votre cheval : au Centre Equideo ou bien dans vos \u00e9curies. L&#8217;occasion id\u00e9ale pour [&hellip;]\" \/>\n<meta property=\"og:url\" content=\"https:\/\/equideo.fr\/en\/product\/travail-du-cheval-a-la-seance\/\" \/>\n<meta property=\"article:publisher\" content=\"https:\/\/www.facebook.com\/centrededucationequideo\" \/>\n<meta property=\"article:modified_time\" content=\"2023-06-18T16:00:45+00:00\" \/>\n<meta property=\"og:image\" content=\"https:\/\/equideo.fr\/wp-content\/uploads\/2021\/10\/IMG_7070-LR-scaled.jpg\" \/>\n\t<meta property=\"og:image:width\" content=\"2560\" \/>\n\t<meta property=\"og:image:height\" content=\"1707\" \/>\n\t<meta property=\"og:image:type\" content=\"image\/jpeg\" \/>\n<meta name=\"twitter:card\" content=\"summary_large_image\" \/>\n<meta name=\"twitter:label1\" content=\"Est. reading time\" \/>\n\t<meta name=\"twitter:data1\" content=\"1 minute\" \/>\n<script type=\"application\/ld+json\" class=\"yoast-schema-graph\">{\"@context\":\"https:\\\/\\\/schema.org\",\"@graph\":[{\"@type\":\"WebPage\",\"@id\":\"https:\\\/\\\/equideo.fr\\\/produit\\\/travail-du-cheval-a-la-seance\",\"url\":\"https:\\\/\\\/equideo.fr\\\/produit\\\/travail-du-cheval-a-la-seance\",\"name\":\"Entra\u00eenement de votre cheval par Sarah Fricoteaux -\",\"isPartOf\":{\"@id\":\"https:\\\/\\\/equideo.fr\\\/#website\"},\"primaryImageOfPage\":{\"@id\":\"https:\\\/\\\/equideo.fr\\\/produit\\\/travail-du-cheval-a-la-seance#primaryimage\"},\"image\":{\"@id\":\"https:\\\/\\\/equideo.fr\\\/produit\\\/travail-du-cheval-a-la-seance#primaryimage\"},\"thumbnailUrl\":\"https:\\\/\\\/equideo.fr\\\/wp-content\\\/uploads\\\/2021\\\/10\\\/IMG_7070-LR-scaled.jpg\",\"datePublished\":\"2021-11-14T17:07:42+00:00\",\"dateModified\":\"2023-06-18T16:00:45+00:00\",\"breadcrumb\":{\"@id\":\"https:\\\/\\\/equideo.fr\\\/produit\\\/travail-du-cheval-a-la-seance#breadcrumb\"},\"inLanguage\":\"en-US\",\"potentialAction\":[{\"@type\":\"ReadAction\",\"target\":[\"https:\\\/\\\/equideo.fr\\\/produit\\\/travail-du-cheval-a-la-seance\"]}]},{\"@type\":\"ImageObject\",\"inLanguage\":\"en-US\",\"@id\":\"https:\\\/\\\/equideo.fr\\\/produit\\\/travail-du-cheval-a-la-seance#primaryimage\",\"url\":\"https:\\\/\\\/equideo.fr\\\/wp-content\\\/uploads\\\/2021\\\/10\\\/IMG_7070-LR-scaled.jpg\",\"contentUrl\":\"https:\\\/\\\/equideo.fr\\\/wp-content\\\/uploads\\\/2021\\\/10\\\/IMG_7070-LR-scaled.jpg\",\"width\":2560,\"height\":1707},{\"@type\":\"BreadcrumbList\",\"@id\":\"https:\\\/\\\/equideo.fr\\\/produit\\\/travail-du-cheval-a-la-seance#breadcrumb\",\"itemListElement\":[{\"@type\":\"ListItem\",\"position\":1,\"name\":\"Accueil\",\"item\":\"https:\\\/\\\/equideo.fr\\\/\"},{\"@type\":\"ListItem\",\"position\":2,\"name\":\"Liste Produits\",\"item\":\"https:\\\/\\\/equideo.fr\\\/?page_id=622\"},{\"@type\":\"ListItem\",\"position\":3,\"name\":\"Entra\u00eenement de votre cheval par Sarah Fricoteaux\"}]},{\"@type\":\"WebSite\",\"@id\":\"https:\\\/\\\/equideo.fr\\\/#website\",\"url\":\"https:\\\/\\\/equideo.fr\\\/\",\"name\":\"Equideo.fr\",\"description\":\"Equideo, entra\u00eener avec psychologie\",\"publisher\":{\"@id\":\"https:\\\/\\\/equideo.fr\\\/#organization\"},\"alternateName\":\"Centre education Equideo\",\"potentialAction\":[{\"@type\":\"SearchAction\",\"target\":{\"@type\":\"EntryPoint\",\"urlTemplate\":\"https:\\\/\\\/equideo.fr\\\/?s={search_term_string}\"},\"query-input\":{\"@type\":\"PropertyValueSpecification\",\"valueRequired\":true,\"valueName\":\"search_term_string\"}}],\"inLanguage\":\"en-US\"},{\"@type\":\"Organization\",\"@id\":\"https:\\\/\\\/equideo.fr\\\/#organization\",\"name\":\"Equideo\",\"url\":\"https:\\\/\\\/equideo.fr\\\/\",\"logo\":{\"@type\":\"ImageObject\",\"inLanguage\":\"en-US\",\"@id\":\"https:\\\/\\\/equideo.fr\\\/#\\\/schema\\\/logo\\\/image\\\/\",\"url\":\"https:\\\/\\\/equideo.fr\\\/wp-content\\\/uploads\\\/2024\\\/08\\\/logo-equideo.png\",\"contentUrl\":\"https:\\\/\\\/equideo.fr\\\/wp-content\\\/uploads\\\/2024\\\/08\\\/logo-equideo.png\",\"width\":650,\"height\":650,\"caption\":\"Equideo\"},\"image\":{\"@id\":\"https:\\\/\\\/equideo.fr\\\/#\\\/schema\\\/logo\\\/image\\\/\"},\"sameAs\":[\"https:\\\/\\\/www.facebook.com\\\/centrededucationequideo\",\"https:\\\/\\\/www.instagram.com\\\/centre_education_equideo\\\/\"]}]}<\/script>\n<!-- \/ Yoast SEO plugin. -->","yoast_head_json":{"title":"Entra\u00eenement de votre cheval par Sarah Fricoteaux -","robots":{"index":"index","follow":"follow","max-snippet":"max-snippet:-1","max-image-preview":"max-image-preview:large","max-video-preview":"max-video-preview:-1"},"canonical":"https:\/\/equideo.fr\/en\/product\/travail-du-cheval-a-la-seance\/","og_locale":"en_US","og_type":"article","og_title":"Entra\u00eenement de votre cheval par Sarah Fricoteaux -","og_description":"Un probl\u00e8me \u00e0 r\u00e9soudre ? Une stagnation que vous ne comprenez pas ? Vous souhaitez que Sarah d\u00e9veloppe les connaissances de votre cheval pour atteindre un nouveau palier de progression ? R\u00e9servez votre s\u00e9ance ici et choisissez le lieu d&#8217;entra\u00eenement pour votre cheval : au Centre Equideo ou bien dans vos \u00e9curies. L&#8217;occasion id\u00e9ale pour [&hellip;]","og_url":"https:\/\/equideo.fr\/en\/product\/travail-du-cheval-a-la-seance\/","article_publisher":"https:\/\/www.facebook.com\/centrededucationequideo","article_modified_time":"2023-06-18T16:00:45+00:00","og_image":[{"width":2560,"height":1707,"url":"https:\/\/equideo.fr\/wp-content\/uploads\/2021\/10\/IMG_7070-LR-scaled.jpg","type":"image\/jpeg"}],"twitter_card":"summary_large_image","twitter_misc":{"Est. reading time":"1 minute"},"schema":{"@context":"https:\/\/schema.org","@graph":[{"@type":"WebPage","@id":"https:\/\/equideo.fr\/produit\/travail-du-cheval-a-la-seance","url":"https:\/\/equideo.fr\/produit\/travail-du-cheval-a-la-seance","name":"Entra\u00eenement de votre cheval par Sarah Fricoteaux -","isPartOf":{"@id":"https:\/\/equideo.fr\/#website"},"primaryImageOfPage":{"@id":"https:\/\/equideo.fr\/produit\/travail-du-cheval-a-la-seance#primaryimage"},"image":{"@id":"https:\/\/equideo.fr\/produit\/travail-du-cheval-a-la-seance#primaryimage"},"thumbnailUrl":"https:\/\/equideo.fr\/wp-content\/uploads\/2021\/10\/IMG_7070-LR-scaled.jpg","datePublished":"2021-11-14T17:07:42+00:00","dateModified":"2023-06-18T16:00:45+00:00","breadcrumb":{"@id":"https:\/\/equideo.fr\/produit\/travail-du-cheval-a-la-seance#breadcrumb"},"inLanguage":"en-US","potentialAction":[{"@type":"ReadAction","target":["https:\/\/equideo.fr\/produit\/travail-du-cheval-a-la-seance"]}]},{"@type":"ImageObject","inLanguage":"en-US","@id":"https:\/\/equideo.fr\/produit\/travail-du-cheval-a-la-seance#primaryimage","url":"https:\/\/equideo.fr\/wp-content\/uploads\/2021\/10\/IMG_7070-LR-scaled.jpg","contentUrl":"https:\/\/equideo.fr\/wp-content\/uploads\/2021\/10\/IMG_7070-LR-scaled.jpg","width":2560,"height":1707},{"@type":"BreadcrumbList","@id":"https:\/\/equideo.fr\/produit\/travail-du-cheval-a-la-seance#breadcrumb","itemListElement":[{"@type":"ListItem","position":1,"name":"Accueil","item":"https:\/\/equideo.fr\/"},{"@type":"ListItem","position":2,"name":"Liste Produits","item":"https:\/\/equideo.fr\/?page_id=622"},{"@type":"ListItem","position":3,"name":"Entra\u00eenement de votre cheval par Sarah Fricoteaux"}]},{"@type":"WebSite","@id":"https:\/\/equideo.fr\/#website","url":"https:\/\/equideo.fr\/","name":"Equideo.fr","description":"Equideo, training with psychology","publisher":{"@id":"https:\/\/equideo.fr\/#organization"},"alternateName":"Centre education Equideo","potentialAction":[{"@type":"SearchAction","target":{"@type":"EntryPoint","urlTemplate":"https:\/\/equideo.fr\/?s={search_term_string}"},"query-input":{"@type":"PropertyValueSpecification","valueRequired":true,"valueName":"search_term_string"}}],"inLanguage":"en-US"},{"@type":"Organization","@id":"https:\/\/equideo.fr\/#organization","name":"Equideo","url":"https:\/\/equideo.fr\/","logo":{"@type":"ImageObject","inLanguage":"en-US","@id":"https:\/\/equideo.fr\/#\/schema\/logo\/image\/","url":"https:\/\/equideo.fr\/wp-content\/uploads\/2024\/08\/logo-equideo.png","contentUrl":"https:\/\/equideo.fr\/wp-content\/uploads\/2024\/08\/logo-equideo.png","width":650,"height":650,"caption":"Equideo"},"image":{"@id":"https:\/\/equideo.fr\/#\/schema\/logo\/image\/"},"sameAs":["https:\/\/www.facebook.com\/centrededucationequideo","https:\/\/www.instagram.com\/centre_education_equideo\/"]}]}},"jetpack_sharing_enabled":true,"wcpa_form_fields":{"wcpaData":{"product":{"product_price":165,"price_html":"<span class=\"woocommerce-Price-amount amount\"><bdi>165,00&nbsp;<span class=\"woocommerce-Price-currencySymbol\">&euro;<\/span><\/bdi><\/span>","original_product_price":165,"price_including_tax":165,"price_excluding_tax":137.5,"product_id":{"parent":4387,"variation":false},"is_variable":false,"stock_status":"instock","stock_quantity":null,"parent_sku":"4387","product_attributes":[],"custom_fields":[],"is_taxable":true,"product_name":"Entra\u00eenement de votre cheval par Sarah Fricoteaux","hasImage":false},"fields":{"sec_66513df1076add":{"extra":{"key":"sec_66513df1076add","section_id":"sec_66513df1076add","name":"Default","status":1,"cl_rule":"show","enableCl":false,"relations":[],"toggle":true,"title_tag":"h3","show_title":false,"showPrice":"default","form_id":12983,"form_rules":{"exclude_from_discount":false,"fee_label":"Frais","disp_hide_options_price":false,"disp_show_section_price":false,"disp_show_field_price":true,"layout_option":"standard","pric_use_as_fee":false,"process_fee_as":"woo_fee"},"layout_option":"standard"},"fields":[[{"label":"Je suis membre Equideo (je b\u00e9n\u00e9ficie de 10% de r\u00e9duction)","active":true,"elementId":"select-8011139761","dropdown_type":"basic","tooltip":"","name":"select-8011139761","enablePrice":true,"relations":false,"values":[{"label":"Oui","value":"option-1","price":"90","pimage":"","pimage_id":"","pthumb":"","gt_translate_keys":["label"]},{"label":"Non","value":"option-2","price":"100","pimage":"","pimage_id":"","pthumb":"","selected":true,"gt_translate_keys":["label"]}],"priceOptions":"different_for_all","pricingType":"percentage","price":0,"cl_rule":"show","col":6,"type":"select","error":false,"gt_translate_keys":["label","tooltip"],"price_dependency":false,"cl_dependency":false,"value":""}]]},"sec_2651fbfe128a3b":{"extra":{"key":"sec_2651fbfe128a3b","section_id":"sec_2651fbfe128a3b","name":"Default","status":1,"cl_rule":"show","enableCl":false,"relations":[],"toggle":true,"title_tag":"h3","show_title":false,"showPrice":"default","form_id":13314,"form_rules":{"exclude_from_discount":false,"fee_label":"Frais","disp_hide_options_price":false,"disp_show_section_price":false,"disp_show_field_price":true,"layout_option":"standard","pric_use_as_fee":false,"process_fee_as":"woo_fee"},"layout_option":"standard"},"fields":[[{"type":"header","subtype":"h2","label":"Options d\u00e9placement","elementId":"wcpa-header-648f2679df587","cl_rule":"show","col":6,"relations":false,"active":true,"tooltip":"","gt_translate_keys":["label","tooltip"],"price_dependency":false,"cl_dependency":false,"value":""}],[{"type":"radio-group","required":false,"elementId":"wcpa-radio-group-648f2679df5a3","label":"La s\u00e9ance aura t'elle lieu \u00e0 Equideo m\u00eame ?","priceOptions":"different_for_all","pricingType":"fixed","name":"radio-group-648f2679df5a9","other_text":"Other","cl_rule":"show","col":6,"values":[{"label":"Oui","value":"oui","price":"","pimage":"","pimage_id":"","pthumb":"","tempId":"aco_20","selected":true,"gt_translate_keys":["label"]},{"label":"Non","value":"non","price":"","pimage":"","pimage_id":"","pthumb":"","tempId":"aco_21","selected":false,"gt_translate_keys":["label"]}],"relations":[{"operator":false,"rules":[{"operator":false,"rules":{"cl_field":"0","cl_relation":"is","cl_val":false}}]}],"active":true,"tooltip":"","layOut":"","checkUi":"","error":false,"gt_translate_keys":["label","tooltip"],"price_dependency":false,"cl_dependency":["wcpa-select-648f2679df5b7"],"value":""}],[{"type":"select","elementId":"wcpa-select-648f2679df5b7","label":"Distance en kms par Aller-Retour (le tarif est calcul\u00e9 automatiquement pour l'Aller + le Retour)","description":"A quelle distance d'Equideo aura lieu le cours ? Pour les d\u00e9placements au del\u00e0 de 100kms, contact par mail ou t\u00e9l\u00e9phone au pr\u00e9alable.","enablePrice":true,"priceOptions":"different_for_all","pricingType":"custom","is_show_price":false,"name":"select-648f2679df5bb","enableCl":true,"cl_rule":"show","cl_val":"non","col":6,"values":[{"label":"de 10 km \u00e0 20 km","value":"option-2","price":"21","pimage":"","pimage_id":"","pthumb":"","selected":true,"gt_translate_keys":["label"]},{"label":"de 20 km \u00e0 30 km","value":"option-3","price":"33","pimage":"","pimage_id":"","pthumb":"","gt_translate_keys":["label"]},{"label":"de 30 km \u00e0 40 km","value":"option-4","price":"45","pimage":"","pimage_id":"","pthumb":"","gt_translate_keys":["label"]},{"label":"de 40 km \u00e0 50 km","value":"option-5","price":"57","pimage":"","pimage_id":"","pthumb":"","gt_translate_keys":["label"]},{"label":"de 50 km \u00e0 60 km","value":"option-6","price":"69","pimage":"","pimage_id":"","pthumb":"","gt_translate_keys":["label"]},{"label":"de 60 km \u00e0 70 km","value":"option-7","price":"81","pimage":"","pimage_id":"","pthumb":"","gt_translate_keys":["label"]},{"label":"de 70 km \u00e0 80 km","value":"option-8","price":"93","pimage":"","pimage_id":"","pthumb":"","gt_translate_keys":["label"]},{"label":"de 80 km \u00e0 90 km","value":"option-9","price":"105","pimage":"","pimage_id":"","pthumb":"","gt_translate_keys":["label"]},{"label":"de 90 km \u00e0 100 km","value":"option-100","price":"117","pimage":"","pimage_id":"","pthumb":"","gt_translate_keys":["label"]}],"relations":[{"operator":false,"rules":[{"operator":false,"rules":{"cl_field":"wcpa-radio-group-648f2679df5a3","cl_relation":"is","cl_val":"non"}}]}],"price":0,"active":true,"tooltip":"","isTemplate":false,"error":false,"gt_translate_keys":["label","description","tooltip"],"price_dependency":false,"cl_dependency":false,"value":""}]]}},"config":{"price_override":"if_gt_zero","enable_recaptcha":false,"bind_quantity":false,"quantity_bind_formula":false,"disp_summ_show_option_price":true,"disp_summ_show_product_price":true,"disp_summ_show_total_price":true,"disp_summ_show_fee":false,"disp_summ_show_discount":false,"summary_title":"","options_total_label":"Options de Prix","total_label":"Total","options_product_label":"Prix produit","fee_label":"Frais","discount_label":"Discount","has_price":true,"has_quantity_formula":false},"mc_unit":1,"tax_rate":1,"tax_rate_real":0.2,"discount":{"percentage":0,"fixed":0},"design":{"conf":{"LabelPosition":"above","DescPosition":"above","UploadField":"custom_1","QuantityFieldStyle":"default"},"css":{"LeftLabelWidth":"120px"}},"formulas":[],"lookuptables":[],"clones":false,"cartKey":false}},"_links":{"self":[{"href":"https:\/\/equideo.fr\/en\/wp-json\/wp\/v2\/product\/4387","targetHints":{"allow":["GET"]}}],"collection":[{"href":"https:\/\/equideo.fr\/en\/wp-json\/wp\/v2\/product"}],"about":[{"href":"https:\/\/equideo.fr\/en\/wp-json\/wp\/v2\/types\/product"}],"version-history":[{"count":6,"href":"https:\/\/equideo.fr\/en\/wp-json\/wp\/v2\/product\/4387\/revisions"}],"predecessor-version":[{"id":13302,"href":"https:\/\/equideo.fr\/en\/wp-json\/wp\/v2\/product\/4387\/revisions\/13302"}],"wp:featuredmedia":[{"embeddable":true,"href":"https:\/\/equideo.fr\/en\/wp-json\/wp\/v2\/media\/3928"}],"wp:attachment":[{"href":"https:\/\/equideo.fr\/en\/wp-json\/wp\/v2\/media?parent=4387"}],"wp:term":[{"taxonomy":"product_brand","embeddable":true,"href":"https:\/\/equideo.fr\/en\/wp-json\/wp\/v2\/product_brand?post=4387"},{"taxonomy":"product_cat","embeddable":true,"href":"https:\/\/equideo.fr\/en\/wp-json\/wp\/v2\/product_cat?post=4387"},{"taxonomy":"product_tag","embeddable":true,"href":"https:\/\/equideo.fr\/en\/wp-json\/wp\/v2\/product_tag?post=4387"}],"curies":[{"name":"wp","href":"https:\/\/api.w.org\/{rel}","templated":true}]}}